{"id":2731,"date":"2022-06-07T08:37:36","date_gmt":"2022-06-07T06:37:36","guid":{"rendered":"https:\/\/www.parthages.be\/eboutique\/?post_type=product&#038;p=2731"},"modified":"2022-06-07T08:37:37","modified_gmt":"2022-06-07T06:37:37","slug":"comprendre-et-traiter-la-maladie-de-parkinson","status":"publish","type":"product","link":"https:\/\/www.parthages.be\/eboutique\/produit\/comprendre-et-traiter-la-maladie-de-parkinson\/","title":{"rendered":"Comprendre et traiter la maladie de Parkinson"},"content":{"rendered":"<p>Qu&rsquo;est-ce que la maladie de Parkinson? Quels en sont les causes? Comment la diagnostiquer? Existe-t&rsquo;il des traitements efficaces? Comment la contr\u00f4ler l&rsquo;\u00e9volution de cette maladie?<\/p>\n<p>Cet ouvrage est con\u00e7u comme guide didactique et pratique. Il offre aux patients parkinsoniens et \u00e0 leur entourage les r\u00e9ponses \u00e0 toutes les questions qu&rsquo;ils se posent sur cette affection chronique. (Pr\u00e9sentation de l\u2019\u00e9diteur)<\/p>\n<p>VIOLON P.<\/p>\n<p>Vivio<\/p>\n<p>2005-78p.<\/p>\n<p>ISBN\u00a0: 2-930365-16-1<\/p>\n<p>Cote doc: 1-70-VIO-C-2<\/p>\n<p><strong><em>Uniquement \u00e0 la location<\/em><\/strong><\/p>\n<span class=\"et_bloom_bottom_trigger\"><\/span>","protected":false},"excerpt":{"rendered":"<p>Qu&rsquo;est-ce que la maladie de Parkinson? Quels en sont les causes? Comment la diagnostiquer? Existe-t&rsquo;il des traitements efficaces? Comment la contr\u00f4ler l&rsquo;\u00e9volution de cette maladie?<\/p>\n","protected":false},"featured_media":2732,"comment_status":"closed","ping_status":"closed","template":"","meta":{"_et_pb_use_builder":"","_et_pb_old_content":"","_et_gb_content_width":"","spay_email":""},"class_list":["post-2731","product","type-product","status-publish","has-post-thumbnail","hentry","product_cat-livres","product_tag-diagnostic","product_tag-maladie-neurologique","product_tag-medicament","product_tag-parkinson","product_tag-personne-handicapee","product_tag-soins"],"jetpack_sharing_enabled":true,"jetpack_likes_enabled":true,"_links":{"self":[{"href":"https:\/\/www.parthages.be\/eboutique\/wp-json\/wp\/v2\/product\/2731","targetHints":{"allow":["GET"]}}],"collection":[{"href":"https:\/\/www.parthages.be\/eboutique\/wp-json\/wp\/v2\/product"}],"about":[{"href":"https:\/\/www.parthages.be\/eboutique\/wp-json\/wp\/v2\/types\/product"}],"replies":[{"embeddable":true,"href":"https:\/\/www.parthages.be\/eboutique\/wp-json\/wp\/v2\/comments?post=2731"}],"wp:featuredmedia":[{"embeddable":true,"href":"https:\/\/www.parthages.be\/eboutique\/wp-json\/wp\/v2\/media\/2732"}],"wp:attachment":[{"href":"https:\/\/www.parthages.be\/eboutique\/wp-json\/wp\/v2\/media?parent=2731"}],"curies":[{"name":"wp","href":"https:\/\/api.w.org\/{rel}","templated":true}]}}