{"id":2737,"date":"2022-06-07T09:06:30","date_gmt":"2022-06-07T07:06:30","guid":{"rendered":"https:\/\/www.parthages.be\/eboutique\/?post_type=product&#038;p=2737"},"modified":"2022-06-07T09:06:30","modified_gmt":"2022-06-07T07:06:30","slug":"comprendre-et-traiter-le-cancer-colorectal","status":"publish","type":"product","link":"https:\/\/www.parthages.be\/eboutique\/produit\/comprendre-et-traiter-le-cancer-colorectal\/","title":{"rendered":"Comprendre et traiter le cancer colorectal"},"content":{"rendered":"<p>Pourquoi d\u00e9veloppe-t-on un cancer colorectal? Comment le cancer colorectal est-il diagnostiqu\u00e9? Quels en sont les traitements? Et quels sont les effets secondaires? Comment vivre apr\u00e8s un cancer colorectal?<\/p>\n<p>Cet ouvrage est con\u00e7u comme un guide didactique et pratique. Il offre aux patients et aux familles les r\u00e9ponses \u00e0 toutes les questions qu&rsquo;ils se posent sur le cancer colorectal. (Pr\u00e9sentation de l\u2019\u00e9diteur)<\/p>\n<p>VAN LAETHEM J-L- MARECHAL R.<\/p>\n<p>Vivio<\/p>\n<p>2009-102p.<\/p>\n<p>ISBN\u00a0: 978-2-87512-002-1<\/p>\n<p>Cote doc: 1-70-VAN-C28<\/p>\n<p><strong><em>Uniquement \u00e0 la location<\/em><\/strong><\/p>\n<span class=\"et_bloom_bottom_trigger\"><\/span>","protected":false},"excerpt":{"rendered":"<p>Pourquoi d\u00e9veloppe-t-on un cancer colorectal? Comment le cancer colorectal est-il diagnostiqu\u00e9? Quels en sont les traitements? Et quels sont les effets secondaires? Comment vivre apr\u00e8s un cancer colorectal?<\/p>\n","protected":false},"featured_media":2738,"comment_status":"closed","ping_status":"closed","template":"","meta":{"_et_pb_use_builder":"","_et_pb_old_content":"","_et_gb_content_width":"","spay_email":""},"class_list":["post-2737","product","type-product","status-publish","has-post-thumbnail","hentry","product_cat-livres","product_tag-cancer","product_tag-diagnostic","product_tag-soins","product_tag-systeme-digestif","product_tag-therapeutique"],"jetpack_sharing_enabled":true,"jetpack_likes_enabled":true,"_links":{"self":[{"href":"https:\/\/www.parthages.be\/eboutique\/wp-json\/wp\/v2\/product\/2737","targetHints":{"allow":["GET"]}}],"collection":[{"href":"https:\/\/www.parthages.be\/eboutique\/wp-json\/wp\/v2\/product"}],"about":[{"href":"https:\/\/www.parthages.be\/eboutique\/wp-json\/wp\/v2\/types\/product"}],"replies":[{"embeddable":true,"href":"https:\/\/www.parthages.be\/eboutique\/wp-json\/wp\/v2\/comments?post=2737"}],"wp:featuredmedia":[{"embeddable":true,"href":"https:\/\/www.parthages.be\/eboutique\/wp-json\/wp\/v2\/media\/2738"}],"wp:attachment":[{"href":"https:\/\/www.parthages.be\/eboutique\/wp-json\/wp\/v2\/media?parent=2737"}],"curies":[{"name":"wp","href":"https:\/\/api.w.org\/{rel}","templated":true}]}}