{"id":2739,"date":"2022-06-07T09:25:13","date_gmt":"2022-06-07T07:25:13","guid":{"rendered":"https:\/\/www.parthages.be\/eboutique\/?post_type=product&#038;p=2739"},"modified":"2022-06-07T09:25:13","modified_gmt":"2022-06-07T07:25:13","slug":"la-schizophrenie-une-pathologie-de-levolution-humaine","status":"publish","type":"product","link":"https:\/\/www.parthages.be\/eboutique\/produit\/la-schizophrenie-une-pathologie-de-levolution-humaine\/","title":{"rendered":"La schizophr\u00e9nie: une pathologie de l&rsquo;\u00e9volution humaine?"},"content":{"rendered":"<p>Depuis ces derni\u00e8res d\u00e9cennies, certains psychiatres proph\u00e9tisaient la fin de la schizophr\u00e9nie pour le 3e mill\u00e9naire ; aujourd&rsquo;hui, il appara\u00eet que la r\u00e9volution scientifique qui devait marquer la fin de cette maladie ne s&rsquo;est pas encore produite. Steiner pouvait-il avoir raison lorsqu&rsquo;il voyait la schizophr\u00e9nie comme une pathologie de l&rsquo;\u00e9volution humaine risquant de se g\u00e9n\u00e9raliser ? (Pr\u00e9sentation de l\u2019\u00e9diteur)<\/p>\n<p>TREICHLER R.<\/p>\n<p>Editions Triades<\/p>\n<p>2004-262p.-<\/p>\n<p>ISBN\u00a0: 2-8524-263-0<\/p>\n<p>Cote doc\u00a0: 1-70-TRE-S<\/p>\n<p><strong><em>Uniquement \u00e0 la location<\/em><\/strong><\/p>\n<span class=\"et_bloom_bottom_trigger\"><\/span>","protected":false},"excerpt":{"rendered":"<p>Depuis ces derni\u00e8res d\u00e9cennies, certains psychiatres proph\u00e9tisaient la fin de la schizophr\u00e9nie pour le 3e mill\u00e9naire ; aujourd&rsquo;hui, il appara\u00eet que la r\u00e9volution scientifique qui devait marquer la fin de cette maladie ne s&rsquo;est pas encore produite. Steiner pouvait-il avoir raison lorsqu&rsquo;il voyait la schizophr\u00e9nie comme une pathologie de l&rsquo;\u00e9volution humaine risquant de se g\u00e9n\u00e9raliser ? (Pr\u00e9sentation de l\u2019\u00e9diteur)<\/p>\n","protected":false},"featured_media":2740,"comment_status":"closed","ping_status":"closed","template":"","meta":{"_et_pb_use_builder":"","_et_pb_old_content":"","_et_gb_content_width":"","spay_email":""},"class_list":["post-2739","product","type-product","status-publish","has-post-thumbnail","hentry","product_cat-livres","product_tag-histoire-familiale","product_tag-maladie","product_tag-psychotherapie","product_tag-schizophrenie","product_tag-stress","product_tag-traitement"],"jetpack_sharing_enabled":true,"jetpack_likes_enabled":true,"_links":{"self":[{"href":"https:\/\/www.parthages.be\/eboutique\/wp-json\/wp\/v2\/product\/2739","targetHints":{"allow":["GET"]}}],"collection":[{"href":"https:\/\/www.parthages.be\/eboutique\/wp-json\/wp\/v2\/product"}],"about":[{"href":"https:\/\/www.parthages.be\/eboutique\/wp-json\/wp\/v2\/types\/product"}],"replies":[{"embeddable":true,"href":"https:\/\/www.parthages.be\/eboutique\/wp-json\/wp\/v2\/comments?post=2739"}],"wp:featuredmedia":[{"embeddable":true,"href":"https:\/\/www.parthages.be\/eboutique\/wp-json\/wp\/v2\/media\/2740"}],"wp:attachment":[{"href":"https:\/\/www.parthages.be\/eboutique\/wp-json\/wp\/v2\/media?parent=2739"}],"curies":[{"name":"wp","href":"https:\/\/api.w.org\/{rel}","templated":true}]}}