{"id":2741,"date":"2022-06-07T09:27:57","date_gmt":"2022-06-07T07:27:57","guid":{"rendered":"https:\/\/www.parthages.be\/eboutique\/?post_type=product&#038;p=2741"},"modified":"2022-06-07T09:27:57","modified_gmt":"2022-06-07T07:27:57","slug":"autisme-comprendre-et-agir","status":"publish","type":"product","link":"https:\/\/www.parthages.be\/eboutique\/produit\/autisme-comprendre-et-agir\/","title":{"rendered":"Autisme : comprendre et agir"},"content":{"rendered":"<p>L&rsquo;autisme est un grave trouble neuropsychologique du d\u00e9veloppement qui concerne environ 60 000 enfants en France. Cet ouvrage propose une synth\u00e8se de tous les th\u00e8mes li\u00e9s \u00e0 cette pathologie tant du point de vue de la compr\u00e9hension (d\u00e9finition m\u00e9dicale) que des pratiques d&rsquo;intervention (prise en charge psychologique et r\u00e9\u00e9ducation). Une somme impressionnante sur une affection encore myst\u00e9rieuse et qui tient en \u00e9chec la communaut\u00e9 m\u00e9dicale. (Pr\u00e9sentation de l\u2019\u00e9diteur)<\/p>\n<p>ROGE B.<\/p>\n<p>Dunod<\/p>\n<p>2003-212p.<\/p>\n<p>ISBN\u00a0: 2-10-007019-3<\/p>\n<p>Cote doc\u00a0: 1-70-ROG-A<\/p>\n<p><strong><em>Uniquement \u00e0 la location<\/em><\/strong><\/p>\n<span class=\"et_bloom_bottom_trigger\"><\/span>","protected":false},"excerpt":{"rendered":"<p>L&rsquo;autisme est un grave trouble neuropsychologique du d\u00e9veloppement qui concerne environ 60 000 enfants en France. Cet ouvrage propose une synth\u00e8se de tous les th\u00e8mes li\u00e9s \u00e0 cette pathologie tant du point de vue de la compr\u00e9hension (d\u00e9finition m\u00e9dicale) que des pratiques d&rsquo;intervention (prise en charge psychologique et r\u00e9\u00e9ducation). Une somme impressionnante sur une affection [&hellip;]<\/p>\n","protected":false},"featured_media":2742,"comment_status":"closed","ping_status":"closed","template":"","meta":{"_et_pb_use_builder":"","_et_pb_old_content":"","_et_gb_content_width":"","spay_email":""},"class_list":["post-2741","product","type-product","status-publish","has-post-thumbnail","hentry","product_cat-livres","product_tag-action","product_tag-aide","product_tag-autisme","product_tag-besoin","product_tag-communication","product_tag-education","product_tag-famille","product_tag-fonction-cognitive","product_tag-mere","product_tag-personne-handicapee","product_tag-socialisation","product_tag-trouble-du-developpement"],"jetpack_sharing_enabled":true,"jetpack_likes_enabled":true,"_links":{"self":[{"href":"https:\/\/www.parthages.be\/eboutique\/wp-json\/wp\/v2\/product\/2741","targetHints":{"allow":["GET"]}}],"collection":[{"href":"https:\/\/www.parthages.be\/eboutique\/wp-json\/wp\/v2\/product"}],"about":[{"href":"https:\/\/www.parthages.be\/eboutique\/wp-json\/wp\/v2\/types\/product"}],"replies":[{"embeddable":true,"href":"https:\/\/www.parthages.be\/eboutique\/wp-json\/wp\/v2\/comments?post=2741"}],"wp:featuredmedia":[{"embeddable":true,"href":"https:\/\/www.parthages.be\/eboutique\/wp-json\/wp\/v2\/media\/2742"}],"wp:attachment":[{"href":"https:\/\/www.parthages.be\/eboutique\/wp-json\/wp\/v2\/media?parent=2741"}],"curies":[{"name":"wp","href":"https:\/\/api.w.org\/{rel}","templated":true}]}}