{"id":2743,"date":"2022-06-07T09:28:56","date_gmt":"2022-06-07T07:28:56","guid":{"rendered":"https:\/\/www.parthages.be\/eboutique\/?post_type=product&#038;p=2743"},"modified":"2022-06-07T09:28:57","modified_gmt":"2022-06-07T07:28:57","slug":"comprendre-et-traiter-le-psoriasis","status":"publish","type":"product","link":"https:\/\/www.parthages.be\/eboutique\/produit\/comprendre-et-traiter-le-psoriasis\/","title":{"rendered":"Comprendre et traiter le psoriasis"},"content":{"rendered":"<p>Qu&rsquo;est-ce que le psoriasis? Quels en sont les sympt\u00f4mes? Quelles en sont les causes? Quel mode de vie adopter? Comment le traiter?<\/p>\n<p>Cet ouvrage est con\u00e7u comme un guide didactique et pratique. Il offre aux patients qui souffrent de psoriasis les r\u00e9ponses \u00e0 toutes les questions qu&rsquo;ils se posent sur cette affection chronique de la peau. (Pr\u00e9sentation de l\u2019\u00e9diteur)<\/p>\n<p>SEGAERT S.- LAMBERT J.<\/p>\n<p>Vivio<\/p>\n<p>2009-62p.<\/p>\n<p>ISBN\u00a0: 978-2-87512-011-3<\/p>\n<p>Cote doc: 1-70-SEG-C20<\/p>\n<p><strong><em>Uniquement \u00e0 la location<\/em><\/strong><\/p>\n<span class=\"et_bloom_bottom_trigger\"><\/span>","protected":false},"excerpt":{"rendered":"<p>Qu&rsquo;est-ce que le psoriasis? Quels en sont les sympt\u00f4mes? Quelles en sont les causes? Quel mode de vie adopter? Comment le traiter?<\/p>\n","protected":false},"featured_media":2744,"comment_status":"closed","ping_status":"closed","template":"","meta":{"_et_pb_use_builder":"","_et_pb_old_content":"","_et_gb_content_width":"","spay_email":""},"class_list":["post-2743","product","type-product","status-publish","has-post-thumbnail","hentry","product_cat-livres","product_tag-diagnostic","product_tag-maladie-dermatologique","product_tag-peau","product_tag-soins","product_tag-therapeutique"],"jetpack_sharing_enabled":true,"jetpack_likes_enabled":true,"_links":{"self":[{"href":"https:\/\/www.parthages.be\/eboutique\/wp-json\/wp\/v2\/product\/2743","targetHints":{"allow":["GET"]}}],"collection":[{"href":"https:\/\/www.parthages.be\/eboutique\/wp-json\/wp\/v2\/product"}],"about":[{"href":"https:\/\/www.parthages.be\/eboutique\/wp-json\/wp\/v2\/types\/product"}],"replies":[{"embeddable":true,"href":"https:\/\/www.parthages.be\/eboutique\/wp-json\/wp\/v2\/comments?post=2743"}],"wp:featuredmedia":[{"embeddable":true,"href":"https:\/\/www.parthages.be\/eboutique\/wp-json\/wp\/v2\/media\/2744"}],"wp:attachment":[{"href":"https:\/\/www.parthages.be\/eboutique\/wp-json\/wp\/v2\/media?parent=2743"}],"curies":[{"name":"wp","href":"https:\/\/api.w.org\/{rel}","templated":true}]}}