{"id":2747,"date":"2022-06-07T09:48:12","date_gmt":"2022-06-07T07:48:12","guid":{"rendered":"https:\/\/www.parthages.be\/eboutique\/?post_type=product&#038;p=2747"},"modified":"2022-06-07T09:48:13","modified_gmt":"2022-06-07T07:48:13","slug":"manuel-a-lintention-des-parents-ayant-un-enfant-presentant-de-lautisme","status":"publish","type":"product","link":"https:\/\/www.parthages.be\/eboutique\/produit\/manuel-a-lintention-des-parents-ayant-un-enfant-presentant-de-lautisme\/","title":{"rendered":"Manuel \u00e0 l&rsquo;intention des parents ayant un enfant pr\u00e9sentant de l&rsquo;autisme"},"content":{"rendered":"<p><strong>\u00c9duquer c&rsquo;est amener \u00e0 l&rsquo;autonomie<\/strong><\/p>\n<p>Ce manuel a \u00e9t\u00e9 \u00e9labor\u00e9 par l&rsquo;\u00e9quipe du service universitaire pour personnes avec autisme (SUSA) afin de permettre aux familles ayant un enfant avec de l&rsquo;autisme de disposer d&rsquo;informations pratiques dans diff\u00e9rents secteurs de son \u00e9ducation.<br \/>\nIl est le fruit d&rsquo;une exp\u00e9rience dans l&rsquo;accompagnement de personnes avec autisme et de leur famille, soit dans le cadre de consultations individuelles soit dans le cadre de formations collectives r\u00e9sidentielles.<br \/>\nCe manuel est l&rsquo;\u00e9volution naturelle du \u00ab\u00a0manuel de formation \u00e0 l&rsquo;intention de parents d&rsquo;un enfant handicap\u00e9 mental\u00a0\u00bb r\u00e9dig\u00e9 par Ghislain Magerotte et Nicole Montreuil (1994).<br \/>\nLes \u00ab Unit\u00e9s 1 et 2 \u00bb traitent du comportement.<br \/>\nLes diff\u00e9rents \u00ab\u00a0Comment\u00a0\u00bb permettent d&rsquo;organiser l&rsquo;environnement, de mettre en place une communication et une autonomie ou encore d&rsquo;introduire dans la vie de l&rsquo;enfant des loisirs.<br \/>\nEnfin un dossier \u00e9ducatif de votre enfant vous accompagnera quotidiennement sous forme de fiches. (Pr\u00e9sentation de l\u2019\u00e9diteur)<\/p>\n<p>WILLAYE E. &#8211; BLONDIAU M.-F. &#8211; BOUCHEZ M.H. &#8211; CATHERINE S. &#8211; DESCAMPS M. &#8211; GLACE A.<\/p>\n<p>AFD Editions<\/p>\n<p>2008-266p.-732gr<\/p>\n<p>ISBN: 978-2-917150-01-6<\/p>\n<p>Cote doc: 1-70-SUS-M<\/p>\n<span class=\"et_bloom_bottom_trigger\"><\/span>","protected":false},"excerpt":{"rendered":"<p>Ce manuel a \u00e9t\u00e9 \u00e9labor\u00e9 par l&rsquo;\u00e9quipe du service universitaire pour personnes avec autisme (SUSA) afin de permettre aux familles ayant un enfant avec de l&rsquo;autisme de disposer d&rsquo;informations pratiques dans diff\u00e9rents secteurs de son \u00e9ducation.<\/p>\n","protected":false},"featured_media":2748,"comment_status":"closed","ping_status":"closed","template":"","meta":{"_et_pb_use_builder":"","_et_pb_old_content":"","_et_gb_content_width":"","spay_email":""},"class_list":["post-2747","product","type-product","status-publish","has-post-thumbnail","hentry","product_cat-livres","product_tag-autisme","product_tag-autonomie","product_tag-education","product_tag-enfant","product_tag-famille","product_tag-gestion","product_tag-outil","product_tag-parent","product_tag-trouble-du-comportement","product_tag-vie-quotidienne"],"jetpack_sharing_enabled":true,"jetpack_likes_enabled":true,"_links":{"self":[{"href":"https:\/\/www.parthages.be\/eboutique\/wp-json\/wp\/v2\/product\/2747","targetHints":{"allow":["GET"]}}],"collection":[{"href":"https:\/\/www.parthages.be\/eboutique\/wp-json\/wp\/v2\/product"}],"about":[{"href":"https:\/\/www.parthages.be\/eboutique\/wp-json\/wp\/v2\/types\/product"}],"replies":[{"embeddable":true,"href":"https:\/\/www.parthages.be\/eboutique\/wp-json\/wp\/v2\/comments?post=2747"}],"wp:featuredmedia":[{"embeddable":true,"href":"https:\/\/www.parthages.be\/eboutique\/wp-json\/wp\/v2\/media\/2748"}],"wp:attachment":[{"href":"https:\/\/www.parthages.be\/eboutique\/wp-json\/wp\/v2\/media?parent=2747"}],"curies":[{"name":"wp","href":"https:\/\/api.w.org\/{rel}","templated":true}]}}