{"id":2749,"date":"2022-06-07T09:49:18","date_gmt":"2022-06-07T07:49:18","guid":{"rendered":"https:\/\/www.parthages.be\/eboutique\/?post_type=product&#038;p=2749"},"modified":"2022-06-07T09:49:19","modified_gmt":"2022-06-07T07:49:19","slug":"comprendre-et-traiter-le-trouble-deficitaire-de-lattention-avec-ou-sans-hyperactivite-tdah","status":"publish","type":"product","link":"https:\/\/www.parthages.be\/eboutique\/produit\/comprendre-et-traiter-le-trouble-deficitaire-de-lattention-avec-ou-sans-hyperactivite-tdah\/","title":{"rendered":"Comprendre et traiter le Trouble D\u00e9ficitaire de l&rsquo;Attention avec ou sans Hyperactivit\u00e9 (TDAH)"},"content":{"rendered":"<p>Le TDAH, qu&rsquo;est-ce que le Trouble D\u00e9ficitaire de l&rsquo;Attention avec ou sans Hyperactivit\u00e9? Quels sont les sympt\u00f4mes? Comment \u00e9voluent-ils \u00e0 l&rsquo;adolescence et \u00e0 l&rsquo;\u00e2ge adulte? Comment diagnostiquer ce trouble? Comment le traiter?<\/p>\n<p>Cet ouvrage est con\u00e7u comme un guide didactique et pratique. Il offre aux proches patients souffrant d&rsquo;un TDAH les r\u00e9ponses \u00e0 toutes les questions qu&rsquo;ils se posent. (Pr\u00e9sentation de l\u2019\u00e9diteur)<\/p>\n<p>OSWALD P.<\/p>\n<p>Vivio<\/p>\n<p>2006-74p.<\/p>\n<p>ISBN\u00a0: 2-930365-28-5<\/p>\n<p>Cote doc: 2-30-OSW-C-4<\/p>\n<p><strong><em>Uniquement \u00e0 la location<\/em><\/strong><\/p>\n<span class=\"et_bloom_bottom_trigger\"><\/span>","protected":false},"excerpt":{"rendered":"<p>Le TDAH, qu&rsquo;est-ce que le Trouble D\u00e9ficitaire de l&rsquo;Attention avec ou sans Hyperactivit\u00e9? Quels sont les sympt\u00f4mes? Comment \u00e9voluent-ils \u00e0 l&rsquo;adolescence et \u00e0 l&rsquo;\u00e2ge adulte? Comment diagnostiquer ce trouble? Comment le traiter?<\/p>\n","protected":false},"featured_media":2750,"comment_status":"closed","ping_status":"closed","template":"","meta":{"_et_pb_use_builder":"","_et_pb_old_content":"","_et_gb_content_width":"","spay_email":""},"class_list":["post-2749","product","type-product","status-publish","has-post-thumbnail","hentry","product_cat-livres","product_tag-diagnostic","product_tag-enfant","product_tag-guide","product_tag-hyperactivite","product_tag-maladie-genetique","product_tag-medicament","product_tag-quotient-intellectuel","product_tag-soins","product_tag-trouble-de-lattention","product_tag-trouble-du-comportement"],"jetpack_sharing_enabled":true,"jetpack_likes_enabled":true,"_links":{"self":[{"href":"https:\/\/www.parthages.be\/eboutique\/wp-json\/wp\/v2\/product\/2749","targetHints":{"allow":["GET"]}}],"collection":[{"href":"https:\/\/www.parthages.be\/eboutique\/wp-json\/wp\/v2\/product"}],"about":[{"href":"https:\/\/www.parthages.be\/eboutique\/wp-json\/wp\/v2\/types\/product"}],"replies":[{"embeddable":true,"href":"https:\/\/www.parthages.be\/eboutique\/wp-json\/wp\/v2\/comments?post=2749"}],"wp:featuredmedia":[{"embeddable":true,"href":"https:\/\/www.parthages.be\/eboutique\/wp-json\/wp\/v2\/media\/2750"}],"wp:attachment":[{"href":"https:\/\/www.parthages.be\/eboutique\/wp-json\/wp\/v2\/media?parent=2749"}],"curies":[{"name":"wp","href":"https:\/\/api.w.org\/{rel}","templated":true}]}}