{"id":2751,"date":"2022-06-07T09:50:17","date_gmt":"2022-06-07T07:50:17","guid":{"rendered":"https:\/\/www.parthages.be\/eboutique\/?post_type=product&#038;p=2751"},"modified":"2022-06-07T09:50:18","modified_gmt":"2022-06-07T07:50:18","slug":"comprendre-et-traiter-les-maladies-de-la-prostate","status":"publish","type":"product","link":"https:\/\/www.parthages.be\/eboutique\/produit\/comprendre-et-traiter-les-maladies-de-la-prostate\/","title":{"rendered":"Comprendre et traiter les maladies de la prostate"},"content":{"rendered":"<p>Qu&rsquo;est-ce que la prostate? Quelles sont les maladies de la prostate? Quels en sont les causes, les sympt\u00f4mes et les traitements?<\/p>\n<p>Cet ouvrage est con\u00e7u de mani\u00e8re didactique et pratique. Hyperplasie b\u00e9nigne de la prostate, prostatite, cancer de la prostate: ce guide r\u00e9pond \u00e0 toutes les questions concernant ces maladies. (Pr\u00e9sentation de l\u2019\u00e9diteur)<\/p>\n<p>TOMBAL B.<\/p>\n<p>Vivio<\/p>\n<p>2007-70p.<\/p>\n<p>ISBN\u00a0: 978-2-930365-67-1<\/p>\n<p>Cote doc: 1-70-TOM-C-16<\/p>\n<p><strong><em>Uniquement \u00e0 la location<\/em><\/strong><\/p>\n<span class=\"et_bloom_bottom_trigger\"><\/span>","protected":false},"excerpt":{"rendered":"<p>Qu&rsquo;est-ce que la prostate? Quelles sont les maladies de la prostate? Quels en sont les causes, les sympt\u00f4mes et les traitements?<\/p>\n","protected":false},"featured_media":2752,"comment_status":"closed","ping_status":"closed","template":"","meta":{"_et_pb_use_builder":"","_et_pb_old_content":"","_et_gb_content_width":"","spay_email":""},"class_list":["post-2751","product","type-product","status-publish","has-post-thumbnail","hentry","product_cat-livres","product_tag-diagnostic","product_tag-guide","product_tag-maladie","product_tag-prostate","product_tag-soins","product_tag-therapeutique"],"jetpack_sharing_enabled":true,"jetpack_likes_enabled":true,"_links":{"self":[{"href":"https:\/\/www.parthages.be\/eboutique\/wp-json\/wp\/v2\/product\/2751","targetHints":{"allow":["GET"]}}],"collection":[{"href":"https:\/\/www.parthages.be\/eboutique\/wp-json\/wp\/v2\/product"}],"about":[{"href":"https:\/\/www.parthages.be\/eboutique\/wp-json\/wp\/v2\/types\/product"}],"replies":[{"embeddable":true,"href":"https:\/\/www.parthages.be\/eboutique\/wp-json\/wp\/v2\/comments?post=2751"}],"wp:featuredmedia":[{"embeddable":true,"href":"https:\/\/www.parthages.be\/eboutique\/wp-json\/wp\/v2\/media\/2752"}],"wp:attachment":[{"href":"https:\/\/www.parthages.be\/eboutique\/wp-json\/wp\/v2\/media?parent=2751"}],"curies":[{"name":"wp","href":"https:\/\/api.w.org\/{rel}","templated":true}]}}