{"id":2757,"date":"2022-06-07T09:53:35","date_gmt":"2022-06-07T07:53:35","guid":{"rendered":"https:\/\/www.parthages.be\/eboutique\/?post_type=product&#038;p=2757"},"modified":"2022-06-07T09:53:36","modified_gmt":"2022-06-07T07:53:36","slug":"comprendre-et-traiter-lepilepsie","status":"publish","type":"product","link":"https:\/\/www.parthages.be\/eboutique\/produit\/comprendre-et-traiter-lepilepsie\/","title":{"rendered":"Comprendre et traiter l&rsquo;\u00e9pilepsie"},"content":{"rendered":"<p>Qu&rsquo;est-ce que l&rsquo;\u00e9pilepsie? Quels sont les diff\u00e9rents types de crises? Quelles sont les causes de l&rsquo;\u00e9pilepsie? Comment pose-t-on le diagnostic d&rsquo;\u00e9pilepsie? Quels sont les traitements de l&rsquo;\u00e9pilepsie? Comment adapter son mode de vie lorsqu&rsquo;on souffre d&rsquo;\u00e9pilepsie?<\/p>\n<p>Con\u00e7u comme un guide didactique et pratique, cet ouvrage est destin\u00e9 aux personnes qui veulent en savoir plus sur l&rsquo;\u00e9pilepsie, ses causes et ses traitements. (Pr\u00e9sentation de l\u2019\u00e9diteur)<\/p>\n<p>TUGENDHAFT<\/p>\n<p>Vivio<\/p>\n<p>2008-85p.<\/p>\n<p>ISBN\u00a0: 978-2-930365-88-6<\/p>\n<p>Cote doc: 1-70-TUG-C29<\/p>\n<p><strong><em>Uniquement \u00e0 la location<\/em><\/strong><\/p>\n<span class=\"et_bloom_bottom_trigger\"><\/span>","protected":false},"excerpt":{"rendered":"<p>Qu&rsquo;est-ce que l&rsquo;\u00e9pilepsie? Quels sont les diff\u00e9rents types de crises? Quelles sont les causes de l&rsquo;\u00e9pilepsie? Comment pose-t-on le diagnostic d&rsquo;\u00e9pilepsie? Quels sont les traitements de l&rsquo;\u00e9pilepsie? Comment adapter son mode de vie lorsqu&rsquo;on souffre d&rsquo;\u00e9pilepsie?<\/p>\n","protected":false},"featured_media":2758,"comment_status":"closed","ping_status":"closed","template":"","meta":{"_et_pb_use_builder":"","_et_pb_old_content":"","_et_gb_content_width":"","spay_email":""},"class_list":["post-2757","product","type-product","status-publish","has-post-thumbnail","hentry","product_cat-livres","product_tag-diagnostic","product_tag-epilepsie","product_tag-guide","product_tag-soins","product_tag-therapeutique"],"jetpack_sharing_enabled":true,"jetpack_likes_enabled":true,"_links":{"self":[{"href":"https:\/\/www.parthages.be\/eboutique\/wp-json\/wp\/v2\/product\/2757","targetHints":{"allow":["GET"]}}],"collection":[{"href":"https:\/\/www.parthages.be\/eboutique\/wp-json\/wp\/v2\/product"}],"about":[{"href":"https:\/\/www.parthages.be\/eboutique\/wp-json\/wp\/v2\/types\/product"}],"replies":[{"embeddable":true,"href":"https:\/\/www.parthages.be\/eboutique\/wp-json\/wp\/v2\/comments?post=2757"}],"wp:featuredmedia":[{"embeddable":true,"href":"https:\/\/www.parthages.be\/eboutique\/wp-json\/wp\/v2\/media\/2758"}],"wp:attachment":[{"href":"https:\/\/www.parthages.be\/eboutique\/wp-json\/wp\/v2\/media?parent=2757"}],"curies":[{"name":"wp","href":"https:\/\/api.w.org\/{rel}","templated":true}]}}