{"id":276,"date":"2012-11-29T10:19:29","date_gmt":"2012-11-29T09:19:29","guid":{"rendered":"https:\/\/www.parthages.be\/wordpress\/produit\/vivre-un-chagrin-apres-la-mort-d-un-proche\/"},"modified":"2022-10-01T18:21:20","modified_gmt":"2022-10-01T16:21:20","slug":"vivre-un-chagrin-apres-la-mort-d-un-proche","status":"publish","type":"product","link":"https:\/\/www.parthages.be\/eboutique\/produit\/vivre-un-chagrin-apres-la-mort-d-un-proche\/","title":{"rendered":"Vivre un chagrin apr\u00e8s la mort d&rsquo;un proche"},"content":{"rendered":"<p>Ce premier \u00ab\u00a0livre-outil\u00a0\u00bb est destin\u00e9 \u00e0 accompagner la personne adulte handicap\u00e9e mentale endeuill\u00e9e.<\/p>\n<p><em>\u00a0\u00ab\u00a0<\/em><em><u>Vivre un chagrin apr\u00e8s la mort d\u2019un proche\u00a0\u00bb<strong>\u00a0<\/strong><\/u><\/em><u>poursuit deux objectifs<\/u>\u00a0:<\/p>\n<p>Dans sa premi\u00e8re partie, il permet \u00e0 la personne endeuill\u00e9e de r\u00e9pondre aux questions qu\u2019elle peut se poser sur la mort et sur les rites de l\u2019enterrement.<br \/>\nDans sa deuxi\u00e8me partie, il ouvre la voie \u00e0 l\u2019expression et \u00e0 la reconnaissance des \u00e9motions \u00e9prouv\u00e9es lors du d\u00e9c\u00e8s d\u2019un proche.<\/p>\n<p>Ce livre-outil est destin\u00e9 \u00e0 devenir la propri\u00e9t\u00e9 de la personne endeuill\u00e9e qui choisira de le parcourir, \u00e0 son rythme, avec la personne de son choix, tout au long de son processus de deuil.<\/p>\n<p>C\u2019est \u00e0 travers cet \u00e9change respectueux et attentif qu\u2019accompagnant et personne adulte handicap\u00e9e mentale endeuill\u00e9e s\u2019autoriseront \u00e0 dire, \u00e0 ressentir des \u00e9motions l\u2019un devant l\u2019autre et \u00e0 \u00e9voquer la personne disparue.<\/p>\n<p>L\u2019utilisation de cet outil est facilit\u00e9e par l\u2019apport de photos tr\u00e8s r\u00e9alistes et de pictogrammes reprenant les diff\u00e9rentes \u00e9motions \u00e9prouv\u00e9es lors d\u2019un deuil.<\/p>\n<p>(Pr\u00e9sentation de l\u2019\u00e9diteur)<\/p>\n<p>&nbsp;<\/p>\n<p>BINDELS A.- SENEPART F.- LEPLAT D.<\/p>\n<p>BRUX AINES<\/p>\n<p>2008-24p-10\u20ac<\/p>\n<p>Cote doc\u00a0: 9-20-BIN-V<\/p>\n<span class=\"et_bloom_bottom_trigger\"><\/span>","protected":false},"excerpt":{"rendered":"<p>Ce premier \u00ab\u00a0livre-outil\u00a0\u00bb est destin\u00e9 \u00e0 accompagner la personne adulte handicap\u00e9e mentale endeuill\u00e9e.<\/p>\n","protected":false},"featured_media":275,"comment_status":"open","ping_status":"closed","template":"","meta":{"_et_pb_use_builder":"","_et_pb_old_content":"","_et_gb_content_width":"","spay_email":""},"class_list":["post-276","product","type-product","status-publish","has-post-thumbnail","hentry","product_cat-livres","product_tag-accompagnement","product_tag-accompagnement-pedagogique","product_tag-deuil","product_tag-handicap-mental","product_tag-outil"],"jetpack_sharing_enabled":true,"jetpack_likes_enabled":true,"_links":{"self":[{"href":"https:\/\/www.parthages.be\/eboutique\/wp-json\/wp\/v2\/product\/276","targetHints":{"allow":["GET"]}}],"collection":[{"href":"https:\/\/www.parthages.be\/eboutique\/wp-json\/wp\/v2\/product"}],"about":[{"href":"https:\/\/www.parthages.be\/eboutique\/wp-json\/wp\/v2\/types\/product"}],"replies":[{"embeddable":true,"href":"https:\/\/www.parthages.be\/eboutique\/wp-json\/wp\/v2\/comments?post=276"}],"wp:featuredmedia":[{"embeddable":true,"href":"https:\/\/www.parthages.be\/eboutique\/wp-json\/wp\/v2\/media\/275"}],"wp:attachment":[{"href":"https:\/\/www.parthages.be\/eboutique\/wp-json\/wp\/v2\/media?parent=276"}],"curies":[{"name":"wp","href":"https:\/\/api.w.org\/{rel}","templated":true}]}}