{"id":2761,"date":"2022-06-07T09:55:39","date_gmt":"2022-06-07T07:55:39","guid":{"rendered":"https:\/\/www.parthages.be\/eboutique\/?post_type=product&#038;p=2761"},"modified":"2022-06-07T09:55:40","modified_gmt":"2022-06-07T07:55:40","slug":"ce-quil-nous-reste-quand-on-a-tout-oublie","status":"publish","type":"product","link":"https:\/\/www.parthages.be\/eboutique\/produit\/ce-quil-nous-reste-quand-on-a-tout-oublie\/","title":{"rendered":"Ce qu&rsquo;il nous reste quand on a tout oubli\u00e9"},"content":{"rendered":"<p>Imaginez-vous incapable de vous souvenir de votre identit\u00e9, incapable de reconna\u00eetre les gens qui vous entourent, et m\u00eame incapable de parler. Etre \u00e9tranger \u00e0 lui-m\u00eame est devenu la r\u00e9alit\u00e9 de Camille. Il comprend tout ce qui se passe autour de lui mais ne peut pas s&rsquo;exprimer. Du moins avec des mots. Il a aussi du mal \u00e0 ressentir les \u00e9motions comme il en per\u00e7oit chez celle qui l&rsquo;a accueilli dans sa maison. Dans leur maison a-t-elle dit. Pourtant il ne reconna\u00eet rien ici. Qu&rsquo;importe, elle est gentille et il lui est reconnaissant de l&rsquo;avoir fait sortir de l&rsquo;h\u00f4pital o\u00f9 tous ces gens lui faisaient peur et l&rsquo;agressaient. Mais tous ceux qui font partie de son pass\u00e9 ne veulent qu&rsquo;une chose : essayer de le faire ressurgir. Faire en sorte que le Camille d&rsquo;avant revienne. Et s&rsquo;il ne le voulait pas ? Et si ce qui comptait pour lui d\u00e9sormais \u00e9tait de vivre le moment pr\u00e9sent puisqu&rsquo;il ne se souvient pas du pass\u00e9 et ne con\u00e7oit pas l&rsquo;avenir ? C&rsquo;est ce que comprennent Jeanne et Yamina, ces deux jeunes filles auxquelles il s&rsquo;attache et qui lui font faire des progr\u00e8s \u00e9normes. Pourtant, un tel d\u00e9sir peut-il \u00eatre satisfait dans une soci\u00e9t\u00e9 o\u00f9 la survie passe par le ma\u00eetrise de codes et de valeurs que Camille ne poss\u00e8de plus ? (Pr\u00e9sentation de l\u2019\u00e9diteur)<\/p>\n<p>PONTE M.<\/p>\n<p>Publibook<\/p>\n<p>2014-98p.<\/p>\n<p>ISBN\u00a0: 978-2-342-01964-3<\/p>\n<p>Cote doc: 1-70-PON-C<\/p>\n<p><strong><em>Uniquement \u00e0 la location<\/em><\/strong><\/p>\n<span class=\"et_bloom_bottom_trigger\"><\/span>","protected":false},"excerpt":{"rendered":"<p>Imaginez-vous incapable de vous souvenir de votre identit\u00e9, incapable de reconna\u00eetre les gens qui vous entourent, et m\u00eame incapable de parler. Etre \u00e9tranger \u00e0 lui-m\u00eame est devenu la r\u00e9alit\u00e9 de Camille.<\/p>\n","protected":false},"featured_media":2762,"comment_status":"closed","ping_status":"closed","template":"","meta":{"_et_pb_use_builder":"","_et_pb_old_content":"","_et_gb_content_width":"","spay_email":""},"class_list":["post-2761","product","type-product","status-publish","has-post-thumbnail","hentry","product_cat-livres","product_tag-amnesie","product_tag-psychologie","product_tag-relation-affective","product_tag-roman","product_tag-souffrance","product_tag-temoignage","product_tag-trouble-de-la-memoire"],"jetpack_sharing_enabled":true,"jetpack_likes_enabled":true,"_links":{"self":[{"href":"https:\/\/www.parthages.be\/eboutique\/wp-json\/wp\/v2\/product\/2761","targetHints":{"allow":["GET"]}}],"collection":[{"href":"https:\/\/www.parthages.be\/eboutique\/wp-json\/wp\/v2\/product"}],"about":[{"href":"https:\/\/www.parthages.be\/eboutique\/wp-json\/wp\/v2\/types\/product"}],"replies":[{"embeddable":true,"href":"https:\/\/www.parthages.be\/eboutique\/wp-json\/wp\/v2\/comments?post=2761"}],"wp:featuredmedia":[{"embeddable":true,"href":"https:\/\/www.parthages.be\/eboutique\/wp-json\/wp\/v2\/media\/2762"}],"wp:attachment":[{"href":"https:\/\/www.parthages.be\/eboutique\/wp-json\/wp\/v2\/media?parent=2761"}],"curies":[{"name":"wp","href":"https:\/\/api.w.org\/{rel}","templated":true}]}}