{"id":2763,"date":"2022-06-07T09:56:44","date_gmt":"2022-06-07T07:56:44","guid":{"rendered":"https:\/\/www.parthages.be\/eboutique\/?post_type=product&#038;p=2763"},"modified":"2022-06-07T09:56:44","modified_gmt":"2022-06-07T07:56:44","slug":"lautisme-un-jour-a-la-fois","status":"publish","type":"product","link":"https:\/\/www.parthages.be\/eboutique\/produit\/lautisme-un-jour-a-la-fois\/","title":{"rendered":"L\u2019autisme, un jour \u00e0 la fois"},"content":{"rendered":"<p>Cet ouvrage est le fruit d\u2019un dialogue entre une m\u00e8re empress\u00e9e d\u2019aider sa fille en difficult\u00e9 et une psychologue ayant d\u00e9j\u00e0 accompagn\u00e9 des enfants atteints d\u2019un trouble envahissant du d\u00e9veloppement, apparent\u00e9 \u00e0 l\u2019autisme. Combinant le t\u00e9moignage et l\u2019analyse, ce dialogue est \u00e0 la fois touchant et \u00e9clairant.<br \/>\nEn qu\u00eate d\u2019un diagnostic et de mesures d\u2019accompagnement, les auteures abordent successivement la grossesse de la m\u00e8re, la naissance de la petite Ma\u00eblle, les premiers signes de sa d\u00e9tresse, les inqui\u00e9tudes de la m\u00e8re et le d\u00e9sarroi des proches, la recherche d\u2019un diagnostic avec le soutien des ressources et malgr\u00e9 les failles du syst\u00e8me de sant\u00e9, le choix des m\u00e9thodes d\u2019encadrement, sans oublier les \u00e9tapes du deuil qui m\u00e8neront peu \u00e0 peu \u00e0 la rencontre d\u2019une enfant qui esp\u00e8re, elle aussi, grandir comme les autres, entrer \u00e0 l\u2019\u00e9cole et dans le monde des grands. Le dialogue se termine par l\u2019\u00e9laboration d\u2019un petit guide de survie. (Pr\u00e9sentation de l\u2019\u00e9diteur)<\/p>\n<p>POIRIER N.- KOZMINSKI C.<\/p>\n<p>Chronique sociale et Presses de l&rsquo;Universit\u00e9 Laval<\/p>\n<p>2014-200p.-17.20\u20ac<\/p>\n<p>310gr<\/p>\n<p>ISBN\u00a0: 978-2-342-01964-3<\/p>\n<p>Cote doc: 1-70-POI-A<\/p>\n<span class=\"et_bloom_bottom_trigger\"><\/span>","protected":false},"excerpt":{"rendered":"<p>Cet ouvrage est le fruit d\u2019un dialogue entre une m\u00e8re empress\u00e9e d\u2019aider sa fille en difficult\u00e9 et une psychologue ayant d\u00e9j\u00e0 accompagn\u00e9 des enfants atteints d\u2019un trouble envahissant du d\u00e9veloppement, apparent\u00e9 \u00e0 l\u2019autisme. Combinant le t\u00e9moignage et l\u2019analyse, ce dialogue est \u00e0 la fois touchant et \u00e9clairant.<\/p>\n","protected":false},"featured_media":2764,"comment_status":"closed","ping_status":"closed","template":"","meta":{"_et_pb_use_builder":"","_et_pb_old_content":"","_et_gb_content_width":"","spay_email":""},"class_list":["post-2763","product","type-product","status-publish","has-post-thumbnail","hentry","product_cat-livres","product_tag-autisme","product_tag-deuil","product_tag-diagnostic","product_tag-enfant","product_tag-famille","product_tag-temoignage","product_tag-therapie-de-groupe","product_tag-trouble-du-developpement"],"jetpack_sharing_enabled":true,"jetpack_likes_enabled":true,"_links":{"self":[{"href":"https:\/\/www.parthages.be\/eboutique\/wp-json\/wp\/v2\/product\/2763","targetHints":{"allow":["GET"]}}],"collection":[{"href":"https:\/\/www.parthages.be\/eboutique\/wp-json\/wp\/v2\/product"}],"about":[{"href":"https:\/\/www.parthages.be\/eboutique\/wp-json\/wp\/v2\/types\/product"}],"replies":[{"embeddable":true,"href":"https:\/\/www.parthages.be\/eboutique\/wp-json\/wp\/v2\/comments?post=2763"}],"wp:featuredmedia":[{"embeddable":true,"href":"https:\/\/www.parthages.be\/eboutique\/wp-json\/wp\/v2\/media\/2764"}],"wp:attachment":[{"href":"https:\/\/www.parthages.be\/eboutique\/wp-json\/wp\/v2\/media?parent=2763"}],"curies":[{"name":"wp","href":"https:\/\/api.w.org\/{rel}","templated":true}]}}