{"id":2768,"date":"2022-06-07T09:59:59","date_gmt":"2022-06-07T07:59:59","guid":{"rendered":"https:\/\/www.parthages.be\/eboutique\/?post_type=product&#038;p=2768"},"modified":"2022-06-07T10:00:00","modified_gmt":"2022-06-07T08:00:00","slug":"comprendre-et-traiter-la-psychose","status":"publish","type":"product","link":"https:\/\/www.parthages.be\/eboutique\/produit\/comprendre-et-traiter-la-psychose\/","title":{"rendered":"Comprendre et traiter la psychose"},"content":{"rendered":"<p>Qu&rsquo;est-ce que la psychose? Quels sont les diff\u00e9rents types? Quels en sont les sympt\u00f4mes? Comment la diagnostiquer? Comment la soigner? Existe-t-il des traitements efficaces? Quelles sont les implications dans la vie quotidienne?<\/p>\n<p>Con\u00e7u comme un guide didactique et pratique, cet ouvrage est destin\u00e9 aux personnes qui veulent en savoir plus sur la psychose, ses causes, ses cons\u00e9quences et ses traitements (Pr\u00e9sentation de l\u2019\u00e9diteur)<\/p>\n<p>OSWALD P.<\/p>\n<p>Vivio<\/p>\n<p>2009-81p.<\/p>\n<p>ISBN: 978-2-930365-98-5<\/p>\n<p>Cote doc: 2-30-OSW-C-8<\/p>\n<p><strong><em>Uniquement \u00e0 la location<\/em><\/strong><\/p>\n<span class=\"et_bloom_bottom_trigger\"><\/span>","protected":false},"excerpt":{"rendered":"<p>Qu&rsquo;est-ce que la psychose? Quels sont les diff\u00e9rents types? Quels en sont les sympt\u00f4mes? Comment la diagnostiquer? Comment la soigner? Existe-t-il des traitements efficaces? Quelles sont les implications dans la vie quotidienne?<\/p>\n","protected":false},"featured_media":2769,"comment_status":"closed","ping_status":"closed","template":"","meta":{"_et_pb_use_builder":"","_et_pb_old_content":"","_et_gb_content_width":"","spay_email":""},"class_list":["post-2768","product","type-product","status-publish","has-post-thumbnail","hentry","product_cat-livres","product_tag-diagnostic","product_tag-guide","product_tag-medicament","product_tag-psychose","product_tag-sante-mentale","product_tag-schizophrenie","product_tag-soins","product_tag-therapeutique"],"jetpack_sharing_enabled":true,"jetpack_likes_enabled":true,"_links":{"self":[{"href":"https:\/\/www.parthages.be\/eboutique\/wp-json\/wp\/v2\/product\/2768","targetHints":{"allow":["GET"]}}],"collection":[{"href":"https:\/\/www.parthages.be\/eboutique\/wp-json\/wp\/v2\/product"}],"about":[{"href":"https:\/\/www.parthages.be\/eboutique\/wp-json\/wp\/v2\/types\/product"}],"replies":[{"embeddable":true,"href":"https:\/\/www.parthages.be\/eboutique\/wp-json\/wp\/v2\/comments?post=2768"}],"wp:featuredmedia":[{"embeddable":true,"href":"https:\/\/www.parthages.be\/eboutique\/wp-json\/wp\/v2\/media\/2769"}],"wp:attachment":[{"href":"https:\/\/www.parthages.be\/eboutique\/wp-json\/wp\/v2\/media?parent=2768"}],"curies":[{"name":"wp","href":"https:\/\/api.w.org\/{rel}","templated":true}]}}