{"id":2770,"date":"2022-06-07T10:01:04","date_gmt":"2022-06-07T08:01:04","guid":{"rendered":"https:\/\/www.parthages.be\/eboutique\/?post_type=product&#038;p=2770"},"modified":"2022-06-07T10:01:05","modified_gmt":"2022-06-07T08:01:05","slug":"naitre-a-lautisme-lenfant-refuse","status":"publish","type":"product","link":"https:\/\/www.parthages.be\/eboutique\/produit\/naitre-a-lautisme-lenfant-refuse\/","title":{"rendered":"Na\u00eetre \u00e0 l&rsquo;autisme, l\u2019enfant refus\u00e9"},"content":{"rendered":"<p>Sit\u00f4t la naissance d&rsquo;un troisi\u00e8me enfant qu&rsquo;elle n&rsquo;avait pas d\u00e9sir\u00e9, la m\u00e8re d\u00e9tourna son regard du nourrisson, for\u00e7ant le regard de celui-ci \u00e0 faire retour sur lui-m\u00eame. A la relation fusionnelle s&rsquo;opposa une \u00ab\u00a0relation fusionnelle\u00a0\u00bb marqu\u00e9e de froideur affective. M\u00e8re et nourrisson se port\u00e8rent un regard mutuellement absent, un d\u00e9sint\u00e9r\u00eat et une indiff\u00e9rence r\u00e9ciproques g\u00e9n\u00e9rant un trouble autistique chez l&rsquo;enfant livr\u00e9 \u00e0 ses angoisses psychotiques. Cet ouvrage livre le t\u00e9moignage du propre autisme infantile v\u00e9cu par l&rsquo;auteur rapportant l&rsquo;inqui\u00e9tante \u00e9tranget\u00e9 d&rsquo;un v\u00e9cu personnel, vu et d\u00e9crit de l&rsquo;int\u00e9rieur. (Pr\u00e9sentation de l\u2019\u00e9diteur)<\/p>\n<p>MURANO J.<\/p>\n<p>L&rsquo;Harmattan<\/p>\n<p>2010-108p.-11.50\u20ac<\/p>\n<p>123g<\/p>\n<p>ISBN: 978-2-296-10691-8<\/p>\n<p>Cote doc: 1-70-MUR-N<\/p>\n<span class=\"et_bloom_bottom_trigger\"><\/span>","protected":false},"excerpt":{"rendered":"<p>Sit\u00f4t la naissance d&rsquo;un troisi\u00e8me enfant qu&rsquo;elle n&rsquo;avait pas d\u00e9sir\u00e9, la m\u00e8re d\u00e9tourna son regard du nourrisson, for\u00e7ant le regard de celui-ci \u00e0 faire retour sur lui-m\u00eame.<\/p>\n","protected":false},"featured_media":2771,"comment_status":"closed","ping_status":"closed","template":"","meta":{"_et_pb_use_builder":"","_et_pb_old_content":"","_et_gb_content_width":"","spay_email":""},"class_list":["post-2770","product","type-product","status-publish","has-post-thumbnail","hentry","product_cat-livres","product_tag-abandon","product_tag-accouchement","product_tag-autisme","product_tag-desir-denfant","product_tag-filiation","product_tag-psychopathologie","product_tag-relation-mere-enfant","product_tag-vie-familiale"],"jetpack_sharing_enabled":true,"jetpack_likes_enabled":true,"_links":{"self":[{"href":"https:\/\/www.parthages.be\/eboutique\/wp-json\/wp\/v2\/product\/2770","targetHints":{"allow":["GET"]}}],"collection":[{"href":"https:\/\/www.parthages.be\/eboutique\/wp-json\/wp\/v2\/product"}],"about":[{"href":"https:\/\/www.parthages.be\/eboutique\/wp-json\/wp\/v2\/types\/product"}],"replies":[{"embeddable":true,"href":"https:\/\/www.parthages.be\/eboutique\/wp-json\/wp\/v2\/comments?post=2770"}],"wp:featuredmedia":[{"embeddable":true,"href":"https:\/\/www.parthages.be\/eboutique\/wp-json\/wp\/v2\/media\/2771"}],"wp:attachment":[{"href":"https:\/\/www.parthages.be\/eboutique\/wp-json\/wp\/v2\/media?parent=2770"}],"curies":[{"name":"wp","href":"https:\/\/api.w.org\/{rel}","templated":true}]}}