{"id":2779,"date":"2022-07-26T08:10:49","date_gmt":"2022-07-26T06:10:49","guid":{"rendered":"https:\/\/www.parthages.be\/eboutique\/?post_type=product&#038;p=2779"},"modified":"2022-07-26T08:10:50","modified_gmt":"2022-07-26T06:10:50","slug":"comprendre-et-traiter-les-maladies-inflammatoires-chroniques-intestinales-mici","status":"publish","type":"product","link":"https:\/\/www.parthages.be\/eboutique\/produit\/comprendre-et-traiter-les-maladies-inflammatoires-chroniques-intestinales-mici\/","title":{"rendered":"Comprendre et traiter les maladies inflammatoires chroniques intestinales (MICI)"},"content":{"rendered":"<p>Que sont les maladies inflammatoires chroniques intestinales? Quelles en sont les causes et les complications? Comment pose-t-on le diagnostic de ces maladies? Quels sont les traitements disponibles et comment adapter son mode de vie?<\/p>\n<p>Cet ouvrage est con\u00e7u comme un guide didactique et pratique. Il offre aux personnes qui veulent en savoir plus sur les maladies inflammatoires chroniques intestinales, des r\u00e9ponses \u00e0 toutes les questions qu&rsquo;ils se posent. (Pr\u00e9sentation de l\u2019\u00e9diteur)<\/p>\n<p>BOUHDID H.<\/p>\n<p>Vivio<\/p>\n<p>2009-78p.<\/p>\n<p>ISBN: 978-2-87512-026-7<\/p>\n<p>Cote doc: 1-70-BOU-C26<\/p>\n<p><strong><em>Uniquement \u00e0 la location<\/em><\/strong><\/p>\n<span class=\"et_bloom_bottom_trigger\"><\/span>","protected":false},"excerpt":{"rendered":"<p>Que sont les maladies inflammatoires chroniques intestinales? Quelles en sont les causes et les complications? Comment pose-t-on le diagnostic de ces maladies? Quels sont les traitements disponibles et comment adapter son mode de vie?<\/p>\n","protected":false},"featured_media":2780,"comment_status":"closed","ping_status":"closed","template":"","meta":{"_et_pb_use_builder":"","_et_pb_old_content":"","_et_gb_content_width":"","spay_email":""},"class_list":["post-2779","product","type-product","status-publish","has-post-thumbnail","hentry","product_cat-livres","product_tag-diagnostic","product_tag-guide","product_tag-intestin","product_tag-maladie-digestive","product_tag-soins","product_tag-therapeutique"],"jetpack_sharing_enabled":true,"jetpack_likes_enabled":true,"_links":{"self":[{"href":"https:\/\/www.parthages.be\/eboutique\/wp-json\/wp\/v2\/product\/2779","targetHints":{"allow":["GET"]}}],"collection":[{"href":"https:\/\/www.parthages.be\/eboutique\/wp-json\/wp\/v2\/product"}],"about":[{"href":"https:\/\/www.parthages.be\/eboutique\/wp-json\/wp\/v2\/types\/product"}],"replies":[{"embeddable":true,"href":"https:\/\/www.parthages.be\/eboutique\/wp-json\/wp\/v2\/comments?post=2779"}],"wp:featuredmedia":[{"embeddable":true,"href":"https:\/\/www.parthages.be\/eboutique\/wp-json\/wp\/v2\/media\/2780"}],"wp:attachment":[{"href":"https:\/\/www.parthages.be\/eboutique\/wp-json\/wp\/v2\/media?parent=2779"}],"curies":[{"name":"wp","href":"https:\/\/api.w.org\/{rel}","templated":true}]}}