{"id":278,"date":"2012-11-29T10:23:32","date_gmt":"2012-11-29T09:23:32","guid":{"rendered":"https:\/\/www.parthages.be\/wordpress\/produit\/quelqu-un-que-j-aime-est-tres-malade\/"},"modified":"2022-10-01T18:21:31","modified_gmt":"2022-10-01T16:21:31","slug":"quelqu-un-que-j-aime-est-tres-malade","status":"publish","type":"product","link":"https:\/\/www.parthages.be\/eboutique\/produit\/quelqu-un-que-j-aime-est-tres-malade\/","title":{"rendered":"Quelqu&rsquo;un que j&rsquo;aime est tr\u00e8s malade"},"content":{"rendered":"<p>La maladie grave bouleverse la vie de tout un chacun.<br \/>\nElle ne touche pas uniquement la personne malade mais \u00e9galement tout son entourage. La maladie grave ne laisse personne indiff\u00e9rent.<\/p>\n<p>Il en va de m\u00eame pour la personne handicap\u00e9e mentale qui sera t\u00f4t ou tard, confront\u00e9e elle aussi \u00e0 la maladie d\u2019un proche.<\/p>\n<p>Le fait que la vie de son proche malade soit menac\u00e9e en fait un \u00e9v\u00e9nement qui va capter une grande part de son \u00e9nergie.<br \/>\nEt cet \u00e9v\u00e9nement majeur aura tr\u00e8s certainement une forte influence sur sa vie quotidienne et, sans doute, sur son avenir.<\/p>\n<p>Il est donc important que la personne handicap\u00e9e mentale confront\u00e9e \u00e0 la maladie d\u2019un de ses proches, se sente concern\u00e9e par ce qui se passe et puisse recevoir une information correcte afin de se faire une id\u00e9e juste et r\u00e9aliste de la maladie et de ses cons\u00e9quences.<\/p>\n<p>C\u2019est dans cette optique d\u2019accompagnement que le groupe \u00ab\u00a0Brux\u2019Ain\u00e9s\u00a0\u00bb\u00a0a r\u00e9alis\u00e9 ce livre-outil didactique destin\u00e9 \u00e0 aider la personne adulte handicap\u00e9e mentale \u00e0 comprendre et \u00e0 vivre au mieux la maladie de son proche, qu\u2019il soit un parent, un ami, un \u00e9ducateur ou toute autre personne qu\u2019elle aime.<\/p>\n<p><u>Dans le m\u00eame concept que\u00a0<em>\u00ab\u00a0Vivre un chagrin apr\u00e8s la mort d\u2019un proche\u00a0\u00bb,<\/em>\u00a0ce nouveau livre-outil poursuit lui aussi deux objectifs<\/u>\u00a0:<br \/>\n\u2013 Dans la premi\u00e8re partie, il permet \u00e0 la personne de r\u00e9pondre aux questions qu\u2019elle se pose sur la maladie de son proche et ses cons\u00e9quences.<br \/>\n\u2013 Dans la deuxi\u00e8me partie, il permet l\u2019expression et la reconnaissance des \u00e9motions \u00e9prouv\u00e9es par la personne lors de la maladie de son proche.<\/p>\n<p>(Pr\u00e9sentation de l\u2019\u00e9diteur)<\/p>\n<p>BINDELS A.- SENEPART F.- LEPLAT D.<\/p>\n<p>Brux&rsquo;ain\u00e9s<\/p>\n<p>2009-26p-10\u20ac<\/p>\n<p>Cote doc\u00a0: 9-20-BIN-Q<\/p>\n<span class=\"et_bloom_bottom_trigger\"><\/span>","protected":false},"excerpt":{"rendered":"<p>La maladie grave bouleverse la vie de tout un chacun.<br \/>\nElle ne touche pas uniquement la personne malade mais \u00e9galement tout son entourage. La maladie grave ne laisse personne indiff\u00e9rent.<\/p>\n","protected":false},"featured_media":277,"comment_status":"open","ping_status":"closed","template":"","meta":{"_et_pb_use_builder":"","_et_pb_old_content":"","_et_gb_content_width":"","spay_email":""},"class_list":["post-278","product","type-product","status-publish","has-post-thumbnail","hentry","product_cat-livres","product_tag-accompagnement","product_tag-accompagnement-pedagogique","product_tag-handicap-mental","product_tag-maladie","product_tag-outil"],"jetpack_sharing_enabled":true,"jetpack_likes_enabled":true,"_links":{"self":[{"href":"https:\/\/www.parthages.be\/eboutique\/wp-json\/wp\/v2\/product\/278","targetHints":{"allow":["GET"]}}],"collection":[{"href":"https:\/\/www.parthages.be\/eboutique\/wp-json\/wp\/v2\/product"}],"about":[{"href":"https:\/\/www.parthages.be\/eboutique\/wp-json\/wp\/v2\/types\/product"}],"replies":[{"embeddable":true,"href":"https:\/\/www.parthages.be\/eboutique\/wp-json\/wp\/v2\/comments?post=278"}],"wp:featuredmedia":[{"embeddable":true,"href":"https:\/\/www.parthages.be\/eboutique\/wp-json\/wp\/v2\/media\/277"}],"wp:attachment":[{"href":"https:\/\/www.parthages.be\/eboutique\/wp-json\/wp\/v2\/media?parent=278"}],"curies":[{"name":"wp","href":"https:\/\/api.w.org\/{rel}","templated":true}]}}