{"id":2781,"date":"2022-07-26T08:13:17","date_gmt":"2022-07-26T06:13:17","guid":{"rendered":"https:\/\/www.parthages.be\/eboutique\/?post_type=product&#038;p=2781"},"modified":"2022-07-26T08:13:18","modified_gmt":"2022-07-26T06:13:18","slug":"comprendre-et-traiter-mon-risque-cardiovasculaire","status":"publish","type":"product","link":"https:\/\/www.parthages.be\/eboutique\/produit\/comprendre-et-traiter-mon-risque-cardiovasculaire\/","title":{"rendered":"Comprendre et traiter mon risque cardiovasculaire"},"content":{"rendered":"<p>Qu&rsquo;est-ce que le risque cardiovasculaire? Comment calculer mon risque cardiovasculaire ? Que puis-je faire pour diminuer ce risque? Con\u00e7u comme un guide didactique et pratique, cet ouvrage vous permettra de prendre conscience de l&rsquo;\u00e9tat de vos art\u00e8res et vous motivera \u00e0 en prendre soin. (Pr\u00e9sentation de l\u2019\u00e9diteur)<\/p>\n<p>BOLAND B.- HINDLET J-Y.<\/p>\n<p>Vivio<\/p>\n<p>2007-76p.<\/p>\n<p>ISBN: 978-2-930365-49-7<\/p>\n<p>Cote doc: 1-70-BOL-C-10<\/p>\n<p><strong><em>Uniquement \u00e0 la location<\/em><\/strong><\/p>\n<span class=\"et_bloom_bottom_trigger\"><\/span>","protected":false},"excerpt":{"rendered":"<p>Qu&rsquo;est-ce que le risque cardiovasculaire? Comment calculer mon risque cardiovasculaire ?<\/p>\n","protected":false},"featured_media":2782,"comment_status":"closed","ping_status":"closed","template":"","meta":{"_et_pb_use_builder":"","_et_pb_old_content":"","_et_gb_content_width":"","spay_email":""},"class_list":["post-2781","product","type-product","status-publish","has-post-thumbnail","hentry","product_cat-livres","product_tag-diagnostic","product_tag-guide","product_tag-maladie-cardio-vasculaire","product_tag-medicament","product_tag-prevention","product_tag-soins","product_tag-systeme-cardiovasculaire","product_tag-therapeutique"],"jetpack_sharing_enabled":true,"jetpack_likes_enabled":true,"_links":{"self":[{"href":"https:\/\/www.parthages.be\/eboutique\/wp-json\/wp\/v2\/product\/2781","targetHints":{"allow":["GET"]}}],"collection":[{"href":"https:\/\/www.parthages.be\/eboutique\/wp-json\/wp\/v2\/product"}],"about":[{"href":"https:\/\/www.parthages.be\/eboutique\/wp-json\/wp\/v2\/types\/product"}],"replies":[{"embeddable":true,"href":"https:\/\/www.parthages.be\/eboutique\/wp-json\/wp\/v2\/comments?post=2781"}],"wp:featuredmedia":[{"embeddable":true,"href":"https:\/\/www.parthages.be\/eboutique\/wp-json\/wp\/v2\/media\/2782"}],"wp:attachment":[{"href":"https:\/\/www.parthages.be\/eboutique\/wp-json\/wp\/v2\/media?parent=2781"}],"curies":[{"name":"wp","href":"https:\/\/api.w.org\/{rel}","templated":true}]}}