{"id":2783,"date":"2022-07-26T08:14:32","date_gmt":"2022-07-26T06:14:32","guid":{"rendered":"https:\/\/www.parthages.be\/eboutique\/?post_type=product&#038;p=2783"},"modified":"2022-07-26T08:14:32","modified_gmt":"2022-07-26T06:14:32","slug":"comprendre-et-traiter-la-sclerose-en-plaques","status":"publish","type":"product","link":"https:\/\/www.parthages.be\/eboutique\/produit\/comprendre-et-traiter-la-sclerose-en-plaques\/","title":{"rendered":"Comprendre et traiter la scl\u00e9rose en plaques"},"content":{"rendered":"<p>Qu&rsquo;est-ce que la scl\u00e9rose en plaques? Quels en sont les diff\u00e9rents sympt\u00f4mes? Quelles sont les causes de la maladie? Comment pose-t-on le diagnostic de scl\u00e9rose en plaques? Quels ont les traitements? Comment adapter son mode de vie lorsqu&rsquo;on souffre de scl\u00e9rose en plaques? Con\u00e7u comme un guide didactique et pratique, cet ouvrage est destin\u00e9 aux personnes qui veulent en savoir plus sur la scl\u00e9rose en plaques, ses causes et ses traitements. (Pr\u00e9sentation de l\u2019\u00e9diteur)<\/p>\n<p>BARTHOLOME E.<\/p>\n<p>Vivio<\/p>\n<p>2006-86p.<\/p>\n<p>ISBN: 2-930365-84-8<\/p>\n<p>Cote doc: 1-70-BAR-C-3<\/p>\n<p><strong><em>Uniquement \u00e0 la location<\/em><\/strong><\/p>\n<span class=\"et_bloom_bottom_trigger\"><\/span>","protected":false},"excerpt":{"rendered":"<p>Qu&rsquo;est-ce que la scl\u00e9rose en plaques? Quels en sont les diff\u00e9rents sympt\u00f4mes?<\/p>\n","protected":false},"featured_media":2784,"comment_status":"closed","ping_status":"closed","template":"","meta":{"_et_pb_use_builder":"","_et_pb_old_content":"","_et_gb_content_width":"","spay_email":""},"class_list":["post-2783","product","type-product","status-publish","has-post-thumbnail","hentry","product_cat-livres","product_tag-diagnostic","product_tag-guide","product_tag-maladie-neurologique","product_tag-medicament","product_tag-personne-handicapee","product_tag-sclerose-en-plaque","product_tag-soins"],"jetpack_sharing_enabled":true,"jetpack_likes_enabled":true,"_links":{"self":[{"href":"https:\/\/www.parthages.be\/eboutique\/wp-json\/wp\/v2\/product\/2783","targetHints":{"allow":["GET"]}}],"collection":[{"href":"https:\/\/www.parthages.be\/eboutique\/wp-json\/wp\/v2\/product"}],"about":[{"href":"https:\/\/www.parthages.be\/eboutique\/wp-json\/wp\/v2\/types\/product"}],"replies":[{"embeddable":true,"href":"https:\/\/www.parthages.be\/eboutique\/wp-json\/wp\/v2\/comments?post=2783"}],"wp:featuredmedia":[{"embeddable":true,"href":"https:\/\/www.parthages.be\/eboutique\/wp-json\/wp\/v2\/media\/2784"}],"wp:attachment":[{"href":"https:\/\/www.parthages.be\/eboutique\/wp-json\/wp\/v2\/media?parent=2783"}],"curies":[{"name":"wp","href":"https:\/\/api.w.org\/{rel}","templated":true}]}}