{"id":2785,"date":"2022-07-26T08:30:18","date_gmt":"2022-07-26T06:30:18","guid":{"rendered":"https:\/\/www.parthages.be\/eboutique\/?post_type=product&#038;p=2785"},"modified":"2022-07-26T08:30:33","modified_gmt":"2022-07-26T06:30:33","slug":"autismes-les-inquietudes-dune-psychanalyste","status":"publish","type":"product","link":"https:\/\/www.parthages.be\/eboutique\/produit\/autismes-les-inquietudes-dune-psychanalyste\/","title":{"rendered":"Autismes, les inqui\u00e9tudes d\u2019une psychanalyste"},"content":{"rendered":"<p>Marie Dominique Amy est psychologue clinicienne et psychanalyste. Elle suit des enfants et des adolescents autistes et leurs familles depuis quarante ans dont vingt-sept ans dans le cadre d\u2019un CMP (suivis ambulatoires) et d\u2019un h\u00f4pital de jour o\u00f9 elle a cr\u00e9\u00e9 en 1997 une unit\u00e9 de soins \u00e0 temps partiel pour tr\u00e8s jeunes enfants autistes (\u00e0 partir de deux ans) articulant la psychodynamique, le TEACCH, l\u2019orthophonie et la psychomotricit\u00e9.<\/p>\n<p>Son engagement aupr\u00e8s des familles et des enfants autistes la conduit \u00e0 prendre la parole pour d\u00e9noncer la rigidit\u00e9, l\u2019autoritarisme et la standardisation des approches dict\u00e9es par le \u00ab\u00a0troisi\u00e8me plan autisme\u00a0\u00bb qui mettent en danger la libert\u00e9 de choix des parents, les approches individualis\u00e9es et la cr\u00e9ativit\u00e9 des professionnels.<\/p>\n<p>Elle revient sur la plupart des mauvais proc\u00e8s intent\u00e9s en sorcellerie contre la psychopathologie d\u2019inspiration psychanalytique en pointant les aspects id\u00e9ologiques emp\u00eachant un vrai d\u00e9bat. Dans une logique d\u2019ouverture, elle d\u00e9veloppe des propositions d\u2019observation, d\u2019\u00e9valuation et de suivis pluridisciplinaires et transdisciplinaires \u2013 incluant la psychanalyse, les approches \u00e9ducatives, les recherches des neurosciences et les pratiques int\u00e9gratives entreprises avec les enfants TED\/TSA. (Pr\u00e9sentation de l\u2019\u00e9diteur)<\/p>\n<p>Pr\u00e9face de\u00a0Pierre DELION<\/p>\n<p>AMY M-D.<\/p>\n<p>Editions Er\u00e8s<\/p>\n<p>2015-250p.- 189gr<\/p>\n<p>ISBN: 978-2-7492-4902-5<\/p>\n<p>Cote doc: 1-70-AMY-A2<\/p>\n<span class=\"et_bloom_bottom_trigger\"><\/span>","protected":false},"excerpt":{"rendered":"<p>Marie Dominique Amy est psychologue clinicienne et psychanalyste. Elle suit des enfants et des adolescents autistes et leurs familles depuis quarante ans&#8230;<\/p>\n","protected":false},"featured_media":2786,"comment_status":"closed","ping_status":"closed","template":"","meta":{"_et_pb_use_builder":"","_et_pb_old_content":"","_et_gb_content_width":"","spay_email":""},"class_list":["post-2785","product","type-product","status-publish","has-post-thumbnail","hentry","product_cat-livres","product_tag-autisme","product_tag-education","product_tag-personne-handicapee","product_tag-prise-en-charge","product_tag-psychanalyse","product_tag-relation-famille-soignant","product_tag-respect","product_tag-therapie-cognitivo-comportementale"],"jetpack_sharing_enabled":true,"jetpack_likes_enabled":true,"_links":{"self":[{"href":"https:\/\/www.parthages.be\/eboutique\/wp-json\/wp\/v2\/product\/2785","targetHints":{"allow":["GET"]}}],"collection":[{"href":"https:\/\/www.parthages.be\/eboutique\/wp-json\/wp\/v2\/product"}],"about":[{"href":"https:\/\/www.parthages.be\/eboutique\/wp-json\/wp\/v2\/types\/product"}],"replies":[{"embeddable":true,"href":"https:\/\/www.parthages.be\/eboutique\/wp-json\/wp\/v2\/comments?post=2785"}],"wp:featuredmedia":[{"embeddable":true,"href":"https:\/\/www.parthages.be\/eboutique\/wp-json\/wp\/v2\/media\/2786"}],"wp:attachment":[{"href":"https:\/\/www.parthages.be\/eboutique\/wp-json\/wp\/v2\/media?parent=2785"}],"curies":[{"name":"wp","href":"https:\/\/api.w.org\/{rel}","templated":true}]}}