{"id":2787,"date":"2022-07-26T08:35:21","date_gmt":"2022-07-26T06:35:21","guid":{"rendered":"https:\/\/www.parthages.be\/eboutique\/?post_type=product&#038;p=2787"},"modified":"2022-07-26T08:35:22","modified_gmt":"2022-07-26T06:35:22","slug":"code-de-bonnes-pratiques-pour-la-prevention-de-la-violence-et-des-abus-a-legard-des-personnes-autistes","status":"publish","type":"product","link":"https:\/\/www.parthages.be\/eboutique\/produit\/code-de-bonnes-pratiques-pour-la-prevention-de-la-violence-et-des-abus-a-legard-des-personnes-autistes\/","title":{"rendered":"Code de bonnes pratiques pour la pr\u00e9vention de la violence et des abus \u00e0 l&rsquo;\u00e9gard des personnes autistes"},"content":{"rendered":"<p><strong><em>Brochure<\/em><\/strong><\/p>\n<p>Aper\u00e7u g\u00e9n\u00e9ral<\/p>\n<p>Particularit\u00e9s de l&rsquo;autisme<\/p>\n<p>Facteurs de risque de maltraitance dans le milieu familial<\/p>\n<p>Il est bien temps! L\u2019autisme et la psychanalyse<\/p>\n<p>Facteurs de risque inh\u00e9rents au personnel et aux structures des institutions<\/p>\n<p>Pr\u00e9vention de la violence intervention sur la personne atteinte d&rsquo;autisme<\/p>\n<p>Pr\u00e9vention de la maltraitance en famille<\/p>\n<p>Pr\u00e9vention au sein des services et \u00e9tablissements<\/p>\n<p>L&rsquo;importance de la formation dans la pr\u00e9vention de la violence et des abus envers les personnes autistes<\/p>\n<p>Un code d\u00e9ontologique pour une utilisation ad\u00e9quate des m\u00e9dicaments administr\u00e9s aux personnes autistes<\/p>\n<p>Dimension europ\u00e9enne<\/p>\n<p>Les possibilit\u00e9s de changement \u00e9tude du cas de la Grande-bretagne<\/p>\n<p>Conclusions et recommandations. (Pr\u00e9sentation de l\u2019\u00e9diteur)<\/p>\n<p>WILLIAMS C. -DIJKXHOORN Y. &#8211; VIVANTI D.- GERLAND G.- FOUBERT A.- PINTO DE FREITAS P.<\/p>\n<p>AUTISME-EUROPE<\/p>\n<p>1998- 94p.<\/p>\n<p>Cote doc: 1-70-AE-C<\/p>\n<p><strong><em>Uniquement \u00e0 la location<\/em><\/strong><\/p>\n<span class=\"et_bloom_bottom_trigger\"><\/span>","protected":false},"excerpt":{"rendered":"<p><strong><em>Brochure<\/em><\/strong><\/p>\n","protected":false},"featured_media":2788,"comment_status":"closed","ping_status":"closed","template":"","meta":{"_et_pb_use_builder":"","_et_pb_old_content":"","_et_gb_content_width":"","spay_email":""},"class_list":["post-2787","product","type-product","status-publish","has-post-thumbnail","hentry","product_cat-livres","product_tag-abus","product_tag-autisme","product_tag-europe","product_tag-formation","product_tag-grande-bretagne","product_tag-historique","product_tag-maltraitance","product_tag-medicament","product_tag-milieu-familial","product_tag-personne-handicapee","product_tag-prevention","product_tag-psychanalyse","product_tag-recommandation","product_tag-violence"],"jetpack_sharing_enabled":true,"jetpack_likes_enabled":true,"_links":{"self":[{"href":"https:\/\/www.parthages.be\/eboutique\/wp-json\/wp\/v2\/product\/2787","targetHints":{"allow":["GET"]}}],"collection":[{"href":"https:\/\/www.parthages.be\/eboutique\/wp-json\/wp\/v2\/product"}],"about":[{"href":"https:\/\/www.parthages.be\/eboutique\/wp-json\/wp\/v2\/types\/product"}],"replies":[{"embeddable":true,"href":"https:\/\/www.parthages.be\/eboutique\/wp-json\/wp\/v2\/comments?post=2787"}],"wp:featuredmedia":[{"embeddable":true,"href":"https:\/\/www.parthages.be\/eboutique\/wp-json\/wp\/v2\/media\/2788"}],"wp:attachment":[{"href":"https:\/\/www.parthages.be\/eboutique\/wp-json\/wp\/v2\/media?parent=2787"}],"curies":[{"name":"wp","href":"https:\/\/api.w.org\/{rel}","templated":true}]}}