{"id":2789,"date":"2022-07-26T08:37:55","date_gmt":"2022-07-26T06:37:55","guid":{"rendered":"https:\/\/www.parthages.be\/eboutique\/?post_type=product&#038;p=2789"},"modified":"2022-07-26T08:37:56","modified_gmt":"2022-07-26T06:37:56","slug":"vivre-chez-soi-apres-65-ans-atlas-des-besoins-et-des-acteurs-sociaux","status":"publish","type":"product","link":"https:\/\/www.parthages.be\/eboutique\/produit\/vivre-chez-soi-apres-65-ans-atlas-des-besoins-et-des-acteurs-sociaux\/","title":{"rendered":"Vivre chez soi apr\u00e8s 65 ans : atlas des besoins et des acteurs sociaux"},"content":{"rendered":"<p><strong><em>Dossier<\/em><\/strong><\/p>\n<p>Cet atlas est le r\u00e9sultat d&rsquo;une collaboration entre le Centre de Documentation et de Coordination Sociales et l&rsquo;Observatoire de la Sant\u00e9 et du Social, soutenue par les trois commissions communautaires bruxelloises.<\/p>\n<p>Au centre de cet atlas on trouvera un inventaire de l&rsquo;offre des services sociaux et de sant\u00e9 permettant au Bruxellois \u00e2g\u00e9s de vivre le plus longtemps possible \u00e0 domicile.<\/p>\n<p>Cet inventaire est pr\u00e9c\u00e9d\u00e9 par un important chapitre qui d\u00e9crit la situation socio-sanitaire des Bruxellois \u00e2g\u00e9s et aborde des questions telles que \u00ab\u00a0comment per\u00e7oivent-ils leur sant\u00e9, \u00e0 quelles limitations sont-ils confront\u00e9s dans leur vie quotidienne, dans quelle mesure vivent-ils plus longtemps en couple ou au contraire sont-ils isol\u00e9s,&#8230;, qu&rsquo;en est-il de leurs revenus ?<\/p>\n<p>Dans une derni\u00e8re partie, les diff\u00e9rentes sources d&rsquo;information sont confront\u00e9es pour tenter d&rsquo;\u00e9valuer si l&rsquo;offre est adapt\u00e9e aux besoins et \u00e0 la demande des personnes \u00e2g\u00e9es vivant \u00e0 domicile en R\u00e9gion bruxelloise. Le grand nombre d&rsquo;acteurs concern\u00e9s montre qu&rsquo;une attention r\u00e9elle est port\u00e9e au maintien des personnes \u00e2g\u00e9es \u00e0 domicile, m\u00eame s&rsquo;il y a encore des efforts \u00e0 faire pour rencontrer l&rsquo;ensemble des besoins.<\/p>\n<p>OBSERVATOIRE DE LA SANTE ET DU SOCIAL BRUXELLES<\/p>\n<p>CENTRE DE DOCUMENTATION ET DE COORDINATION SOCIALES<\/p>\n<p>DOSSIERS DE L&rsquo;OBSERVATOIRE (les)<\/p>\n<p>2007-224p.<\/p>\n<p>Cote doc: 1-60-OSS-V<\/p>\n<p><strong><em>Uniquement \u00e0 la location<\/em><\/strong><\/p>\n<span class=\"et_bloom_bottom_trigger\"><\/span>","protected":false},"excerpt":{"rendered":"<p>Dossier<\/p>\n","protected":false},"featured_media":2790,"comment_status":"closed","ping_status":"closed","template":"","meta":{"_et_pb_use_builder":"","_et_pb_old_content":"","_et_gb_content_width":"","spay_email":""},"class_list":["post-2789","product","type-product","status-publish","has-post-thumbnail","hentry","product_cat-livres","product_tag-aide-a-domicile","product_tag-analyse-de-situation","product_tag-besoin","product_tag-bruxelles-capitale","product_tag-intervenant","product_tag-personne-agee","product_tag-repertoire","product_tag-sante","product_tag-service-daide-a-domicile","product_tag-service-de-sante","product_tag-service-social","product_tag-statistique"],"jetpack_sharing_enabled":true,"jetpack_likes_enabled":true,"_links":{"self":[{"href":"https:\/\/www.parthages.be\/eboutique\/wp-json\/wp\/v2\/product\/2789","targetHints":{"allow":["GET"]}}],"collection":[{"href":"https:\/\/www.parthages.be\/eboutique\/wp-json\/wp\/v2\/product"}],"about":[{"href":"https:\/\/www.parthages.be\/eboutique\/wp-json\/wp\/v2\/types\/product"}],"replies":[{"embeddable":true,"href":"https:\/\/www.parthages.be\/eboutique\/wp-json\/wp\/v2\/comments?post=2789"}],"wp:featuredmedia":[{"embeddable":true,"href":"https:\/\/www.parthages.be\/eboutique\/wp-json\/wp\/v2\/media\/2790"}],"wp:attachment":[{"href":"https:\/\/www.parthages.be\/eboutique\/wp-json\/wp\/v2\/media?parent=2789"}],"curies":[{"name":"wp","href":"https:\/\/api.w.org\/{rel}","templated":true}]}}