{"id":2791,"date":"2022-07-26T08:39:09","date_gmt":"2022-07-26T06:39:09","guid":{"rendered":"https:\/\/www.parthages.be\/eboutique\/?post_type=product&#038;p=2791"},"modified":"2022-07-26T08:42:43","modified_gmt":"2022-07-26T06:42:43","slug":"atlas-de-la-sante-et-du-social-de-bruxelles-capitale-2006","status":"publish","type":"product","link":"https:\/\/www.parthages.be\/eboutique\/produit\/atlas-de-la-sante-et-du-social-de-bruxelles-capitale-2006\/","title":{"rendered":"Atlas de la sant\u00e9 et du social de Bruxelles-Capitale 2006"},"content":{"rendered":"<p><strong><em>Dossier<\/em><\/strong><\/p>\n<p>Cet atlas est comme un album photos d\u00e9taill\u00e9 de la R\u00e9gion Bruxelloise qui rend lisibles les informations sur la situation d\u00e9mographique, sociale et de sant\u00e9 des bruxellois jusqu&rsquo;au niveau des secteurs statistiques. Il rassemble des cartes largement comment\u00e9es illustrant chacune des diff\u00e9rences spatiales d&rsquo;un aspect de la vie quotidienne. Comment sont log\u00e9s les Bruxellois dans les diff\u00e9rences zones de la ville, dans quels quartiers se concentrent les grandes familles ou les personnes isol\u00e9es, quelle est la composition par \u00e2ge de la population des diff\u00e9rents quartiers, o\u00f9 habitent les \u00e9tudiants, la population active et les ch\u00f4meurs, comment se distribuent les revenus, comment les Bruxellois des diff\u00e9rents quartiers per\u00e7oivent-ils leur \u00e9tat de sant\u00e9&#8230;?<\/p>\n<p>L&rsquo;ensemble illustre la diversit\u00e9 \u00e0 l&rsquo;int\u00e9rieur de la R\u00e9gion bruxelloise. Il offre l&rsquo;image en mosa\u00efque d&rsquo;une ville internationale dynamique, bouillonnante et productrice de richesses, mais aussi d&rsquo;une ville o\u00f9 pauvret\u00e9 et richesse s&rsquo;opposent fortement.<\/p>\n<p>OBSERVATOIRE DE LA SANTE ET DU SOCIAL BRUXELLES<\/p>\n<p>DOSSIERS DE L&rsquo;OBSERVATOIRE (les)<\/p>\n<p>2007-152p.<\/p>\n<p>Cote doc: 1-60-OSS-A<\/p>\n<p><strong><em>Uniquement \u00e0 la location<\/em><\/strong><\/p>\n<span class=\"et_bloom_bottom_trigger\"><\/span>","protected":false},"excerpt":{"rendered":"<p>Dossier<\/p>\n","protected":false},"featured_media":2792,"comment_status":"closed","ping_status":"closed","template":"","meta":{"_et_pb_use_builder":"","_et_pb_old_content":"","_et_gb_content_width":"","spay_email":""},"class_list":["post-2791","product","type-product","status-publish","has-post-thumbnail","hentry","product_cat-livres","product_tag-aide-a-domicile","product_tag-analyse-de-situation","product_tag-besoin","product_tag-bruxelles-capitale","product_tag-demographie","product_tag-intervenant","product_tag-repertoire","product_tag-sante","product_tag-service-daide-a-domicile","product_tag-service-de-sante","product_tag-service-social"],"jetpack_sharing_enabled":true,"jetpack_likes_enabled":true,"_links":{"self":[{"href":"https:\/\/www.parthages.be\/eboutique\/wp-json\/wp\/v2\/product\/2791","targetHints":{"allow":["GET"]}}],"collection":[{"href":"https:\/\/www.parthages.be\/eboutique\/wp-json\/wp\/v2\/product"}],"about":[{"href":"https:\/\/www.parthages.be\/eboutique\/wp-json\/wp\/v2\/types\/product"}],"replies":[{"embeddable":true,"href":"https:\/\/www.parthages.be\/eboutique\/wp-json\/wp\/v2\/comments?post=2791"}],"wp:featuredmedia":[{"embeddable":true,"href":"https:\/\/www.parthages.be\/eboutique\/wp-json\/wp\/v2\/media\/2792"}],"wp:attachment":[{"href":"https:\/\/www.parthages.be\/eboutique\/wp-json\/wp\/v2\/media?parent=2791"}],"curies":[{"name":"wp","href":"https:\/\/api.w.org\/{rel}","templated":true}]}}