{"id":2793,"date":"2022-07-26T08:43:56","date_gmt":"2022-07-26T06:43:56","guid":{"rendered":"https:\/\/www.parthages.be\/eboutique\/?post_type=product&#038;p=2793"},"modified":"2022-07-26T08:44:50","modified_gmt":"2022-07-26T06:44:50","slug":"tableau-de-bord-de-la-sante-en-communaute-francaise-de-belgique-2007","status":"publish","type":"product","link":"https:\/\/www.parthages.be\/eboutique\/produit\/tableau-de-bord-de-la-sante-en-communaute-francaise-de-belgique-2007\/","title":{"rendered":"Tableau de bord de la sant\u00e9 en Communaut\u00e9 fran\u00e7aise de Belgique 2007"},"content":{"rendered":"<p><strong><em>Rapport<\/em><\/strong><\/p>\n<p>Ce Tableau de Bord de la sant\u00e9 en Communaut\u00e9 fran\u00e7aise de Belgique dresse un \u00e9tat des lieux de la sant\u00e9 qui puisse servir d&rsquo;outil d&rsquo;aide \u00e0 la d\u00e9cision, \u00e0 la formulation de priorit\u00e9s et de politiques de sant\u00e9 aux diff\u00e9rents intervenants en promotion de la sant\u00e9 en Communaut\u00e9 fran\u00e7aise de Belgique.<\/p>\n<p>Il est bas\u00e9 sur les 6 priorit\u00e9s d\u00e9finies dans le plan communautaire op\u00e9rationnel de 2005 :<\/p>\n<p>Le d\u00e9pistage du cancer du sein<\/p>\n<p>La promotion de la vaccination<\/p>\n<p>La pr\u00e9vention du sida et des MST<\/p>\n<p>La lutte contre la tuberculose<\/p>\n<p>La pr\u00e9vention des traumatismes et la promotion de la s\u00e9curit\u00e9<\/p>\n<p>La promotion de la sant\u00e9 cardio-vasculaire<\/p>\n<p>SERVICE COMMUNAUTAIRE DE PROMOTION SANTE<\/p>\n<p>Communaut\u00e9 fran\u00e7aise de Belgique<\/p>\n<p>2007-167p.<\/p>\n<p>Cote doc: 1-60-SIP-T<\/p>\n<p><strong><em>Uniquement \u00e0 la location<\/em><\/strong><\/p>\n<span class=\"et_bloom_bottom_trigger\"><\/span>","protected":false},"excerpt":{"rendered":"<p><strong><em>Rapport<\/em><\/strong><\/p>\n","protected":false},"featured_media":2795,"comment_status":"closed","ping_status":"closed","template":"","meta":{"_et_pb_use_builder":"","_et_pb_old_content":"","_et_gb_content_width":"","spay_email":""},"class_list":["post-2793","product","type-product","status-publish","has-post-thumbnail","hentry","product_cat-livres","product_tag-bruxelles-capitale","product_tag-communaute-francaise","product_tag-indicateur","product_tag-outil","product_tag-sante"],"jetpack_sharing_enabled":true,"jetpack_likes_enabled":true,"_links":{"self":[{"href":"https:\/\/www.parthages.be\/eboutique\/wp-json\/wp\/v2\/product\/2793","targetHints":{"allow":["GET"]}}],"collection":[{"href":"https:\/\/www.parthages.be\/eboutique\/wp-json\/wp\/v2\/product"}],"about":[{"href":"https:\/\/www.parthages.be\/eboutique\/wp-json\/wp\/v2\/types\/product"}],"replies":[{"embeddable":true,"href":"https:\/\/www.parthages.be\/eboutique\/wp-json\/wp\/v2\/comments?post=2793"}],"wp:featuredmedia":[{"embeddable":true,"href":"https:\/\/www.parthages.be\/eboutique\/wp-json\/wp\/v2\/media\/2795"}],"wp:attachment":[{"href":"https:\/\/www.parthages.be\/eboutique\/wp-json\/wp\/v2\/media?parent=2793"}],"curies":[{"name":"wp","href":"https:\/\/api.w.org\/{rel}","templated":true}]}}