{"id":2796,"date":"2022-07-26T08:46:08","date_gmt":"2022-07-26T06:46:08","guid":{"rendered":"https:\/\/www.parthages.be\/eboutique\/?post_type=product&#038;p=2796"},"modified":"2022-07-26T08:46:08","modified_gmt":"2022-07-26T06:46:08","slug":"tableau-de-bord-de-la-sante-region-de-bruxelles-capitale-2004","status":"publish","type":"product","link":"https:\/\/www.parthages.be\/eboutique\/produit\/tableau-de-bord-de-la-sante-region-de-bruxelles-capitale-2004\/","title":{"rendered":"Tableau de bord de la sant\u00e9 : r\u00e9gion de Bruxelles -Capitale 2004"},"content":{"rendered":"<p><strong><em>Rapport<\/em><\/strong><\/p>\n<p>L&rsquo;objectif de ce tableau de bord de la sant\u00e9 en R\u00e9gion de Bruxelles-Capitale est d&rsquo;offrir une vision globale de la sant\u00e9 population bruxelloise int\u00e9gr\u00e9e au contexte d\u00e9mographique, social, environnemental et multiculturel de notre r\u00e9gion.<\/p>\n<p>Ce 2\u00e8me tableau de bord s&rsquo;inscrit ainsi dans le prolongement du premier, paru en 2001.<\/p>\n<p>Cet outil s&rsquo;adresse \u00e1 tous ceux qui, d&rsquo;une mani\u00e8re ou d&rsquo;une autre, participent \u00e0 l&rsquo;organisation des services de sant\u00e9 promotion de la sant\u00e9 \u00e0 Bruxelles, qu&rsquo;ils soient responsables politiques, professionnels de sant\u00e9 ou acteurs les nombreux domaines qui d\u00e9terminent la sant\u00e9 de la population.<\/p>\n<p>Ce tableau de bord n&rsquo;a pas la pr\u00e9tention d&rsquo;\u00eatre exhaustif. Le choix de d\u00e9velopper certains aspects plut\u00f4t que d&rsquo;autres est li\u00e9 d&rsquo;une part \u00e0 l&rsquo;existence ou non de donn\u00e9es et d&rsquo;autre part \u00e0 nos propres limites de temps et de moyens.<\/p>\n<p>Nous avons r\u00e9serv\u00e9 une large place \u00e0 la pr\u00e9sentation des r\u00e9sultats de l&rsquo;analyse des bulletins statistiques de naissances et de d\u00e9c\u00e8s. II s&rsquo;agit de donn\u00e9es de routine dont le recueil implique de nombreux acteurs (m\u00e9decins, sages-femmes, personnel des services de l&rsquo;\u00c9tat civil des 19 communes). L&rsquo;Observatoire de la Sant\u00e9 et du Social, qui est responsable de la gestion de ces bulletins statistiques, investit beaucoup dans l&rsquo;analyse de ces donn\u00e9es de fa\u00e7on \u00e0 ce que\u00a0 ces informations puissent \u00eatre utiles \u00e0 la prise de d\u00e9cision en mati\u00e8re de politiques de sant\u00e9 ou sur le terrain. L\u2019analyse des donn\u00e9es de 5 ann\u00e9es cons\u00e9cutives (1998 \u00e1 2002) permet d&rsquo;initier une vision plus dynamique e si cette p\u00e9riode est trop courte pour tirer des enseignements clairs en termes d&rsquo;\u00e9volution des besoins ou d&rsquo;\u00e9valuation des politiques.<\/p>\n<p>Nous souhaitons vivement que ce tableau de bord soit utilis\u00e9 non comme un annuaire de r\u00e9f\u00e9rence mais comme un outil de discussion. En effet, c&rsquo;est de la confrontation des chiffres et de l&rsquo;expertise des acteurs de terrain que se d\u00e9gageront des pistes pour am\u00e9liorer la sant\u00e9 et la qualit\u00e9 de vie des Bruxellois.<\/p>\n<p>OBSERVATOIRE DE LA SANTE ET DU SOCIAL BRUXELLES<\/p>\n<p>COMMISSION COMMUNAUTAIRE COMMUNE<\/p>\n<p>2004-156p.<\/p>\n<p>Cote doc\u00a0: 1-60-OSS-T<\/p>\n<p><strong><em>Uniquement \u00e0 la location<\/em><\/strong><\/p>\n<span class=\"et_bloom_bottom_trigger\"><\/span>","protected":false},"excerpt":{"rendered":"<p><strong><em>Rapport<\/em><\/strong><\/p>\n","protected":false},"featured_media":2794,"comment_status":"closed","ping_status":"closed","template":"","meta":{"_et_pb_use_builder":"","_et_pb_old_content":"","_et_gb_content_width":"","spay_email":""},"class_list":["post-2796","product","type-product","status-publish","has-post-thumbnail","hentry","product_cat-livres","product_tag-bruxelles-capitale","product_tag-indicateur","product_tag-outil","product_tag-sante"],"jetpack_sharing_enabled":true,"jetpack_likes_enabled":true,"_links":{"self":[{"href":"https:\/\/www.parthages.be\/eboutique\/wp-json\/wp\/v2\/product\/2796","targetHints":{"allow":["GET"]}}],"collection":[{"href":"https:\/\/www.parthages.be\/eboutique\/wp-json\/wp\/v2\/product"}],"about":[{"href":"https:\/\/www.parthages.be\/eboutique\/wp-json\/wp\/v2\/types\/product"}],"replies":[{"embeddable":true,"href":"https:\/\/www.parthages.be\/eboutique\/wp-json\/wp\/v2\/comments?post=2796"}],"wp:featuredmedia":[{"embeddable":true,"href":"https:\/\/www.parthages.be\/eboutique\/wp-json\/wp\/v2\/media\/2794"}],"wp:attachment":[{"href":"https:\/\/www.parthages.be\/eboutique\/wp-json\/wp\/v2\/media?parent=2796"}],"curies":[{"name":"wp","href":"https:\/\/api.w.org\/{rel}","templated":true}]}}