{"id":2797,"date":"2022-07-26T08:48:42","date_gmt":"2022-07-26T06:48:42","guid":{"rendered":"https:\/\/www.parthages.be\/eboutique\/?post_type=product&#038;p=2797"},"modified":"2022-07-26T08:48:42","modified_gmt":"2022-07-26T06:48:42","slug":"les-handicapes-chiffres-reperes-1990","status":"publish","type":"product","link":"https:\/\/www.parthages.be\/eboutique\/produit\/les-handicapes-chiffres-reperes-1990\/","title":{"rendered":"Les handicap\u00e9s : chiffres rep\u00e8res 1990"},"content":{"rendered":"<p>On y parle des allocations et leurs b\u00e9n\u00e9ficiaires, les commissions de d\u00e9cision, les \u00e9tablissements pour personnes handicap\u00e9es, la protection sociale en mati\u00e8re d&rsquo;invalidit\u00e9 et d&rsquo;accidents de travail. Dans les annexes, on trouve, entre autres, la pr\u00e9sentation de la nomenclature des d\u00e9ficiences, incapacit\u00e9s et d\u00e9savantages, une liste des sigles couramment utilis\u00e9s en France, une courte bibliographie des tableaux par d\u00e9partement.<\/p>\n<p>MINIST\u00c8RE DES AFFAIRES SOCIALES ET DE LA SOLIDARIT\u00c9<\/p>\n<p>Documentation fran\u00e7aise<\/p>\n<p>1991-81p.<\/p>\n<p>Cote doc: 1-60-MAS-H<\/p>\n<p><strong><em>Uniquement \u00e0 la location<\/em><\/strong><\/p>\n<span class=\"et_bloom_bottom_trigger\"><\/span>","protected":false},"excerpt":{"rendered":"<p>On y parle des allocations et leurs b\u00e9n\u00e9ficiaires, les commissions de d\u00e9cision, les \u00e9tablissements pour personnes handicap\u00e9es, la protection sociale en mati\u00e8re d&rsquo;invalidit\u00e9 et d&rsquo;accidents de travail.<\/p>\n","protected":false},"featured_media":2798,"comment_status":"closed","ping_status":"closed","template":"","meta":{"_et_pb_use_builder":"","_et_pb_old_content":"","_et_gb_content_width":"","spay_email":""},"class_list":["post-2797","product","type-product","status-publish","has-post-thumbnail","hentry","product_cat-livres","product_tag-allocation-de-handicap","product_tag-classification","product_tag-deficience","product_tag-france","product_tag-handicap","product_tag-incapacite","product_tag-legislation","product_tag-personne-handicapee","product_tag-statistique"],"jetpack_sharing_enabled":true,"jetpack_likes_enabled":true,"_links":{"self":[{"href":"https:\/\/www.parthages.be\/eboutique\/wp-json\/wp\/v2\/product\/2797","targetHints":{"allow":["GET"]}}],"collection":[{"href":"https:\/\/www.parthages.be\/eboutique\/wp-json\/wp\/v2\/product"}],"about":[{"href":"https:\/\/www.parthages.be\/eboutique\/wp-json\/wp\/v2\/types\/product"}],"replies":[{"embeddable":true,"href":"https:\/\/www.parthages.be\/eboutique\/wp-json\/wp\/v2\/comments?post=2797"}],"wp:featuredmedia":[{"embeddable":true,"href":"https:\/\/www.parthages.be\/eboutique\/wp-json\/wp\/v2\/media\/2798"}],"wp:attachment":[{"href":"https:\/\/www.parthages.be\/eboutique\/wp-json\/wp\/v2\/media?parent=2797"}],"curies":[{"name":"wp","href":"https:\/\/api.w.org\/{rel}","templated":true}]}}