{"id":2799,"date":"2022-07-26T08:50:23","date_gmt":"2022-07-26T06:50:23","guid":{"rendered":"https:\/\/www.parthages.be\/eboutique\/?post_type=product&#038;p=2799"},"modified":"2022-07-26T08:50:23","modified_gmt":"2022-07-26T06:50:23","slug":"personnes-handicapees-donnees-statistiques-vol-ii","status":"publish","type":"product","link":"https:\/\/www.parthages.be\/eboutique\/produit\/personnes-handicapees-donnees-statistiques-vol-ii\/","title":{"rendered":"Personnes handicap\u00e9es : donn\u00e9es statistiques vol II"},"content":{"rendered":"<p><strong>\u00c9tude<\/strong><\/p>\n<p>Eurostat<\/p>\n<p>1992-230p.<\/p>\n<p>Cote doc\u00a0: 1-60-EUR-P2<\/p>\n<p><strong><em>Uniquement \u00e0 la location<\/em><\/strong><\/p>\n<span class=\"et_bloom_bottom_trigger\"><\/span>","protected":false},"excerpt":{"rendered":"<p><strong>\u00c9tude<\/strong><\/p>\n","protected":false},"featured_media":2800,"comment_status":"closed","ping_status":"closed","template":"","meta":{"_et_pb_use_builder":"","_et_pb_old_content":"","_et_gb_content_width":"","spay_email":""},"class_list":["post-2799","product","type-product","status-publish","has-post-thumbnail","hentry","product_cat-livres","product_tag-age","product_tag-allemagne","product_tag-belgique","product_tag-danemark","product_tag-deficience","product_tag-emploi","product_tag-espagne","product_tag-france","product_tag-grece","product_tag-irlande","product_tag-italie","product_tag-luxembourg","product_tag-pays-bas","product_tag-personne-handicapee","product_tag-population","product_tag-portugal","product_tag-royaume-uni","product_tag-scolarisation","product_tag-statistique","product_tag-union-europeenne"],"jetpack_sharing_enabled":true,"jetpack_likes_enabled":true,"_links":{"self":[{"href":"https:\/\/www.parthages.be\/eboutique\/wp-json\/wp\/v2\/product\/2799","targetHints":{"allow":["GET"]}}],"collection":[{"href":"https:\/\/www.parthages.be\/eboutique\/wp-json\/wp\/v2\/product"}],"about":[{"href":"https:\/\/www.parthages.be\/eboutique\/wp-json\/wp\/v2\/types\/product"}],"replies":[{"embeddable":true,"href":"https:\/\/www.parthages.be\/eboutique\/wp-json\/wp\/v2\/comments?post=2799"}],"wp:featuredmedia":[{"embeddable":true,"href":"https:\/\/www.parthages.be\/eboutique\/wp-json\/wp\/v2\/media\/2800"}],"wp:attachment":[{"href":"https:\/\/www.parthages.be\/eboutique\/wp-json\/wp\/v2\/media?parent=2799"}],"curies":[{"name":"wp","href":"https:\/\/api.w.org\/{rel}","templated":true}]}}