{"id":2810,"date":"2022-07-26T09:03:38","date_gmt":"2022-07-26T07:03:38","guid":{"rendered":"https:\/\/www.parthages.be\/eboutique\/?post_type=product&#038;p=2810"},"modified":"2022-07-26T09:03:39","modified_gmt":"2022-07-26T07:03:39","slug":"le-peuple-des-silencieux-une-histoire-du-handicap-et-de-la-deficience-mentale","status":"publish","type":"product","link":"https:\/\/www.parthages.be\/eboutique\/produit\/le-peuple-des-silencieux-une-histoire-du-handicap-et-de-la-deficience-mentale\/","title":{"rendered":"Le peuple des silencieux : une histoire du handicap et de la d\u00e9ficience mentale"},"content":{"rendered":"<p>Quelque part en Alsace, en 1967. Un chauffard jette sur le bord de la route une femme abattue d&rsquo;une balle dans la t\u00eate. Contre toute attente, recueillie par une joyeuse bande de marginaux, elle survit, non sans s\u00e9quelle pour sa m\u00e9moire. Pour l&rsquo;inspecteur g\u00e9n\u00e9ral C\u00e9dric Mann, l&rsquo;\u00e9nigme de cette miracul\u00e9e sans identit\u00e9 s&rsquo;annonce complexe. Pour quelle raison a-t-on voulu l&rsquo;abattre ? \u00c0 quel milieu est-elle li\u00e9e ? Mais un myst\u00e8re ne vient jamais seul, et tr\u00e8s rapidement les incendies se multiplient \u00e0 travers Strasbourg. La ville est manifestement la proie d&rsquo;un pyromane m\u00e9thodique. L&rsquo;inspecteur et son \u00e9quipe vont avoir fort \u00e0 faire\u2026 Apr\u00e8s Meurtre aux arts d\u00e9co, la premi\u00e8re enqu\u00eate de C\u00e9dric Mann, Emmanuel Honegger m\u00eale avec jubilation la tendresse, l&rsquo;excentricit\u00e9 artistique et le grondement des flammes, pour notre plus grand bonheur. (Pr\u00e9sentation de l\u2019\u00e9diteur)<\/p>\n<p>CASPAR P.<\/p>\n<p>Editions Fleurus<\/p>\n<p>1994-210p.<\/p>\n<p>ISBN\u00a0: 2-215-04122-6<\/p>\n<p>Cote doc: 1-50-CAS-P\/1<\/p>\n<p><strong><em>Uniquement \u00e0 la location<\/em><\/strong><\/p>\n<span class=\"et_bloom_bottom_trigger\"><\/span>","protected":false},"excerpt":{"rendered":"<p>Quelque part en Alsace, en 1967. Un chauffard jette sur le bord de la route une femme abattue d&rsquo;une balle dans la t\u00eate. Contre toute attente, recueillie par une joyeuse bande de marginaux, elle survit, non sans s\u00e9quelle pour sa m\u00e9moire.<\/p>\n","protected":false},"featured_media":2811,"comment_status":"closed","ping_status":"closed","template":"","meta":{"_et_pb_use_builder":"","_et_pb_old_content":"","_et_gb_content_width":"","spay_email":""},"class_list":["post-2810","product","type-product","status-publish","has-post-thumbnail","hentry","product_cat-livres","product_tag-accompagnement","product_tag-aspect-historique","product_tag-concept-de-handicap-mental","product_tag-deficience-intellectuelle","product_tag-dispositif-carat-en-accompagnement","product_tag-droits-de-lhomme","product_tag-ethique","product_tag-handicap","product_tag-histoire","product_tag-litterature","product_tag-moyen-age","product_tag-neuropsychiatrie","product_tag-pedopsychiatrie","product_tag-personne-handicapee","product_tag-philosophie"],"jetpack_sharing_enabled":true,"jetpack_likes_enabled":true,"_links":{"self":[{"href":"https:\/\/www.parthages.be\/eboutique\/wp-json\/wp\/v2\/product\/2810","targetHints":{"allow":["GET"]}}],"collection":[{"href":"https:\/\/www.parthages.be\/eboutique\/wp-json\/wp\/v2\/product"}],"about":[{"href":"https:\/\/www.parthages.be\/eboutique\/wp-json\/wp\/v2\/types\/product"}],"replies":[{"embeddable":true,"href":"https:\/\/www.parthages.be\/eboutique\/wp-json\/wp\/v2\/comments?post=2810"}],"wp:featuredmedia":[{"embeddable":true,"href":"https:\/\/www.parthages.be\/eboutique\/wp-json\/wp\/v2\/media\/2811"}],"wp:attachment":[{"href":"https:\/\/www.parthages.be\/eboutique\/wp-json\/wp\/v2\/media?parent=2810"}],"curies":[{"name":"wp","href":"https:\/\/api.w.org\/{rel}","templated":true}]}}