{"id":2812,"date":"2022-07-26T09:04:50","date_gmt":"2022-07-26T07:04:50","guid":{"rendered":"https:\/\/www.parthages.be\/eboutique\/?post_type=product&#038;p=2812"},"modified":"2022-07-26T09:04:51","modified_gmt":"2022-07-26T07:04:51","slug":"dictionnaire-du-handicap","status":"publish","type":"product","link":"https:\/\/www.parthages.be\/eboutique\/produit\/dictionnaire-du-handicap\/","title":{"rendered":"Dictionnaire du handicap"},"content":{"rendered":"<p>Les quelque 310 articles de ce Dictionnaire, pr\u00e9sent\u00e9s dans l&rsquo;ordre alphab\u00e9tique, couvrent l&rsquo;ensemble du champ relatif au handicap. De <em>Abandonnisme<\/em> \u00e0 <em>Vieillissement<\/em>, sont ainsi pr\u00e9sent\u00e9s, en des termes compr\u00e9hensibles par tous : \u2022 les d\u00e9finitions et classifications des handicaps et des maladies qui les causent, \u2022 les principaux \u00e9l\u00e9ments de politique sociale, \u2022 les caract\u00e9ristiques des prestations, \u00e9tablissements et services sp\u00e9cialis\u00e9s, \u2022 les professionnels \u0153uvrant aupr\u00e8s des personnes handicap\u00e9es, \u2022 les courants de pens\u00e9e, m\u00e9thodes \u00e9ducatives, approches th\u00e9rapeutiques et pratiques sociales. Chaque article est \u00e9ventuellement accompagn\u00e9 de r\u00e9f\u00e9rences bibliographiques, juridiques ou pratiques. Le dictionnaire proprement dit est pr\u00e9c\u00e9d\u00e9 d&rsquo;une br\u00e8ve chronologie de la politique du handicap, et suivi d&rsquo;un index de plus de 370 entr\u00e9es. Un guide pratique destin\u00e9 aux usagers est situ\u00e9 en fin d&rsquo;ouvrage. (Pr\u00e9sentation de l\u2019\u00e9diteur)<\/p>\n<p>ZRIBI G.- POUPEE-FONTAINE D.<\/p>\n<p>2003-327p.<\/p>\n<p>ISBN\u00a0: 2-85952-845-8<\/p>\n<p>Cote doc: 1-40-ZRI-D<\/p>\n<p><strong><em>Uniquement \u00e0 la location<\/em><\/strong><\/p>\n<span class=\"et_bloom_bottom_trigger\"><\/span>","protected":false},"excerpt":{"rendered":"<p>Les quelque 310 articles de ce Dictionnaire, pr\u00e9sent\u00e9s dans l&rsquo;ordre alphab\u00e9tique, couvrent l&rsquo;ensemble du champ relatif au handicap.<\/p>\n","protected":false},"featured_media":2813,"comment_status":"closed","ping_status":"closed","template":"","meta":{"_et_pb_use_builder":"","_et_pb_old_content":"","_et_gb_content_width":"","spay_email":""},"class_list":["post-2812","product","type-product","status-publish","has-post-thumbnail","hentry","product_cat-livres","product_tag-classification","product_tag-definition","product_tag-dictionnaire","product_tag-etablissement-pour-personnes-handicapees","product_tag-handicap","product_tag-maladie","product_tag-methode-pedagogique","product_tag-politique-sociale","product_tag-strategie","product_tag-strategie-dintervention"],"jetpack_sharing_enabled":true,"jetpack_likes_enabled":true,"_links":{"self":[{"href":"https:\/\/www.parthages.be\/eboutique\/wp-json\/wp\/v2\/product\/2812","targetHints":{"allow":["GET"]}}],"collection":[{"href":"https:\/\/www.parthages.be\/eboutique\/wp-json\/wp\/v2\/product"}],"about":[{"href":"https:\/\/www.parthages.be\/eboutique\/wp-json\/wp\/v2\/types\/product"}],"replies":[{"embeddable":true,"href":"https:\/\/www.parthages.be\/eboutique\/wp-json\/wp\/v2\/comments?post=2812"}],"wp:featuredmedia":[{"embeddable":true,"href":"https:\/\/www.parthages.be\/eboutique\/wp-json\/wp\/v2\/media\/2813"}],"wp:attachment":[{"href":"https:\/\/www.parthages.be\/eboutique\/wp-json\/wp\/v2\/media?parent=2812"}],"curies":[{"name":"wp","href":"https:\/\/api.w.org\/{rel}","templated":true}]}}