{"id":282,"date":"2012-12-03T10:19:57","date_gmt":"2012-12-03T09:19:57","guid":{"rendered":"https:\/\/www.parthages.be\/wordpress\/produit\/justice-et-dommage-corporel\/"},"modified":"2021-09-17T09:14:50","modified_gmt":"2021-09-17T07:14:50","slug":"justice-et-dommage-corporel","status":"publish","type":"product","link":"https:\/\/www.parthages.be\/eboutique\/produit\/justice-et-dommage-corporel\/","title":{"rendered":"Justice et dommage corporel"},"content":{"rendered":"<p>Le droit du dommage corporel et la m\u00e9decine d\u2019expertise abordent la probl\u00e9matique actuelle du handicap au travers des divers syst\u00e8mes d\u2019aide et de r\u00e9paration.<\/p>\n<p>Les multiples implications de l\u2019\u00e9valuation des s\u00e9quelles graves sont d\u00e9taill\u00e9es dans les secteurs de s\u00e9curit\u00e9 sociale, d\u2019accidents du travail et de droit commun.<\/p>\n<p>Tant les juristes, les r\u00e9gleurs que les m\u00e9decins trouveront dans cet ouvrage les r\u00e9ponses aux questions visant les atteintes s\u00e9v\u00e8res et leur traduction en termes de r\u00e9paration.<\/p>\n<p>Tout comme la pr\u00e9c\u00e9dente monographie portant le m\u00eame titre et publi\u00e9e en 2008, le caract\u00e8re novateur de cette publication se retrouve dans cette dualit\u00e9 de l\u2019approche, l\u00e0 o\u00f9 le droit et la m\u00e9decine se rejoignent\u2026 (Pr\u00e9sentation de l\u2019\u00e9diteur)<\/p>\n<p>BEAUTHIER J-P.<\/p>\n<p>Larcier<\/p>\n<p>2011-336 p.<\/p>\n<p>ISBN\u00a0: 978-2-8044-4036-7<\/p>\n<p>Cote doc\u00a0: 6-20-BEA-J<\/p>\n<p><strong><em>Uniquement \u00e0 la location<\/em><\/strong><\/p>\n<span class=\"et_bloom_bottom_trigger\"><\/span>","protected":false},"excerpt":{"rendered":"<p>Le droit du dommage corporel et la m\u00e9decine d\u2019expertise abordent la probl\u00e9matique actuelle du handicap au travers des divers syst\u00e8mes d\u2019aide et de r\u00e9paration.<\/p>\n","protected":false},"featured_media":281,"comment_status":"open","ping_status":"closed","template":"","meta":{"_et_pb_use_builder":"","_et_pb_old_content":"","_et_gb_content_width":"","spay_email":""},"class_list":["post-282","product","type-product","status-publish","has-post-thumbnail","hentry","product_cat-livres","product_tag-accident-de-travail","product_tag-droit","product_tag-juridique","product_tag-medecine","product_tag-sequelle"],"jetpack_sharing_enabled":true,"jetpack_likes_enabled":true,"_links":{"self":[{"href":"https:\/\/www.parthages.be\/eboutique\/wp-json\/wp\/v2\/product\/282","targetHints":{"allow":["GET"]}}],"collection":[{"href":"https:\/\/www.parthages.be\/eboutique\/wp-json\/wp\/v2\/product"}],"about":[{"href":"https:\/\/www.parthages.be\/eboutique\/wp-json\/wp\/v2\/types\/product"}],"replies":[{"embeddable":true,"href":"https:\/\/www.parthages.be\/eboutique\/wp-json\/wp\/v2\/comments?post=282"}],"wp:featuredmedia":[{"embeddable":true,"href":"https:\/\/www.parthages.be\/eboutique\/wp-json\/wp\/v2\/media\/281"}],"wp:attachment":[{"href":"https:\/\/www.parthages.be\/eboutique\/wp-json\/wp\/v2\/media?parent=282"}],"curies":[{"name":"wp","href":"https:\/\/api.w.org\/{rel}","templated":true}]}}