{"id":2821,"date":"2022-07-26T10:09:10","date_gmt":"2022-07-26T08:09:10","guid":{"rendered":"https:\/\/www.parthages.be\/eboutique\/?post_type=product&#038;p=2821"},"modified":"2022-07-26T10:09:10","modified_gmt":"2022-07-26T08:09:10","slug":"parce-que-cetait-toi-parce-cetait-nous","status":"publish","type":"product","link":"https:\/\/www.parthages.be\/eboutique\/produit\/parce-que-cetait-toi-parce-cetait-nous\/","title":{"rendered":"Parce que  c&rsquo;\u00e9tait toi&#8230;. Parce c&rsquo;\u00e9tait nous"},"content":{"rendered":"<p>Quatre ann\u00e9es pour avoir un troisi\u00e8me enfant&#8230; Quatre ann\u00e9es encore pour essayer d&rsquo;apprivoiser le handicap&#8230; Et seulement quelques heures pour que tout s&rsquo;\u00e9croule. Voici l&rsquo;histoire d&rsquo;Elio, petit gar\u00e7on handicap\u00e9 moteur. (Pr\u00e9sentation de l\u2019\u00e9diteur)<\/p>\n<p>REMI C.<\/p>\n<p>2012-217p.-240gr<\/p>\n<p>ISBN: 978-2-296-99510-9<\/p>\n<p>Cote doc: 1-20-REM-P<\/p>\n<span class=\"et_bloom_bottom_trigger\"><\/span>","protected":false},"excerpt":{"rendered":"<p>Quatre ann\u00e9es pour avoir un troisi\u00e8me enfant&#8230; Quatre ann\u00e9es encore pour essayer d&rsquo;apprivoiser le handicap&#8230;<\/p>\n","protected":false},"featured_media":2822,"comment_status":"closed","ping_status":"closed","template":"","meta":{"_et_pb_use_builder":"","_et_pb_old_content":"","_et_gb_content_width":"","spay_email":""},"class_list":["post-2821","product","type-product","status-publish","has-post-thumbnail","hentry","product_cat-livres","product_tag-annonce-du-handicap","product_tag-deficience-motrice","product_tag-enfant-handicape","product_tag-famille","product_tag-recit-de-vie","product_tag-relation-familiale","product_tag-relation-fraternelle","product_tag-relation-mere-fils","product_tag-temoignage"],"jetpack_sharing_enabled":true,"jetpack_likes_enabled":true,"_links":{"self":[{"href":"https:\/\/www.parthages.be\/eboutique\/wp-json\/wp\/v2\/product\/2821","targetHints":{"allow":["GET"]}}],"collection":[{"href":"https:\/\/www.parthages.be\/eboutique\/wp-json\/wp\/v2\/product"}],"about":[{"href":"https:\/\/www.parthages.be\/eboutique\/wp-json\/wp\/v2\/types\/product"}],"replies":[{"embeddable":true,"href":"https:\/\/www.parthages.be\/eboutique\/wp-json\/wp\/v2\/comments?post=2821"}],"wp:featuredmedia":[{"embeddable":true,"href":"https:\/\/www.parthages.be\/eboutique\/wp-json\/wp\/v2\/media\/2822"}],"wp:attachment":[{"href":"https:\/\/www.parthages.be\/eboutique\/wp-json\/wp\/v2\/media?parent=2821"}],"curies":[{"name":"wp","href":"https:\/\/api.w.org\/{rel}","templated":true}]}}