{"id":2830,"date":"2022-07-26T10:46:36","date_gmt":"2022-07-26T08:46:36","guid":{"rendered":"https:\/\/www.parthages.be\/eboutique\/?post_type=product&#038;p=2830"},"modified":"2022-07-26T10:46:37","modified_gmt":"2022-07-26T08:46:37","slug":"lannonce-du-handicap-au-grand-accidente","status":"publish","type":"product","link":"https:\/\/www.parthages.be\/eboutique\/produit\/lannonce-du-handicap-au-grand-accidente\/","title":{"rendered":"L&rsquo;annonce du handicap au grand accident\u00e9"},"content":{"rendered":"<p>\u00a0\u00bb L&rsquo;annonce du handicap est un \u00e9v\u00e9nement terrible pour la famille et l&rsquo;adulte qui la re\u00e7oit. Il se produit une sid\u00e9ration. Et cette stupeur entra\u00eene de multiples questions personnelles. Mais ici Marc Brzustowski ajoute une autre analyse : c&rsquo;est aussi un \u00e9v\u00e9nement d\u00e9stabilisateur pour ceux qui annoncent ; c&rsquo;est aussi une strat\u00e9gie de l&rsquo;\u00e9quipe qui doit annoncer.<\/p>\n<p>Faut-il l&rsquo;annoncer d&rsquo;un coup ? Faut-il le faire par paliers ? De quelle mani\u00e8re ? A qui revient la charge principale de l&rsquo;annonce : au m\u00e9decin, \u00e0 l&rsquo;\u00e9quipe collectivement ? Que nous disent les pratiques effectives ? Ces types d&rsquo;annonces renvoient \u00e0 des repr\u00e9sentations du handicap et \u00e0 des pr\u00e9suppos\u00e9s sur la capacit\u00e9 des personnes \u00e0 recevoir. [\u2026] Les \u00e9quipes qui ont en charge la redoutable t\u00e2che de l&rsquo;annonce doivent aussi s&rsquo;interroger sur elles-m\u00eames, sur ce qui commande leur fa\u00e7on de faire, sur les relations entre les membres de l&rsquo;\u00e9quipe. Bref l&rsquo;annonce est un fait collectif.( Pr\u00e9sentation de l\u2019\u00e9diteur)<\/p>\n<p>BRZUSTOWSKI M.<\/p>\n<p>Editions Er\u00e8s<\/p>\n<p>2001-256p.-432gr<\/p>\n<p>ISBN\u00a0: 2-86586-963-6<\/p>\n<p>Cote doc\u00a0: 1-20-BRZ-A<\/p>\n<span class=\"et_bloom_bottom_trigger\"><\/span>","protected":false},"excerpt":{"rendered":"<p>L&rsquo;annonce du handicap est un \u00e9v\u00e9nement terrible pour la famille et l&rsquo;adulte qui la re\u00e7oit. Il se produit une sid\u00e9ration. Et cette stupeur entra\u00eene de multiples questions personnelles.<\/p>\n","protected":false},"featured_media":2831,"comment_status":"closed","ping_status":"closed","template":"","meta":{"_et_pb_use_builder":"","_et_pb_old_content":"","_et_gb_content_width":"","spay_email":""},"class_list":["post-2830","product","type-product","status-publish","has-post-thumbnail","hentry","product_cat-livres","product_tag-adulte","product_tag-annonce-du-handicap","product_tag-famille","product_tag-modele","product_tag-personne-handicapee","product_tag-personnel-de-sante","product_tag-relation-soignant-entourage"],"jetpack_sharing_enabled":true,"jetpack_likes_enabled":true,"_links":{"self":[{"href":"https:\/\/www.parthages.be\/eboutique\/wp-json\/wp\/v2\/product\/2830","targetHints":{"allow":["GET"]}}],"collection":[{"href":"https:\/\/www.parthages.be\/eboutique\/wp-json\/wp\/v2\/product"}],"about":[{"href":"https:\/\/www.parthages.be\/eboutique\/wp-json\/wp\/v2\/types\/product"}],"replies":[{"embeddable":true,"href":"https:\/\/www.parthages.be\/eboutique\/wp-json\/wp\/v2\/comments?post=2830"}],"wp:featuredmedia":[{"embeddable":true,"href":"https:\/\/www.parthages.be\/eboutique\/wp-json\/wp\/v2\/media\/2831"}],"wp:attachment":[{"href":"https:\/\/www.parthages.be\/eboutique\/wp-json\/wp\/v2\/media?parent=2830"}],"curies":[{"name":"wp","href":"https:\/\/api.w.org\/{rel}","templated":true}]}}