{"id":2832,"date":"2022-07-26T10:49:01","date_gmt":"2022-07-26T08:49:01","guid":{"rendered":"https:\/\/www.parthages.be\/eboutique\/?post_type=product&#038;p=2832"},"modified":"2022-07-26T10:49:02","modified_gmt":"2022-07-26T08:49:02","slug":"lannonce-du-handicap-autour-de-la-naissance-en-douze-questions","status":"publish","type":"product","link":"https:\/\/www.parthages.be\/eboutique\/produit\/lannonce-du-handicap-autour-de-la-naissance-en-douze-questions\/","title":{"rendered":"L&rsquo;annonce du handicap autour de la naissance en douze questions"},"content":{"rendered":"<p>Cet ouvrage n\u2019est pas un vade-mecum de l\u2019annonce du handicap \u00e0 la naissance, ni un guideline pour professionnels en qu\u00eate de r\u00e9assurance. Les questions qu\u2019il soul\u00e8ve appellent encore et encore des \u00e9laborations et des engagements.<\/p>\n<p>Il porte t\u00e9moignage, sous la plume de professionnels reconnus \u2013 tous praticiens investis dans cette clinique depuis des dizaines d\u2019ann\u00e9es \u2013, des pratiques et des n\u00e9cessaires r\u00e9volutions culturelles que ce temps si particulier de l\u2019annonce appelle. Pour que ces mots de l&rsquo;annonce soient reconnaissance d&rsquo;humanit\u00e9 mais aussi d&rsquo;alt\u00e9rit\u00e9. Pour que l&rsquo;enfant handicap\u00e9 ne soit pas qu&rsquo;un handicap. Pour que \u00ab \u00eatre handicap\u00e9 \u00bb s&rsquo;assure d&rsquo;abord de l&rsquo;\u00eatre, avant que du handicap. Pour que parents et professionnels ne soient plus ali\u00e9n\u00e9s \u00e0 ce seul effet de discours, et que dans cette \u00ab situation extr\u00eame \u00bb, les paroles ne s&rsquo;\u00e9crivent pas comme un destin. (Pr\u00e9sentation de l\u2019\u00e9diteur)<\/p>\n<p>BEN SOUSSAN P.<\/p>\n<p>Editions Er\u00e8s<\/p>\n<p>2006-223p.-241gr<\/p>\n<p>ISBN: 2-7492-0585-9<\/p>\n<p>Cote doc : 1-20-BEB-A<\/p>\n<span class=\"et_bloom_bottom_trigger\"><\/span>","protected":false},"excerpt":{"rendered":"<p>Cet ouvrage n\u2019est pas un vade-mecum de l\u2019annonce du handicap \u00e0 la naissance, ni un guideline pour professionnels en qu\u00eate de r\u00e9assurance. Les questions qu\u2019il soul\u00e8ve appellent encore et encore des \u00e9laborations et des engagements.<\/p>\n","protected":false},"featured_media":2833,"comment_status":"closed","ping_status":"closed","template":"","meta":{"_et_pb_use_builder":"","_et_pb_old_content":"","_et_gb_content_width":"","spay_email":""},"class_list":["post-2832","product","type-product","status-publish","has-post-thumbnail","hentry","product_cat-livres","product_tag-accompagnement","product_tag-annonce-du-handicap","product_tag-enfant","product_tag-famille","product_tag-naissance","product_tag-relation-soignant-entourage","product_tag-reproduction"],"jetpack_sharing_enabled":true,"jetpack_likes_enabled":true,"_links":{"self":[{"href":"https:\/\/www.parthages.be\/eboutique\/wp-json\/wp\/v2\/product\/2832","targetHints":{"allow":["GET"]}}],"collection":[{"href":"https:\/\/www.parthages.be\/eboutique\/wp-json\/wp\/v2\/product"}],"about":[{"href":"https:\/\/www.parthages.be\/eboutique\/wp-json\/wp\/v2\/types\/product"}],"replies":[{"embeddable":true,"href":"https:\/\/www.parthages.be\/eboutique\/wp-json\/wp\/v2\/comments?post=2832"}],"wp:featuredmedia":[{"embeddable":true,"href":"https:\/\/www.parthages.be\/eboutique\/wp-json\/wp\/v2\/media\/2833"}],"wp:attachment":[{"href":"https:\/\/www.parthages.be\/eboutique\/wp-json\/wp\/v2\/media?parent=2832"}],"curies":[{"name":"wp","href":"https:\/\/api.w.org\/{rel}","templated":true}]}}