{"id":2844,"date":"2022-09-02T12:23:10","date_gmt":"2022-09-02T10:23:10","guid":{"rendered":"https:\/\/www.parthages.be\/eboutique\/?post_type=product&#038;p=2844"},"modified":"2023-09-12T11:25:35","modified_gmt":"2023-09-12T09:25:35","slug":"moi-aussi-je-mappelle-alice","status":"publish","type":"product","link":"https:\/\/www.parthages.be\/eboutique\/produit\/moi-aussi-je-mappelle-alice\/","title":{"rendered":"Moi aussi je m\u2019appelle Alice."},"content":{"rendered":"<p><strong><em>Alice au pays du vermeil<\/em><\/strong><strong>. <\/strong><\/p>\n<p>Une centaine de sortes de nouvelles sur les fra\u00eeches r\u00e9miniscences d\u2019une fillette de onze ans, son Journal, dit sa m\u00e8re.<\/p>\n<p>\u2013 Ah oui, Alice est dans un fauteuil roulant pour l\u2019heure davantage dans les yeux d\u2019autrui que dans sa pens\u00e9e o\u00f9 elle se juge petite fille\u00a0<em><strong>comme<\/strong><\/em>\u00a0les autres, et son papi de pr\u00e9ciser\u00a0:<\/p>\n<p>\u00ab\u00a0<em><strong>comme<\/strong><\/em>\u00a0s\u2019\u00e9crit en gras, en italique et en majuscules pour toi, ma ch\u00e9rie.\u00a0\u00bb<\/p>\n<p>Elle-m\u00eame note en conclusion de son manuscrit\u00a0:<\/p>\n<p>\u00ab\u00a0Devrais-je \u00e9crire quelques lignes sur mon \u00e9tat physique et pourquoi\u00a0?<\/p>\n<p>\u2013 Pour d\u00e9crire l\u2019absence de force dans mes jambes\u00a0?<\/p>\n<p>Mon papi vieille France rajoute\u00a0: \u00ab\u00a0<em>\u00e7a n&rsquo;f&rsquo;rait pas avancer le schmilblick<\/em>\u00a0!\u00a0\u00bb<\/p>\n<p>Alors les mots des grandes personnes, des m\u00e9decins, comme myopathie, d\u00e9g\u00e9n\u00e9rescence, maladie neuromusculaires\u2026\u00a0\u00bb(*)<\/p>\n<p>(Pr\u00e9sentation de l\u2019\u00e9diteur)<\/p>\n<p>LE DOEUFF L.<\/p>\n<p>Independently\/published<\/p>\n<p>2022 &#8211; 222p. -315gr<\/p>\n<p>ISBN: 979-841440-2-85-5<\/p>\n<p>Cote doc\u00a0: 1-20-DOE-A<\/p>\n<span class=\"et_bloom_bottom_trigger\"><\/span>","protected":false},"excerpt":{"rendered":"<p>Une centaine de sortes de nouvelles sur les fra\u00eeches r\u00e9miniscences d\u2019une fillette de onze ans, son Journal, dit sa m\u00e8re.<\/p>\n","protected":false},"featured_media":2845,"comment_status":"closed","ping_status":"closed","template":"","meta":{"_et_pb_use_builder":"","_et_pb_old_content":"","_et_gb_content_width":"","spay_email":""},"class_list":["post-2844","product","type-product","status-publish","has-post-thumbnail","hentry","product_cat-livres","product_tag-enfant","product_tag-famille","product_tag-handicap-moteur","product_tag-maladie-degenerative","product_tag-personne-handicapee","product_tag-recit"],"jetpack_sharing_enabled":true,"jetpack_likes_enabled":true,"_links":{"self":[{"href":"https:\/\/www.parthages.be\/eboutique\/wp-json\/wp\/v2\/product\/2844","targetHints":{"allow":["GET"]}}],"collection":[{"href":"https:\/\/www.parthages.be\/eboutique\/wp-json\/wp\/v2\/product"}],"about":[{"href":"https:\/\/www.parthages.be\/eboutique\/wp-json\/wp\/v2\/types\/product"}],"replies":[{"embeddable":true,"href":"https:\/\/www.parthages.be\/eboutique\/wp-json\/wp\/v2\/comments?post=2844"}],"wp:featuredmedia":[{"embeddable":true,"href":"https:\/\/www.parthages.be\/eboutique\/wp-json\/wp\/v2\/media\/2845"}],"wp:attachment":[{"href":"https:\/\/www.parthages.be\/eboutique\/wp-json\/wp\/v2\/media?parent=2844"}],"curies":[{"name":"wp","href":"https:\/\/api.w.org\/{rel}","templated":true}]}}