{"id":2847,"date":"2022-09-02T12:26:16","date_gmt":"2022-09-02T10:26:16","guid":{"rendered":"https:\/\/www.parthages.be\/eboutique\/?post_type=product&#038;p=2847"},"modified":"2023-09-12T11:25:27","modified_gmt":"2023-09-12T09:25:27","slug":"dans-le-souffle-de-la-bombe","status":"publish","type":"product","link":"https:\/\/www.parthages.be\/eboutique\/produit\/dans-le-souffle-de-la-bombe\/","title":{"rendered":"Dans le souffle de la bombe"},"content":{"rendered":"<p>Karen Northshield se trouvait \u00e0 l\u2019a\u00e9roport de Bruxelles pour rejoindre sa famille aux \u00c9tats-Unis le 22 mars 2016 quand a eu lieu l\u2019attaque terroriste qui tua 18 personnes et en blessa 92 autres.\u00a0 Litt\u00e9ralement souffl\u00e9e par la bombe qui a explos\u00e9 \u00e0 seulement quelques m\u00e8tres d\u2019elle, transport\u00e9e in extremis \u00e0 l\u2019h\u00f4pital o\u00f9 elle subira de multiples interventions chirurgicales, et alors qu\u2019aucun m\u00e9decin ne la pensait capable de survivre \u00e0 un tel choc, cette belgo-am\u00e9ricaine de trente ans va pourtant puiser en elle une rage de vivre hors du commun et se reconstruire peu \u00e0 peu.<br \/>\nCinq ans apr\u00e8s ces \u00e9v\u00e9nements tragiques qui ont boulevers\u00e9 la Belgique enti\u00e8re, Karen revient dans cet ouvrage sur le combat surhumain qu\u2019elle a men\u00e9 pendant plus de trois ans pour surmonter la souffrance physique et psychologique. Par trois fois, son coeur s\u2019est arr\u00eat\u00e9 de battre. Par trois fois, il est reparti. \u00c0 l\u2019image d\u2019un corps morcel\u00e9 qui tente de se rassembler, le r\u00e9cit qu\u2019elle nous livre se pr\u00e9sente sous la forme d\u2019un ab\u00e9c\u00e9daire \u00e9clat\u00e9, de A comme Attentat \u00e0 Z comme Zaventem, une fa\u00e7on sans doute pudique d\u2019aborder une r\u00e9alit\u00e9 qui ne peut s\u2019appr\u00e9hender dans sa totalit\u00e9.\u00a0 (Pr\u00e9sentation de l\u2019\u00e9diteur)<\/p>\n<p>NORTHSHIELD K.<\/p>\n<p>Editions Kennes<\/p>\n<p>2021 -160p-228gr<\/p>\n<p>ISBN: 978-2-3807-5328-8<\/p>\n<p>Cote doc\u00a0: 1-20-NOR-S<\/p>\n<span class=\"et_bloom_bottom_trigger\"><\/span>","protected":false},"excerpt":{"rendered":"<p>Karen Northshield se trouvait \u00e0 l\u2019a\u00e9roport de Bruxelles pour rejoindre sa famille aux \u00c9tats-Unis le 22 mars 2016 quand a eu lieu l\u2019attaque terroriste qui tua 18 personnes et en blessa 92 autres.<\/p>\n","protected":false},"featured_media":2848,"comment_status":"closed","ping_status":"closed","template":"","meta":{"_et_pb_use_builder":"","_et_pb_old_content":"","_et_gb_content_width":"","spay_email":""},"class_list":["post-2847","product","type-product","status-publish","has-post-thumbnail","hentry","product_cat-livres","product_tag-attentat","product_tag-combat","product_tag-intervention-chirurgicale","product_tag-personne-handicapee","product_tag-souffrance","product_tag-souffrance-psychique","product_tag-temoignage"],"jetpack_sharing_enabled":true,"jetpack_likes_enabled":true,"_links":{"self":[{"href":"https:\/\/www.parthages.be\/eboutique\/wp-json\/wp\/v2\/product\/2847","targetHints":{"allow":["GET"]}}],"collection":[{"href":"https:\/\/www.parthages.be\/eboutique\/wp-json\/wp\/v2\/product"}],"about":[{"href":"https:\/\/www.parthages.be\/eboutique\/wp-json\/wp\/v2\/types\/product"}],"replies":[{"embeddable":true,"href":"https:\/\/www.parthages.be\/eboutique\/wp-json\/wp\/v2\/comments?post=2847"}],"wp:featuredmedia":[{"embeddable":true,"href":"https:\/\/www.parthages.be\/eboutique\/wp-json\/wp\/v2\/media\/2848"}],"wp:attachment":[{"href":"https:\/\/www.parthages.be\/eboutique\/wp-json\/wp\/v2\/media?parent=2847"}],"curies":[{"name":"wp","href":"https:\/\/api.w.org\/{rel}","templated":true}]}}