{"id":2855,"date":"2022-09-02T12:33:12","date_gmt":"2022-09-02T10:33:12","guid":{"rendered":"https:\/\/www.parthages.be\/eboutique\/?post_type=product&#038;p=2855"},"modified":"2023-09-12T11:25:13","modified_gmt":"2023-09-12T09:25:13","slug":"lalimentation-de-la-personne-polyhandicapee","status":"publish","type":"product","link":"https:\/\/www.parthages.be\/eboutique\/produit\/lalimentation-de-la-personne-polyhandicapee\/","title":{"rendered":"L\u2019alimentation de la personne polyhandicap\u00e9e."},"content":{"rendered":"<p>Les aidants familiaux et professionnels, trouveront dans cet ouvrage in\u00e9dit, clair et illustr\u00e9, comment adapter tous les petits gestes de la vie quotidienne pour que l&rsquo;alimentation donne du plaisir \u00e0 la personne polyhandicap\u00e9e, tout au long de sa vie ; pour qu\u2019elle l&rsquo;ouvre au monde en d\u00e9veloppant la sensorialit\u00e9 de sa bouche et lui \u00e9vite les innombrables cercles vicieux de la d\u00e9nutrition.<\/p>\n<p><strong>\u00a0<\/strong><\/p>\n<p>M\u00e9decin aupr\u00e8s d\u2019enfants et d\u2019adultes en situation de polyhandicap, le plus souvent s\u00e9v\u00e8re, Thierry Rofidal s\u2019est sp\u00e9cialis\u00e9 dans l\u2019alimentation, activit\u00e9 fondamentale de la vie quotidienne. Il synth\u00e9tise, dans cet ouvrage clair et illustr\u00e9, plusieurs d\u00e9cennies d\u2019exp\u00e9rience professionnelle, d\u2019\u00e9changes avec les parents pour recueillir leur expertise, et de travail avec les \u00e9quipes pluridisciplinaires des \u00e9tablissements.<\/p>\n<p>Cet ouvrage rassemble les connaissances actuelles sur les lois physiologiques qui gouvernent notre alimentation. Il analyse les difficult\u00e9s de l\u2019oralit\u00e9 alimentaire de la personne polyhandicap\u00e9e d\u00e8s son plus jeune \u00e2ge, explique les principes de l\u2019accompagnement de la vie quotidienne pour \u00e9viter les troubles de la d\u00e9glutition, donc les difficult\u00e9s respiratoires rapidement \u00e9volutives, pour pr\u00e9server le confort digestif, pour apprendre le plaisir de manger, en fonction de ses capacit\u00e9s et de ses pr\u00e9f\u00e9rences.<\/p>\n<p>Les aidants, familiaux et professionnels y trouveront comment adapter les petits gestes de la vie de tous les jours pour que l\u2019alimentation donne du plaisir \u00e0 la personne polyhandicap\u00e9e, tout au long de sa vie, l\u2019ouvre au monde en d\u00e9veloppant la sensorialit\u00e9 de sa bouche et lui \u00e9vite les innombrables cercles vicieux de la d\u00e9nutrition. (Pr\u00e9sentation de l\u2019\u00e9diteur)<\/p>\n<p>ROFIDAL T.<\/p>\n<p>Editions Eres<\/p>\n<p>2022-216p. &#8211; 520gr<\/p>\n<p>ISBN: 978-2-7492-7317-4<\/p>\n<p>COTE DOC: 9-20-ROD-A<\/p>\n<span class=\"et_bloom_bottom_trigger\"><\/span>","protected":false},"excerpt":{"rendered":"<p>Les aidants familiaux et professionnels, trouveront dans cet ouvrage in\u00e9dit, clair et illustr\u00e9, comment adapter tous les petits gestes de la vie quotidienne pour que l&rsquo;alimentation donne du plaisir \u00e0 la personne polyhandicap\u00e9e, tout au long de sa vie ; pour qu\u2019elle l&rsquo;ouvre au monde en d\u00e9veloppant la sensorialit\u00e9 de sa bouche et lui \u00e9vite les innombrables cercles vicieux de la d\u00e9nutrition.<\/p>\n","protected":false},"featured_media":2856,"comment_status":"closed","ping_status":"closed","template":"","meta":{"_et_pb_use_builder":"","_et_pb_old_content":"","_et_gb_content_width":"","spay_email":""},"class_list":["post-2855","product","type-product","status-publish","has-post-thumbnail","hentry","product_cat-livres","product_tag-accompagnement","product_tag-adulte","product_tag-echange-de-pratique","product_tag-enfant","product_tag-oralite","product_tag-personne-handicapee","product_tag-polyhandicap","product_tag-trouble-de-alimentation","product_tag-trouble-de-la-deglutition","product_tag-trouble-respiratoire","product_tag-vie-quotidienne"],"jetpack_sharing_enabled":true,"jetpack_likes_enabled":true,"_links":{"self":[{"href":"https:\/\/www.parthages.be\/eboutique\/wp-json\/wp\/v2\/product\/2855","targetHints":{"allow":["GET"]}}],"collection":[{"href":"https:\/\/www.parthages.be\/eboutique\/wp-json\/wp\/v2\/product"}],"about":[{"href":"https:\/\/www.parthages.be\/eboutique\/wp-json\/wp\/v2\/types\/product"}],"replies":[{"embeddable":true,"href":"https:\/\/www.parthages.be\/eboutique\/wp-json\/wp\/v2\/comments?post=2855"}],"wp:featuredmedia":[{"embeddable":true,"href":"https:\/\/www.parthages.be\/eboutique\/wp-json\/wp\/v2\/media\/2856"}],"wp:attachment":[{"href":"https:\/\/www.parthages.be\/eboutique\/wp-json\/wp\/v2\/media?parent=2855"}],"curies":[{"name":"wp","href":"https:\/\/api.w.org\/{rel}","templated":true}]}}