{"id":2859,"date":"2022-09-02T12:35:23","date_gmt":"2022-09-02T10:35:23","guid":{"rendered":"https:\/\/www.parthages.be\/eboutique\/?post_type=product&#038;p=2859"},"modified":"2023-09-12T11:25:07","modified_gmt":"2023-09-12T09:25:07","slug":"paraitre-meme-sans-etre","status":"publish","type":"product","link":"https:\/\/www.parthages.be\/eboutique\/produit\/paraitre-meme-sans-etre\/","title":{"rendered":"Paraitre m\u00eame sans \u00eatre"},"content":{"rendered":"<p>Fin des ann\u00e9es 1990. Une histoire d&rsquo;amiti\u00e9 entre un jeune homme qui marche et sacr\u00e9ment bien, et son alter ego qui, lui, ne bouge m\u00eame plus, ou peu et surtout dans sa t\u00eate. Georges, ais\u00e9 et p\u00e9tant la sant\u00e9, br\u00fble ses vingt ans par tous les bouts. &#8211; Il aimait H\u00e9l\u00e8ne mais ce ne fut pas r\u00e9ciproque ? Sa moto. L&rsquo;accident ; \u00ab C&rsquo;\u00e9tait donc sa main qui avait suivi vulgaire balle de ping-pong ! \u00bb Si encore que sa main&#8230; Ailleurs et confront\u00e9 \u00e0 la qu\u00eate de son pain quotidien, Gilles, en artiste ignor\u00e9 dans son existence particuli\u00e8re et sobre, a l&rsquo;id\u00e9e saugrenue d&rsquo;offrir sa \u00ab PRESENCE CONTRE GITE ET COUVERT UNIQUEMENT. ANNONCE TRES SERIEUSE. \u00bb Pass\u00e9 l&rsquo;acceptation par chacun de sa v\u00e9rit\u00e9, le r\u00e9cit d&rsquo;un attachement mode contemporain sans concession. Du sang. Des larmes, mais pas du pire atteint. Au terme d&rsquo;une vie professionnelle dans l&rsquo;h\u00f4tellerie \u00ab pour l&rsquo;alimentaire \u00bb, Lo\u00efc Le Doeuff se consacre \u00e0 l&rsquo;\u00e9criture. Il vit dans le Sud-Ouest, pr\u00e8s de la mer sans laquelle un Breton ne saurait vivre. (Pr\u00e9sentation de l\u2019\u00e9diteur)<\/p>\n<p>LE DOEUFF L.<\/p>\n<p>Editions France Libris Publications<\/p>\n<p>2020-350p.-468gr<\/p>\n<p>ISBN: 978-2-49053-356-5<\/p>\n<p>Cote doc: 1-20-DOE-P<\/p>\n<span class=\"et_bloom_bottom_trigger\"><\/span>","protected":false},"excerpt":{"rendered":"<p>Fin des ann\u00e9es 1990. Une histoire d&rsquo;amiti\u00e9 entre un jeune homme qui marche et sacr\u00e9ment bien, et son alter ego qui, lui, ne bouge m\u00eame plus, ou peu et surtout dans sa t\u00eate. Georges, ais\u00e9 et p\u00e9tant la sant\u00e9, br\u00fble ses vingt ans par tous les bouts.<\/p>\n","protected":false},"featured_media":2860,"comment_status":"closed","ping_status":"closed","template":"","meta":{"_et_pb_use_builder":"","_et_pb_old_content":"","_et_gb_content_width":"","spay_email":""},"class_list":["post-2859","product","type-product","status-publish","has-post-thumbnail","hentry","product_cat-livres","product_tag-accident","product_tag-amitie","product_tag-deficience-motrice","product_tag-jeune-adulte","product_tag-paraplegie","product_tag-personne-handicapee","product_tag-roman"],"jetpack_sharing_enabled":true,"jetpack_likes_enabled":true,"_links":{"self":[{"href":"https:\/\/www.parthages.be\/eboutique\/wp-json\/wp\/v2\/product\/2859","targetHints":{"allow":["GET"]}}],"collection":[{"href":"https:\/\/www.parthages.be\/eboutique\/wp-json\/wp\/v2\/product"}],"about":[{"href":"https:\/\/www.parthages.be\/eboutique\/wp-json\/wp\/v2\/types\/product"}],"replies":[{"embeddable":true,"href":"https:\/\/www.parthages.be\/eboutique\/wp-json\/wp\/v2\/comments?post=2859"}],"wp:featuredmedia":[{"embeddable":true,"href":"https:\/\/www.parthages.be\/eboutique\/wp-json\/wp\/v2\/media\/2860"}],"wp:attachment":[{"href":"https:\/\/www.parthages.be\/eboutique\/wp-json\/wp\/v2\/media?parent=2859"}],"curies":[{"name":"wp","href":"https:\/\/api.w.org\/{rel}","templated":true}]}}