{"id":2868,"date":"2022-09-02T12:39:43","date_gmt":"2022-09-02T10:39:43","guid":{"rendered":"https:\/\/www.parthages.be\/eboutique\/?post_type=product&#038;p=2868"},"modified":"2023-09-12T11:24:31","modified_gmt":"2023-09-12T09:24:31","slug":"will-t1-roulez-jeunesse","status":"publish","type":"product","link":"https:\/\/www.parthages.be\/eboutique\/produit\/will-t1-roulez-jeunesse\/","title":{"rendered":"Will T1 Roulez jeunesse !"},"content":{"rendered":"<p>Will est un petit gar\u00e7on presque comme tous les autres, avec son meilleur pote Hami, sa s\u0153ur pupuce, son instit\u2019 et la prof de gym dont il est secr\u00e8tement amoureux\u2026 \u00e0 un d\u00e9tail pr\u00e8s\u00a0: Will est en fauteuil roulant\u00a0! Et il pr\u00e9tend que ce handicap est d\u00fb aux m\u00e9faits d\u2019un extra-terrestre au nom impronon\u00e7able, un certain Armand de la Bateli\u00e8re, qui l\u2019a paralys\u00e9 avec un pistolet-laser. \u00c9videmment, ses potes n\u2019en croient pas un mot. Mais Will est dynamique, positif et ne se laisse pas d\u00e9monter.\u00a0 (Pr\u00e9sentation de l\u2019\u00e9diteur)<\/p>\n<p>EVRARD D &#8211; ZIDROU<\/p>\n<p>Editions Paquet<\/p>\n<p>Collection Kramiek<\/p>\n<p>2017-48p. &#8211; 307gr<\/p>\n<p>ISBN: 978-2-88933051-5<\/p>\n<p>Cote doc: 11-EVR-W1<\/p>\n<span class=\"et_bloom_bottom_trigger\"><\/span>","protected":false},"excerpt":{"rendered":"<p>Will est un petit gar\u00e7on presque comme tous les autres, avec son meilleur pote Hami, sa s\u0153ur pupuce, son instit\u2019 et la prof de gym dont il est secr\u00e8tement amoureux\u2026<\/p>\n","protected":false},"featured_media":2867,"comment_status":"closed","ping_status":"closed","template":"","meta":{"_et_pb_use_builder":"","_et_pb_old_content":"","_et_gb_content_width":"","spay_email":""},"class_list":["post-2868","product","type-product","status-publish","has-post-thumbnail","hentry","product_cat-livres","product_cat-livres-jeunesse","product_tag-bande-dessinee","product_tag-enfant","product_tag-paraplegie","product_tag-personne-handicapee"],"jetpack_sharing_enabled":true,"jetpack_likes_enabled":true,"_links":{"self":[{"href":"https:\/\/www.parthages.be\/eboutique\/wp-json\/wp\/v2\/product\/2868","targetHints":{"allow":["GET"]}}],"collection":[{"href":"https:\/\/www.parthages.be\/eboutique\/wp-json\/wp\/v2\/product"}],"about":[{"href":"https:\/\/www.parthages.be\/eboutique\/wp-json\/wp\/v2\/types\/product"}],"replies":[{"embeddable":true,"href":"https:\/\/www.parthages.be\/eboutique\/wp-json\/wp\/v2\/comments?post=2868"}],"wp:featuredmedia":[{"embeddable":true,"href":"https:\/\/www.parthages.be\/eboutique\/wp-json\/wp\/v2\/media\/2867"}],"wp:attachment":[{"href":"https:\/\/www.parthages.be\/eboutique\/wp-json\/wp\/v2\/media?parent=2868"}],"curies":[{"name":"wp","href":"https:\/\/api.w.org\/{rel}","templated":true}]}}