{"id":2870,"date":"2022-09-13T11:35:37","date_gmt":"2022-09-13T09:35:37","guid":{"rendered":"https:\/\/www.parthages.be\/eboutique\/?post_type=product&#038;p=2870"},"modified":"2022-09-13T11:36:12","modified_gmt":"2022-09-13T09:36:12","slug":"le-sida-1-dossier","status":"publish","type":"product","link":"https:\/\/www.parthages.be\/eboutique\/produit\/le-sida-1-dossier\/","title":{"rendered":"Le sida (1) &#8211; dossier"},"content":{"rendered":"<p>Ce recueil contient des informations r\u00e9centes et basiques en langue fran\u00e7aise concernant le sida. La premi\u00e8re partie pr\u00e9sente des documents d&rsquo;ordre g\u00e9n\u00e9ral et \u00e9pid\u00e9miologique concernant le sida et sa pr\u00e9vention en ciblant le plus possible sur la Belgique. La deuxi\u00e8me partie aborde la probl\u00e9matique du sida et de sa pr\u00e9vention dans des milieux diff\u00e9rents et moins habituellement abord\u00e9s comme le milieu carc\u00e9ral, le milieu de la prostitution, le milieu homosexuel, le milieu du handicap&#8230;<\/p>\n<p>UCL-RESO -CLPS-BRUXELLES<\/p>\n<p>Ucl reso<\/p>\n<p>2006-403p.<\/p>\n<p>Cote doc: 1-10-SPS-S1<\/p>\n<p><strong><em>Uniquement \u00e0 la location<\/em><\/strong><\/p>\n<span class=\"et_bloom_bottom_trigger\"><\/span>","protected":false},"excerpt":{"rendered":"<p>Ce recueil contient des informations r\u00e9centes et basiques en langue fran\u00e7aise concernant le sida.<\/p>\n","protected":false},"featured_media":2871,"comment_status":"closed","ping_status":"closed","template":"","meta":{"_et_pb_use_builder":"","_et_pb_old_content":"","_et_gb_content_width":"","spay_email":""},"class_list":["post-2870","product","type-product","status-publish","has-post-thumbnail","hentry","product_cat-livres","product_tag-drogue","product_tag-epidemiologie","product_tag-handicap","product_tag-homosexualite","product_tag-prevention","product_tag-prison","product_tag-prostitution","product_tag-sida"],"jetpack_sharing_enabled":true,"jetpack_likes_enabled":true,"_links":{"self":[{"href":"https:\/\/www.parthages.be\/eboutique\/wp-json\/wp\/v2\/product\/2870","targetHints":{"allow":["GET"]}}],"collection":[{"href":"https:\/\/www.parthages.be\/eboutique\/wp-json\/wp\/v2\/product"}],"about":[{"href":"https:\/\/www.parthages.be\/eboutique\/wp-json\/wp\/v2\/types\/product"}],"replies":[{"embeddable":true,"href":"https:\/\/www.parthages.be\/eboutique\/wp-json\/wp\/v2\/comments?post=2870"}],"wp:featuredmedia":[{"embeddable":true,"href":"https:\/\/www.parthages.be\/eboutique\/wp-json\/wp\/v2\/media\/2871"}],"wp:attachment":[{"href":"https:\/\/www.parthages.be\/eboutique\/wp-json\/wp\/v2\/media?parent=2870"}],"curies":[{"name":"wp","href":"https:\/\/api.w.org\/{rel}","templated":true}]}}