{"id":2872,"date":"2022-09-13T11:37:51","date_gmt":"2022-09-13T09:37:51","guid":{"rendered":"https:\/\/www.parthages.be\/eboutique\/?post_type=product&#038;p=2872"},"modified":"2022-09-13T11:37:52","modified_gmt":"2022-09-13T09:37:52","slug":"le-sida-2-dossier","status":"publish","type":"product","link":"https:\/\/www.parthages.be\/eboutique\/produit\/le-sida-2-dossier\/","title":{"rendered":"Le sida (2) &#8211; dossier"},"content":{"rendered":"<p>Ce recueil contient des informations r\u00e9centes et basiques en langue fran\u00e7aise concernant le sida. Le premier volume pr\u00e9sentait d&rsquo;une part\u00a0 des documents d&rsquo;ordre g\u00e9n\u00e9ral et \u00e9pid\u00e9miologique concernant le sida et sa pr\u00e9vention en ciblant le plus possible sur la Belgique; et d&rsquo;autre part des documents qui abordaient la probl\u00e9matique du sida et de sa pr\u00e9vention dans des milieux diff\u00e9rents et moins habituellement abord\u00e9s comme le milieu carc\u00e9ral, le milieu de la prostitution, le milieu homosexuel, le milieu du handicap&#8230;<\/p>\n<p>Ce second volume, \u00e0 connotation psychosociologique, rassemblent des articles concernant les m\u00e9thodes de transmission du virus, les diff\u00e9rentes th\u00e9rapeutiques actuellement pratiqu\u00e9es, le v\u00e9cu et la prise en charge des s\u00e9ropositifs, alimentation du patient infect\u00e9, l&rsquo;\u00e9ducation affective et sexuelle.<\/p>\n<p>UCL-RESO -CLPS-BRUXELLES<\/p>\n<p>Ucl reso<\/p>\n<p>2006-261p.<\/p>\n<p>Cote doc: 1-10-SPS-S2<\/p>\n<p><strong><em>Uniquement \u00e0 la location<\/em><\/strong><\/p>\n<span class=\"et_bloom_bottom_trigger\"><\/span>","protected":false},"excerpt":{"rendered":"<p>Ce recueil contient des informations r\u00e9centes et basiques en langue fran\u00e7aise concernant le sida.<\/p>\n","protected":false},"featured_media":2873,"comment_status":"closed","ping_status":"closed","template":"","meta":{"_et_pb_use_builder":"","_et_pb_old_content":"","_et_gb_content_width":"","spay_email":""},"class_list":["post-2872","product","type-product","status-publish","has-post-thumbnail","hentry","product_cat-livres","product_tag-alimentation","product_tag-education-affective-et-sexuelle","product_tag-prise-en-charge","product_tag-sida","product_tag-traitement"],"jetpack_sharing_enabled":true,"jetpack_likes_enabled":true,"_links":{"self":[{"href":"https:\/\/www.parthages.be\/eboutique\/wp-json\/wp\/v2\/product\/2872","targetHints":{"allow":["GET"]}}],"collection":[{"href":"https:\/\/www.parthages.be\/eboutique\/wp-json\/wp\/v2\/product"}],"about":[{"href":"https:\/\/www.parthages.be\/eboutique\/wp-json\/wp\/v2\/types\/product"}],"replies":[{"embeddable":true,"href":"https:\/\/www.parthages.be\/eboutique\/wp-json\/wp\/v2\/comments?post=2872"}],"wp:featuredmedia":[{"embeddable":true,"href":"https:\/\/www.parthages.be\/eboutique\/wp-json\/wp\/v2\/media\/2873"}],"wp:attachment":[{"href":"https:\/\/www.parthages.be\/eboutique\/wp-json\/wp\/v2\/media?parent=2872"}],"curies":[{"name":"wp","href":"https:\/\/api.w.org\/{rel}","templated":true}]}}