{"id":2874,"date":"2022-09-13T11:41:20","date_gmt":"2022-09-13T09:41:20","guid":{"rendered":"https:\/\/www.parthages.be\/eboutique\/?post_type=product&#038;p=2874"},"modified":"2022-09-13T11:41:21","modified_gmt":"2022-09-13T09:41:21","slug":"lhomme-et-son-corps","status":"publish","type":"product","link":"https:\/\/www.parthages.be\/eboutique\/produit\/lhomme-et-son-corps\/","title":{"rendered":"L&rsquo;homme et son corps"},"content":{"rendered":"<p><strong><em>Anthropologie anatomique, physiologique et psychologique<\/em><\/strong><\/p>\n<p>Qu\u2019est-ce que l\u2019homme ? Un \u00eatre vivant r\u00e9gi par un centre de commande appel\u00e9 cerveau ? Que savons-nous de nous-m\u00eames ? Nous connaissons nos d\u00e9sirs, nos intentions, nos aversions, nos pr\u00e9f\u00e9rences, mais que savons-nous en r\u00e9alit\u00e9 de l\u2019organisation de notre corps, de notre \u00e2me, de notre esprit ? Comment sommes-nous faits ?<br \/>\nAvec cet important ouvrage, Ernst-Michael Kranich apporte aux m\u00e9decins, aux th\u00e9rapeutes, aux p\u00e9dagogues, mais aussi \u00e0 tout non-sp\u00e9cialiste int\u00e9ress\u00e9, une \u00e9tude de base qui met en relation les diff\u00e9rents aspects de l\u2019homme : anatomie, embryologie, morphologie, physiologie, psychologie. On y trouve des descriptions d\u00e9taill\u00e9es des diff\u00e9rents organes et de leurs fonctions, mais, et c\u2019est ce qui le distingue totalement d\u2019un livre de biologie habituel, Kranich s\u2019applique \u00e0 d\u00e9crire le \u00ab\u00a0comment\u00a0\u00bb plus que le \u00ab\u00a0quoi\u00a0\u00bb. Comment fonctionnent les reins ? Que se passe-t-il quand ils ne fonctionnent plus ? Comment et pourquoi notre vie psychique se modifie-t-elle en cas de d\u00e9ficience r\u00e9nale ?<br \/>\nKranich \u00e9tudie le syst\u00e8me nerveux, la respiration, le circulation sanguine, la digestion, etc., de plusieurs points de vue, de telle sorte qu\u2019en le lisant on comprend, pour la premi\u00e8re fois peut-\u00eatre, combien les fonctions vitales et psychiques sont intimement reli\u00e9es et interd\u00e9pendantes les unes aux autres. Il n\u2019y a rien d\u2019automatique dans le corps ; tout se m\u00eale et interagit. Une importance particuli\u00e8re est accord\u00e9e \u00e0 l\u2019\u00e9lucidation du r\u00f4le du sang en tant que porteur du \u00ab\u00a0moi\u00a0\u00bb. Le coeur appara\u00eet ainsi comme bien plus qu\u2019une pompe qui ne ferait qu\u2019impulser le sang.<\/p>\n<p>Ce livre n\u2019est pas un atlas d\u2019anatomie o\u00f9 les d\u00e9tails succ\u00e8dent aux d\u00e9tails. Il apporte plut\u00f4t une vue d\u2019ensemble, du fait qu\u2019il d\u00e9crit toujours les divers organes et leur d\u00e9veloppement en rapport les uns avec les autres. L\u2019homme n\u2019est pas une machine faite de pi\u00e8ces interchangeables. Le corps se renouvelle constamment et r\u00e9agit, de ce fait, aux influences ext\u00e9rieures et int\u00e9rieures. Nous vivons une perp\u00e9tuelle m\u00e9tamorphose. Chaque partie se d\u00e9veloppe \u00e0 tout moment \u00e0 partir des autres.<\/p>\n<p>Celui qui souhaite mieux comprendre les fondements de son organisme, sans craindre d\u2019avoir \u00e0 penser \u00e9nergiquement des notions qui \u00e9clairent l\u2019existence humaine sous de nouveaux aspects, notamment d\u2019envisager le corps comme une partie seulement de la nature humaine et de compl\u00e9ter celle-ci par la vie du psychisme et celle du \u00ab\u00a0moi\u00a0\u00bb, tirera un grand profit de la lecture de cet ouvrage. Certes il faut parfois relire plusieurs fois la m\u00eame phrase, tant les id\u00e9es sont denses d\u2019un bout \u00e0 l\u2019autre. C\u2019est un de ces livres que l\u2019on peut travailler toute sa vie, en revenant sur l\u2019un ou l\u2019autre aspect selon les questions que l\u2019on se pose.<br \/>\nEt surtout, il nous lib\u00e8re de cette id\u00e9e que le cerveau tr\u00f4ne comme un g\u00e9n\u00e9ral au-dessus du corps et lui envoie ses ordres, alors que le reste ne fait que \u00ab\u00a0fonctionner\u00a0\u00bb. Malheureusement, ou heureusement, les hommes sont un peu plus complexes ! Cette complexit\u00e9, on la d\u00e9couvre avec \u00e9merveillement au fur et \u00e0 mesure de la lecture, et l\u2019on d\u00e9veloppe un tout nouveau respect pour cette fabuleuse \u00ab\u00a0machine\u00a0\u00bb qui nous porte \u00e0 travers la vie. (Pr\u00e9sentation de l\u2019\u00e9diteur)<\/p>\n<p>KRANICH E.-M.<\/p>\n<p>Editions Triades<\/p>\n<p>2006-380p.-717gr<\/p>\n<p>ISBN\u00a0: 2-85248-286-X<\/p>\n<p>Cote doc\u00a0: 1-00-KRA-H<\/p>\n<span class=\"et_bloom_bottom_trigger\"><\/span>","protected":false},"excerpt":{"rendered":"<p>Qu\u2019est-ce que l\u2019homme ? Un \u00eatre vivant r\u00e9gi par un centre de commande appel\u00e9 cerveau ? Que savons-nous de nous-m\u00eames ? Nous connaissons nos d\u00e9sirs, nos intentions, nos aversions, nos pr\u00e9f\u00e9rences, mais que savons-nous en r\u00e9alit\u00e9 de l\u2019organisation de notre corps, de notre \u00e2me, de notre esprit ? Comment sommes-nous faits ?<\/p>\n","protected":false},"featured_media":2875,"comment_status":"closed","ping_status":"closed","template":"","meta":{"_et_pb_use_builder":"","_et_pb_old_content":"","_et_gb_content_width":"","spay_email":""},"class_list":["post-2874","product","type-product","status-publish","has-post-thumbnail","hentry","product_cat-livres","product_tag-adaptation","product_tag-adulte","product_tag-alimentation","product_tag-anthropologie","product_tag-corps","product_tag-homme","product_tag-perception","product_tag-psychisme","product_tag-sens","product_tag-systeme-nerveux"],"jetpack_sharing_enabled":true,"jetpack_likes_enabled":true,"_links":{"self":[{"href":"https:\/\/www.parthages.be\/eboutique\/wp-json\/wp\/v2\/product\/2874","targetHints":{"allow":["GET"]}}],"collection":[{"href":"https:\/\/www.parthages.be\/eboutique\/wp-json\/wp\/v2\/product"}],"about":[{"href":"https:\/\/www.parthages.be\/eboutique\/wp-json\/wp\/v2\/types\/product"}],"replies":[{"embeddable":true,"href":"https:\/\/www.parthages.be\/eboutique\/wp-json\/wp\/v2\/comments?post=2874"}],"wp:featuredmedia":[{"embeddable":true,"href":"https:\/\/www.parthages.be\/eboutique\/wp-json\/wp\/v2\/media\/2875"}],"wp:attachment":[{"href":"https:\/\/www.parthages.be\/eboutique\/wp-json\/wp\/v2\/media?parent=2874"}],"curies":[{"name":"wp","href":"https:\/\/api.w.org\/{rel}","templated":true}]}}