{"id":2878,"date":"2022-09-13T11:44:14","date_gmt":"2022-09-13T09:44:14","guid":{"rendered":"https:\/\/www.parthages.be\/eboutique\/?post_type=product&#038;p=2878"},"modified":"2022-09-13T11:44:16","modified_gmt":"2022-09-13T09:44:16","slug":"la-sante-le-logement","status":"publish","type":"product","link":"https:\/\/www.parthages.be\/eboutique\/produit\/la-sante-le-logement\/","title":{"rendered":"La sant\u00e9, le logement"},"content":{"rendered":"<p><strong><em>Brochure<\/em><\/strong><\/p>\n<p>.sant\u00e9-logement: la probl\u00e9matique<\/p>\n<p>.r\u00e9partition des comp\u00e9tences en mati\u00e8re de sant\u00e9 au plan f\u00e9d\u00e9ral, communautaire et r\u00e9gional<\/p>\n<p>.la qualit\u00e9 du logement: le code civil, le r\u00f4le du bourgmestre, les logements meubl\u00e9s, le bruit<\/p>\n<p>.le co\u00fbt du logement: le syst\u00e8me des allocations de d\u00e9m\u00e9nagement-installation et de loyer, la garantie locative, la r\u00e9duction du pr\u00e9compte immobilier, le calcul du loyer dans le secteur du logement social<\/p>\n<p>.acc\u00e9der \u00e0 un logement d\u00e9cent: le logement social, le Fonds du Logement des familles de la R\u00e9gion bruxelloise, agences immobili\u00e8res sociales<\/p>\n<p>.am\u00e9liorer le logement: les primes<\/p>\n<p>COMMISSION COMMUNAUTAIRE FRANCAISE<\/p>\n<p>Question sant\u00e9 asbl<\/p>\n<p>1999-115p<\/p>\n<p>Cote doc\u00a0: 1-10-CCF-S2<\/p>\n<p><strong><em>Uniquement \u00e0 la location<\/em><\/strong><\/p>\n<span class=\"et_bloom_bottom_trigger\"><\/span>","protected":false},"excerpt":{"rendered":"<p>Brochure explicative<\/p>\n","protected":false},"featured_media":2879,"comment_status":"closed","ping_status":"closed","template":"","meta":{"_et_pb_use_builder":"","_et_pb_old_content":"","_et_gb_content_width":"","spay_email":""},"class_list":["post-2878","product","type-product","status-publish","has-post-thumbnail","hentry","product_cat-livres","product_tag-aide","product_tag-bruxelles-capitale","product_tag-communaute-francaise","product_tag-intervenant","product_tag-legislation","product_tag-logement","product_tag-organisme-public","product_tag-sante","product_tag-structure"],"jetpack_sharing_enabled":true,"jetpack_likes_enabled":true,"_links":{"self":[{"href":"https:\/\/www.parthages.be\/eboutique\/wp-json\/wp\/v2\/product\/2878","targetHints":{"allow":["GET"]}}],"collection":[{"href":"https:\/\/www.parthages.be\/eboutique\/wp-json\/wp\/v2\/product"}],"about":[{"href":"https:\/\/www.parthages.be\/eboutique\/wp-json\/wp\/v2\/types\/product"}],"replies":[{"embeddable":true,"href":"https:\/\/www.parthages.be\/eboutique\/wp-json\/wp\/v2\/comments?post=2878"}],"wp:featuredmedia":[{"embeddable":true,"href":"https:\/\/www.parthages.be\/eboutique\/wp-json\/wp\/v2\/media\/2879"}],"wp:attachment":[{"href":"https:\/\/www.parthages.be\/eboutique\/wp-json\/wp\/v2\/media?parent=2878"}],"curies":[{"name":"wp","href":"https:\/\/api.w.org\/{rel}","templated":true}]}}