{"id":288,"date":"2012-12-03T10:26:24","date_gmt":"2012-12-03T09:26:24","guid":{"rendered":"https:\/\/www.parthages.be\/wordpress\/produit\/itineraire-d-un-jeune-paume\/"},"modified":"2021-09-17T09:52:10","modified_gmt":"2021-09-17T07:52:10","slug":"itineraire-d-un-jeune-paume","status":"publish","type":"product","link":"https:\/\/www.parthages.be\/eboutique\/produit\/itineraire-d-un-jeune-paume\/","title":{"rendered":"Itin\u00e9raire d&rsquo;un jeune paum\u00e9"},"content":{"rendered":"<p>Orphelin et \u00ab\u00a0difficile\u00a0\u00bb, Yoann est un adolescent balad\u00e9 de foyer en foyer et que n\u2019enchante gu\u00e8re la perspective de passer son \u00e9t\u00e9 \u00e0 la campagne, dans une colonie de vacances. D\u00e9cid\u00e9 \u00e0 se faire renvoyer, il se lie pourtant d\u2019amiti\u00e9 avec un autre \u00ab\u00a0d\u00e9cal\u00e9\u00a0\u00bb, Henry, atteint de myopathie. Sa souffrance et surtout sa joie de vivre vont aider Yoann \u00e0 reconsid\u00e9rer ses propres failles. Le d\u00e9but d\u2019une r\u00e9demption et d\u2019un nouveau chemin o\u00f9 la gratitude et la g\u00e9n\u00e9rosit\u00e9 ouvriront la voie \u00e0 l\u2019apprentissage du bonheur.<\/p>\n<p>Formidable le\u00e7on d\u2019humilit\u00e9 et d\u2019amour, \u00ab\u00a0Itin\u00e9raire d\u2019un jeune paum\u00e9\u00a0\u00bb nous renvoie aux manques affectifs et aux petites mesquineries qui nous empoisonnent l\u2019existence, car \u00e0 trop regarder sa souffrance, on en oublie parfois de vivre. C\u2019est le sens de cette amiti\u00e9 magnifique entre deux jeunes r\u00e9solus \u00e0 s\u2019entraider et \u00e0 positiver en d\u00e9pit des difficult\u00e9s de la vie. Un roman sensible et superbe, o\u00f9 l\u2019\u00e9motion et la vibration des sentiments sont admirablement rendues par une \u00e9criture sinc\u00e8re et sans concessions. (Pr\u00e9sentation de l\u2019\u00e9diteur)<\/p>\n<p>QUERNIN X.<\/p>\n<p>Publibook<\/p>\n<p>2011-108p.<\/p>\n<p>ISBN: 978-2-7483-7132-1<\/p>\n<p>Cote doc\u00a0: 5-10-QUE-I<\/p>\n<span class=\"et_bloom_bottom_trigger\"><\/span>","protected":false},"excerpt":{"rendered":"<p>Orphelin et \u00ab\u00a0difficile\u00a0\u00bb, Yoann est un adolescent balad\u00e9 de foyer en foyer et que n\u2019enchante gu\u00e8re la perspective de passer son \u00e9t\u00e9 \u00e0 la campagne, dans une colonie de vacances.<\/p>\n","protected":false},"featured_media":287,"comment_status":"open","ping_status":"closed","template":"","meta":{"_et_pb_use_builder":"","_et_pb_old_content":"","_et_gb_content_width":"","spay_email":""},"class_list":["post-288","product","type-product","status-publish","has-post-thumbnail","hentry","product_cat-livres","product_tag-adolescent-en-difficulte","product_tag-amitie","product_tag-apprentissage","product_tag-enfant","product_tag-evaluation","product_tag-evolution","product_tag-intervention","product_tag-methodologie","product_tag-myopathie","product_tag-outil","product_tag-roman"],"jetpack_sharing_enabled":true,"jetpack_likes_enabled":true,"_links":{"self":[{"href":"https:\/\/www.parthages.be\/eboutique\/wp-json\/wp\/v2\/product\/288","targetHints":{"allow":["GET"]}}],"collection":[{"href":"https:\/\/www.parthages.be\/eboutique\/wp-json\/wp\/v2\/product"}],"about":[{"href":"https:\/\/www.parthages.be\/eboutique\/wp-json\/wp\/v2\/types\/product"}],"replies":[{"embeddable":true,"href":"https:\/\/www.parthages.be\/eboutique\/wp-json\/wp\/v2\/comments?post=288"}],"wp:featuredmedia":[{"embeddable":true,"href":"https:\/\/www.parthages.be\/eboutique\/wp-json\/wp\/v2\/media\/287"}],"wp:attachment":[{"href":"https:\/\/www.parthages.be\/eboutique\/wp-json\/wp\/v2\/media?parent=288"}],"curies":[{"name":"wp","href":"https:\/\/api.w.org\/{rel}","templated":true}]}}