{"id":2884,"date":"2022-09-13T11:49:09","date_gmt":"2022-09-13T09:49:09","guid":{"rendered":"https:\/\/www.parthages.be\/eboutique\/?post_type=product&#038;p=2884"},"modified":"2022-09-13T11:49:09","modified_gmt":"2022-09-13T09:49:09","slug":"les-maisons-medicales","status":"publish","type":"product","link":"https:\/\/www.parthages.be\/eboutique\/produit\/les-maisons-medicales\/","title":{"rendered":"Les maisons m\u00e9dicales"},"content":{"rendered":"<p><strong><em>Brochure<\/em><\/strong><\/p>\n<p>Cette brochure s&rsquo;adresse \u00e0 tous les acteurs de l&rsquo;aide aux personnes et de la sant\u00e9 et explique les options et pratiques des Maisons M\u00e9dicale soutenues par la CCF<\/p>\n<p>COMMISSION COMMUNAUTAIRE FRANCAISE<\/p>\n<p>Question sant\u00e9 asbl<\/p>\n<p>1998-51p<\/p>\n<p>Cote doc\u00a0: 1-10-CCF-M<\/p>\n<p><strong><em>Uniquement \u00e0 la location<\/em><\/strong><\/p>\n<span class=\"et_bloom_bottom_trigger\"><\/span>","protected":false},"excerpt":{"rendered":"<p>Brochure explicative<\/p>\n","protected":false},"featured_media":2885,"comment_status":"closed","ping_status":"closed","template":"","meta":{"_et_pb_use_builder":"","_et_pb_old_content":"","_et_gb_content_width":"","spay_email":""},"class_list":["post-2884","product","type-product","status-publish","has-post-thumbnail","hentry","product_cat-livres","product_tag-aide","product_tag-bruxelles-capitale","product_tag-centre-de-sante","product_tag-communaute-francaise","product_tag-intervenant","product_tag-legislation","product_tag-organisme-public","product_tag-sante","product_tag-structure"],"jetpack_sharing_enabled":true,"jetpack_likes_enabled":true,"_links":{"self":[{"href":"https:\/\/www.parthages.be\/eboutique\/wp-json\/wp\/v2\/product\/2884","targetHints":{"allow":["GET"]}}],"collection":[{"href":"https:\/\/www.parthages.be\/eboutique\/wp-json\/wp\/v2\/product"}],"about":[{"href":"https:\/\/www.parthages.be\/eboutique\/wp-json\/wp\/v2\/types\/product"}],"replies":[{"embeddable":true,"href":"https:\/\/www.parthages.be\/eboutique\/wp-json\/wp\/v2\/comments?post=2884"}],"wp:featuredmedia":[{"embeddable":true,"href":"https:\/\/www.parthages.be\/eboutique\/wp-json\/wp\/v2\/media\/2885"}],"wp:attachment":[{"href":"https:\/\/www.parthages.be\/eboutique\/wp-json\/wp\/v2\/media?parent=2884"}],"curies":[{"name":"wp","href":"https:\/\/api.w.org\/{rel}","templated":true}]}}