{"id":2903,"date":"2023-04-27T13:44:11","date_gmt":"2023-04-27T11:44:11","guid":{"rendered":"https:\/\/www.parthages.be\/eboutique\/?post_type=product&#038;p=2903"},"modified":"2023-04-27T13:45:50","modified_gmt":"2023-04-27T11:45:50","slug":"la-famille-ses-enjeux-et-son-evolution","status":"publish","type":"product","link":"https:\/\/www.parthages.be\/eboutique\/produit\/la-famille-ses-enjeux-et-son-evolution\/","title":{"rendered":"La famille: ses enjeux et son \u00e9volution"},"content":{"rendered":"<p>Cet ouvrage \u00e9tudie la composition, la long\u00e9vit\u00e9 et les r\u00e8gles de la famille pour mieux comprendre les effets des changements qu&rsquo;elle subit sur l&rsquo;ensemble de la soci\u00e9t\u00e9 et dans nos organisations. (Pr\u00e9sentation de l\u2019\u00e9diteur)<\/p>\n<p>GAGNE P.A.- PETITPAS J.G.<\/p>\n<p>Editions Nouvelles<\/p>\n<p>2001-71p.<\/p>\n<p>ISBN: 2-921696-70-3<\/p>\n<p>Cote doc: 4-10-GAG-F<\/p>\n<p><strong><em>Uniquement \u00e0 la location<\/em><\/strong><\/p>\n<span class=\"et_bloom_bottom_trigger\"><\/span>","protected":false},"excerpt":{"rendered":"<p>Cet ouvrage \u00e9tudie la composition, la long\u00e9vit\u00e9 et les r\u00e8gles de la famille pour mieux comprendre les effets des changements qu&rsquo;elle subit sur l&rsquo;ensemble de la soci\u00e9t\u00e9 et dans nos organisations. (Pr\u00e9sentation de l\u2019\u00e9diteur)<\/p>\n","protected":false},"featured_media":0,"comment_status":"closed","ping_status":"closed","template":"","meta":{"_et_pb_use_builder":"","_et_pb_old_content":"","_et_gb_content_width":"","spay_email":""},"class_list":["post-2903","product","type-product","status-publish","hentry","product_cat-livres","product_tag-canada","product_tag-famille","product_tag-organisation","product_tag-personne-handicapee","product_tag-societe"],"jetpack_sharing_enabled":true,"jetpack_likes_enabled":true,"_links":{"self":[{"href":"https:\/\/www.parthages.be\/eboutique\/wp-json\/wp\/v2\/product\/2903","targetHints":{"allow":["GET"]}}],"collection":[{"href":"https:\/\/www.parthages.be\/eboutique\/wp-json\/wp\/v2\/product"}],"about":[{"href":"https:\/\/www.parthages.be\/eboutique\/wp-json\/wp\/v2\/types\/product"}],"replies":[{"embeddable":true,"href":"https:\/\/www.parthages.be\/eboutique\/wp-json\/wp\/v2\/comments?post=2903"}],"wp:attachment":[{"href":"https:\/\/www.parthages.be\/eboutique\/wp-json\/wp\/v2\/media?parent=2903"}],"curies":[{"name":"wp","href":"https:\/\/api.w.org\/{rel}","templated":true}]}}