{"id":2905,"date":"2023-05-09T07:51:57","date_gmt":"2023-05-09T05:51:57","guid":{"rendered":"https:\/\/www.parthages.be\/eboutique\/?post_type=product&#038;p=2905"},"modified":"2023-09-12T11:31:52","modified_gmt":"2023-09-12T09:31:52","slug":"1-chance-sur-666","status":"publish","type":"product","link":"https:\/\/www.parthages.be\/eboutique\/produit\/1-chance-sur-666\/","title":{"rendered":"1 chance sur 666"},"content":{"rendered":"<p>Une chance sur 666.<br \/>\nC\u2019est la probabilit\u00e9 qu&rsquo;avait Vanessa d&rsquo;accoucher d&rsquo;un enfant porteur de trisomie 21, \u00e0 trente-deux ans. Lorsque Valentine pointe le bout de son nez en juillet 2009, elle est effondr\u00e9e. Sans qu&rsquo;elle le sache alors, cet \u00e9v\u00e9nement qui porte la robe de la trag\u00e9die est en fait le point de d\u00e9part d&rsquo;une nouvelle existence riche de sens. Se frotter \u00e0 la singularit\u00e9 bouleverse les rep\u00e8res et fait prendre conscience que certains partis pris de notre soci\u00e9t\u00e9 sont faux et r\u00e9ducteurs.<br \/>\nL&rsquo;homme ordinaire vit dans la tyrannie de la norme et de la perfection.<br \/>\nQuelle est donc cette normalit\u00e9 ? La r\u00e9ussite d&rsquo;une vie ne s&rsquo;incarne-t-elle pas plut\u00f4t dans la joie et dans l&rsquo;amour inconditionnel ?<br \/>\nCe livre est une bouff\u00e9e d&rsquo;amour, de vie, de r\u00e9flexions que l&rsquo;auteure sait si bien faire partager \u00e0 ceux qui la suivront dans toutes les directions qu&rsquo;elle emprunte.<br \/>\nUne confrontation \u00e0 la diff\u00e9rence pour un chemin vers la r\u00e9silience. (Pr\u00e9sentation de l\u2019\u00e9diteur)<\/p>\n<p>&nbsp;<\/p>\n<p>ARCOS V.<\/p>\n<p>\u00c9ditions Terre en ciel<\/p>\n<p>2021- 158p. &#8211;<\/p>\n<p>300gr<\/p>\n<p>ISBN\u00a0: 978-2-9563380-6-2<\/p>\n<p>Cote doc\u00a0: 2-40-ARC-C<\/p>\n<span class=\"et_bloom_bottom_trigger\"><\/span>","protected":false},"excerpt":{"rendered":"<p>Une chance sur 666.<br \/>\nC\u2019est la probabilit\u00e9 qu&rsquo;avait Vanessa d&rsquo;accoucher d&rsquo;un enfant porteur de trisomie 21, \u00e0 trente-deux ans.<\/p>\n","protected":false},"featured_media":2906,"comment_status":"closed","ping_status":"closed","template":"","meta":{"_et_pb_use_builder":"","_et_pb_old_content":"","_et_gb_content_width":"","spay_email":""},"class_list":["post-2905","product","type-product","status-publish","has-post-thumbnail","hentry","product_cat-livres","product_tag-acceptation","product_tag-amour","product_tag-difference","product_tag-empathie","product_tag-enfant","product_tag-personne-handicapee","product_tag-resilience","product_tag-temoignage","product_tag-trisomie-21"],"jetpack_sharing_enabled":true,"jetpack_likes_enabled":true,"_links":{"self":[{"href":"https:\/\/www.parthages.be\/eboutique\/wp-json\/wp\/v2\/product\/2905","targetHints":{"allow":["GET"]}}],"collection":[{"href":"https:\/\/www.parthages.be\/eboutique\/wp-json\/wp\/v2\/product"}],"about":[{"href":"https:\/\/www.parthages.be\/eboutique\/wp-json\/wp\/v2\/types\/product"}],"replies":[{"embeddable":true,"href":"https:\/\/www.parthages.be\/eboutique\/wp-json\/wp\/v2\/comments?post=2905"}],"wp:featuredmedia":[{"embeddable":true,"href":"https:\/\/www.parthages.be\/eboutique\/wp-json\/wp\/v2\/media\/2906"}],"wp:attachment":[{"href":"https:\/\/www.parthages.be\/eboutique\/wp-json\/wp\/v2\/media?parent=2905"}],"curies":[{"name":"wp","href":"https:\/\/api.w.org\/{rel}","templated":true}]}}