{"id":2911,"date":"2023-05-09T07:59:23","date_gmt":"2023-05-09T05:59:23","guid":{"rendered":"https:\/\/www.parthages.be\/eboutique\/?post_type=product&#038;p=2911"},"modified":"2023-09-12T11:31:36","modified_gmt":"2023-09-12T09:31:36","slug":"la-joie-simple-papa-et-psy-face-au-handicap","status":"publish","type":"product","link":"https:\/\/www.parthages.be\/eboutique\/produit\/la-joie-simple-papa-et-psy-face-au-handicap\/","title":{"rendered":"La joie simple : papa et psy face au handicap"},"content":{"rendered":"<p>Jean-Baptiste Dethieux est le p\u00e8re d\u2019une enfant porteuse d\u2019un handicap qui la rend \u00e0 certains moments toute petite et d\u00e9munie et \u00e0 d\u2019autres, grande et forte, si forte qu\u2019elle semble embrasser le monde dans son entier, s\u2019en amuser ou s\u2019en r\u00e9jouir dans une innocence d\u00e9sarmante. Elle est alors, non seulement cette enfant souffrant d\u2019un handicap, mais aussi l\u2019incarnation d\u2019une joie simple et d\u2019une force de vie irradiante.<br \/>\nMais Jean-Baptiste est aussi psychiatre et psychanalyste d\u2019enfants et d\u2019adolescents et, \u00e0 ce titre, re\u00e7oit des enfants en souffrance et parfois porteurs, eux aussi, d\u2019un handicap.<br \/>\nPapa et psychiatre, Jean-Baptiste a voulu t\u00e9moigner avec ce double regard, depuis son propre v\u00e9cu.<br \/>\nTant\u00f4t essai, tant\u00f4t hommage rendu aux soignants, mais aussi, bien s\u00fbr, aux soign\u00e9s, Jean-Baptiste nous livre une part de son intimit\u00e9, de son parcours, de ses doutes, r\u00e9flexions, tristesses et joies.<br \/>\n\u00c9tay\u00e9 de t\u00e9moignages, La joie simple est un livre qui peut parler autant au c\u0153ur de ceux qui portent en eux ces exp\u00e9riences de vie qu\u2019au plus grand nombre. (Pr\u00e9sentation de l\u2019\u00e9diteur)<\/p>\n<p>DETHIEUX J-B.<\/p>\n<p>Editions l\u2019Alchimiste<\/p>\n<p>2022- 117p.-<\/p>\n<p>145 gr<\/p>\n<p>ISBN\u00a0: 978-2-379-66135-8<\/p>\n<p>Cote doc\u00a0: 1-20-DET-J<\/p>\n<span class=\"et_bloom_bottom_trigger\"><\/span>","protected":false},"excerpt":{"rendered":"<p>Jean-Baptiste Dethieux est le p\u00e8re d\u2019une enfant porteuse d\u2019un handicap qui la rend \u00e0 certains moments toute petite et d\u00e9munie et \u00e0 d\u2019autres, grande et forte, si forte qu\u2019elle semble embrasser le monde dans son entier, s\u2019en amuser ou s\u2019en r\u00e9jouir dans une innocence d\u00e9sarmante.<\/p>\n","protected":false},"featured_media":2912,"comment_status":"closed","ping_status":"closed","template":"","meta":{"_et_pb_use_builder":"","_et_pb_old_content":"","_et_gb_content_width":"","spay_email":""},"class_list":["post-2911","product","type-product","status-publish","has-post-thumbnail","hentry","product_cat-livres","product_tag-annonce-du-handicap","product_tag-auto-biographie","product_tag-difference","product_tag-enfant","product_tag-inclusion","product_tag-integration","product_tag-personne-handicapee","product_tag-temoignage"],"jetpack_sharing_enabled":true,"jetpack_likes_enabled":true,"_links":{"self":[{"href":"https:\/\/www.parthages.be\/eboutique\/wp-json\/wp\/v2\/product\/2911","targetHints":{"allow":["GET"]}}],"collection":[{"href":"https:\/\/www.parthages.be\/eboutique\/wp-json\/wp\/v2\/product"}],"about":[{"href":"https:\/\/www.parthages.be\/eboutique\/wp-json\/wp\/v2\/types\/product"}],"replies":[{"embeddable":true,"href":"https:\/\/www.parthages.be\/eboutique\/wp-json\/wp\/v2\/comments?post=2911"}],"wp:featuredmedia":[{"embeddable":true,"href":"https:\/\/www.parthages.be\/eboutique\/wp-json\/wp\/v2\/media\/2912"}],"wp:attachment":[{"href":"https:\/\/www.parthages.be\/eboutique\/wp-json\/wp\/v2\/media?parent=2911"}],"curies":[{"name":"wp","href":"https:\/\/api.w.org\/{rel}","templated":true}]}}