{"id":2917,"date":"2023-05-09T08:04:12","date_gmt":"2023-05-09T06:04:12","guid":{"rendered":"https:\/\/www.parthages.be\/eboutique\/?post_type=product&#038;p=2917"},"modified":"2023-09-12T11:31:20","modified_gmt":"2023-09-12T09:31:20","slug":"journal-de-mes-oreilles","status":"publish","type":"product","link":"https:\/\/www.parthages.be\/eboutique\/produit\/journal-de-mes-oreilles\/","title":{"rendered":"Journal de mes oreilles"},"content":{"rendered":"<p>\u00ab\u00a0En ce moment, c&rsquo;est calme dans mes oreilles. Le silence du confinement leur sied bien. Pas de sollicitation ou sursollicitation. Pas de tentative d&rsquo;attraper des mots au milieu d&rsquo;un groupe ici et l\u00e0. Pas de constant brouhaha de la rue, de la circulation, pas de peur de ne pas entendre la prochaine phrase. Pas de lecture labiale non plus. Et pas d&rsquo;appareils.\u00a0\u00bb Le jour de ses vingt-cinq ans, les oreilles de Zo\u00e9 font leur premi\u00e8re crise, que la jeune com\u00e9dienne assimile \u00e0 une otite. Tr\u00e8s vite, les maux s&rsquo;accentuent, les acouph\u00e8nes arrivent. Et le diagnostic tombe : otospongiose bilat\u00e9rale cochl\u00e9aire. Comme Beethoven. C&rsquo;est le d\u00e9but d&rsquo;une bataille et d&rsquo;une acceptation. Avec gr\u00e2ce, joie, lyrisme, Zo\u00e9 raconte, cherche \u00e0 gu\u00e9rir, et s&rsquo;interroge. (Pr\u00e9sentation de l\u2019\u00e9diteur)<\/p>\n<p>BESMOND DE SENNEVILLE Z.<\/p>\n<p>Flammarion<\/p>\n<p>2021- 176p.-<\/p>\n<p>200 gr<\/p>\n<p>ISBN\u00a0: 978-2-0802-3674-6<\/p>\n<p>Cote doc\u00a0: 2-10-BES-J<\/p>\n<span class=\"et_bloom_bottom_trigger\"><\/span>","protected":false},"excerpt":{"rendered":"<p>En ce moment, c&rsquo;est calme dans mes oreilles. Le silence du confinement leur sied bien. Pas de sollicitation ou sursollicitation.<\/p>\n","protected":false},"featured_media":2918,"comment_status":"closed","ping_status":"closed","template":"","meta":{"_et_pb_use_builder":"","_et_pb_old_content":"","_et_gb_content_width":"","spay_email":""},"class_list":["post-2917","product","type-product","status-publish","has-post-thumbnail","hentry","product_cat-livres","product_tag-acceptation","product_tag-acouphene","product_tag-deuil","product_tag-maladie","product_tag-personne-handicape","product_tag-perte-daudition","product_tag-temoignage"],"jetpack_sharing_enabled":true,"jetpack_likes_enabled":true,"_links":{"self":[{"href":"https:\/\/www.parthages.be\/eboutique\/wp-json\/wp\/v2\/product\/2917","targetHints":{"allow":["GET"]}}],"collection":[{"href":"https:\/\/www.parthages.be\/eboutique\/wp-json\/wp\/v2\/product"}],"about":[{"href":"https:\/\/www.parthages.be\/eboutique\/wp-json\/wp\/v2\/types\/product"}],"replies":[{"embeddable":true,"href":"https:\/\/www.parthages.be\/eboutique\/wp-json\/wp\/v2\/comments?post=2917"}],"wp:featuredmedia":[{"embeddable":true,"href":"https:\/\/www.parthages.be\/eboutique\/wp-json\/wp\/v2\/media\/2918"}],"wp:attachment":[{"href":"https:\/\/www.parthages.be\/eboutique\/wp-json\/wp\/v2\/media?parent=2917"}],"curies":[{"name":"wp","href":"https:\/\/api.w.org\/{rel}","templated":true}]}}