{"id":2919,"date":"2023-05-09T08:06:19","date_gmt":"2023-05-09T06:06:19","guid":{"rendered":"https:\/\/www.parthages.be\/eboutique\/?post_type=product&#038;p=2919"},"modified":"2023-09-12T11:31:15","modified_gmt":"2023-09-12T09:31:15","slug":"mes-maux-en-couleurs-et-mon-combat-pour-le-bonheur","status":"publish","type":"product","link":"https:\/\/www.parthages.be\/eboutique\/produit\/mes-maux-en-couleurs-et-mon-combat-pour-le-bonheur\/","title":{"rendered":"Mes maux en couleurs et mon combat pour le bonheur"},"content":{"rendered":"<p>Ma vie a bascul\u00e9 une nuit o\u00f9 tout semblait pourtant si calme. La b\u00eate s\u2019est gliss\u00e9e dans mon corps et ne m\u2019a plus laiss\u00e9 une journ\u00e9e de r\u00e9pit. Il a fallu attendre des ann\u00e9es pour, qu\u2019enfin, on puisse poser un nom sur cette pathologie : l\u2019algie vasculaire de la face. Les m\u00e9decins la surnomment \u00ab la maladie du suicide \u00bb et comparent l\u2019intensit\u00e9 de sa douleur \u00e0 une amputation sans anesth\u00e9sie. Ne pouvant me r\u00e9soudre \u00e0 vivre avec cette douleur insoutenable, j\u2019ai tout essay\u00e9, faisant souvent m\u00eame office de cobaye. \u00c9puis\u00e9e par les multiples traitements et mutil\u00e9e par mes 12 op\u00e9rations, je n\u2019\u00e9tais plus que l\u2019ombre de moi-m\u00eame. Il \u00e9tait alors vital pour moi de donner un sens \u00e0 tout ce combat. Aujourd\u2019hui, j\u2019ai pris conscience que chaque moment de r\u00e9pit avec ma famille et mes amis, m\u00eame court, \u00e9tait essentiel et allait me permettre d\u2019affronter chacune de mes \u00e9preuves. Et je sais qu\u2019il est urgent de vivre et que, m\u00eame si mon bonheur est un combat de chaque instant, j\u2019en sors victorieuse chaque jour !<\/p>\n<p>(Pr\u00e9sentation de l\u2019\u00e9diteur)<\/p>\n<p>WATTRELOS D.<\/p>\n<p>Editions Leduc<\/p>\n<p>2022- 208p.-<\/p>\n<p>360gr<\/p>\n<p>ISBN\u00a0: 979-10-285-2447-0<\/p>\n<p>Cote doc\u00a0: 1-20-WAT-M<\/p>\n<span class=\"et_bloom_bottom_trigger\"><\/span>","protected":false},"excerpt":{"rendered":"<p>Ma vie a bascul\u00e9 une nuit o\u00f9 tout semblait pourtant si calme. La b\u00eate s\u2019est gliss\u00e9e dans mon corps et ne m\u2019a plus laiss\u00e9 une journ\u00e9e de r\u00e9pit.<\/p>\n","protected":false},"featured_media":2920,"comment_status":"closed","ping_status":"closed","template":"","meta":{"_et_pb_use_builder":"","_et_pb_old_content":"","_et_gb_content_width":"","spay_email":""},"class_list":["post-2919","product","type-product","status-publish","has-post-thumbnail","hentry","product_cat-livres","product_tag-acceptation","product_tag-lecon-de-vie","product_tag-maladie-neurologique","product_tag-personne-handicapee","product_tag-temoignage","product_tag-traitement"],"jetpack_sharing_enabled":true,"jetpack_likes_enabled":true,"_links":{"self":[{"href":"https:\/\/www.parthages.be\/eboutique\/wp-json\/wp\/v2\/product\/2919","targetHints":{"allow":["GET"]}}],"collection":[{"href":"https:\/\/www.parthages.be\/eboutique\/wp-json\/wp\/v2\/product"}],"about":[{"href":"https:\/\/www.parthages.be\/eboutique\/wp-json\/wp\/v2\/types\/product"}],"replies":[{"embeddable":true,"href":"https:\/\/www.parthages.be\/eboutique\/wp-json\/wp\/v2\/comments?post=2919"}],"wp:featuredmedia":[{"embeddable":true,"href":"https:\/\/www.parthages.be\/eboutique\/wp-json\/wp\/v2\/media\/2920"}],"wp:attachment":[{"href":"https:\/\/www.parthages.be\/eboutique\/wp-json\/wp\/v2\/media?parent=2919"}],"curies":[{"name":"wp","href":"https:\/\/api.w.org\/{rel}","templated":true}]}}