{"id":2921,"date":"2023-05-09T08:11:04","date_gmt":"2023-05-09T06:11:04","guid":{"rendered":"https:\/\/www.parthages.be\/eboutique\/?post_type=product&#038;p=2921"},"modified":"2023-09-12T11:31:06","modified_gmt":"2023-09-12T09:31:06","slug":"psychopathologie-de-ladulte-avec-deficience-intellectuelle","status":"publish","type":"product","link":"https:\/\/www.parthages.be\/eboutique\/produit\/psychopathologie-de-ladulte-avec-deficience-intellectuelle\/","title":{"rendered":"Psychopathologie de l&rsquo;adulte avec d\u00e9ficience intellectuelle"},"content":{"rendered":"<p>Les adultes avec d\u00e9ficience intellectuelle rencontrant des difficult\u00e9s psychologiques et\/ou des troubles de sant\u00e9 mentale cooccurrents (<em>double diagnostic<\/em>) sont en droit d\u2019attendre des \u00e9valuations et des traitements de sant\u00e9 mentale r\u00e9pondant \u00e0 de hauts standards de qualit\u00e9.<\/p>\n<p>Toutefois, les d\u00e9fis restent multiples et la prise en charge de ces situations cliniques n\u2019est pas toujours adapt\u00e9e. Dans cet ouvrage, Romina Rinaldi propose de guider les professionnels du secteur m\u00e9dico-social et de la sant\u00e9 mentale avec de nombreux conseils pratiques. De la pr\u00e9vention \u00e0 l\u2019intervention, en passant par les processus d\u2019objectivation des difficult\u00e9s, cet ouvrage int\u00e8gre les donn\u00e9es scientifiques les plus r\u00e9centes afin de proposer une d\u00e9marche g\u00e9n\u00e9rale d\u2019accompagnement bas\u00e9e sur les preuves. Une attention particuli\u00e8re est port\u00e9e aux diff\u00e9rents facteurs de risque et \u00e0 leurs potentielles cons\u00e9quences en vue de permettre l\u2019am\u00e9lioration de la qualit\u00e9 de vie des personnes.<\/p>\n<p>Un ouvrage scientifique et p\u00e9dagogique incontournable \u2014 pionnier en langue fran\u00e7aise \u2014 pour qui souhaite \u0153uvrer \u00e0 un meilleur accompagnement des personnes pr\u00e9sentant une d\u00e9ficience intellectuelle. (Pr\u00e9sentation de l\u2019\u00e9diteur)<\/p>\n<p>RINALDI\u00a0 R.<\/p>\n<p>Editions Mardaga<\/p>\n<p>2021- 288p.-<\/p>\n<p>400gr<\/p>\n<p>ISBN\u00a0: 978-2-80470933-4<\/p>\n<p>Cote doc\u00a0: 2-40-RIN-P<\/p>\n<span class=\"et_bloom_bottom_trigger\"><\/span>","protected":false},"excerpt":{"rendered":"<p>Les adultes avec d\u00e9ficience intellectuelle rencontrant des difficult\u00e9s psychologiques et\/ou des troubles de sant\u00e9 mentale cooccurrents (<em>double diagnostic<\/em>) sont en droit d\u2019attendre des \u00e9valuations et des traitements de sant\u00e9 mentale r\u00e9pondant \u00e0 de hauts standards de qualit\u00e9.<\/p>\n","protected":false},"featured_media":2922,"comment_status":"closed","ping_status":"closed","template":"","meta":{"_et_pb_use_builder":"","_et_pb_old_content":"","_et_gb_content_width":"","spay_email":""},"class_list":["post-2921","product","type-product","status-publish","has-post-thumbnail","hentry","product_cat-livres","product_tag-accompagnement","product_tag-adulte","product_tag-deficience-intellectuelle","product_tag-evaluation","product_tag-pedagogie","product_tag-personne-handicapee","product_tag-psychopathologie","product_tag-sante-mentale","product_tag-trouble-du-comportement"],"jetpack_sharing_enabled":true,"jetpack_likes_enabled":true,"_links":{"self":[{"href":"https:\/\/www.parthages.be\/eboutique\/wp-json\/wp\/v2\/product\/2921","targetHints":{"allow":["GET"]}}],"collection":[{"href":"https:\/\/www.parthages.be\/eboutique\/wp-json\/wp\/v2\/product"}],"about":[{"href":"https:\/\/www.parthages.be\/eboutique\/wp-json\/wp\/v2\/types\/product"}],"replies":[{"embeddable":true,"href":"https:\/\/www.parthages.be\/eboutique\/wp-json\/wp\/v2\/comments?post=2921"}],"wp:featuredmedia":[{"embeddable":true,"href":"https:\/\/www.parthages.be\/eboutique\/wp-json\/wp\/v2\/media\/2922"}],"wp:attachment":[{"href":"https:\/\/www.parthages.be\/eboutique\/wp-json\/wp\/v2\/media?parent=2921"}],"curies":[{"name":"wp","href":"https:\/\/api.w.org\/{rel}","templated":true}]}}