{"id":2924,"date":"2023-05-09T08:12:54","date_gmt":"2023-05-09T06:12:54","guid":{"rendered":"https:\/\/www.parthages.be\/eboutique\/?post_type=product&#038;p=2924"},"modified":"2023-09-12T11:31:00","modified_gmt":"2023-09-12T09:31:00","slug":"psychologie-de-la-discrimination-et-des-prejuges-de-la-theorie-a-la-pratique","status":"publish","type":"product","link":"https:\/\/www.parthages.be\/eboutique\/produit\/psychologie-de-la-discrimination-et-des-prejuges-de-la-theorie-a-la-pratique\/","title":{"rendered":"Psychologie de la discrimination et des pr\u00e9jug\u00e9s. De la th\u00e9orie \u00e0 la pratique"},"content":{"rendered":"<p><strong><em>2\u00e8me \u00e9dition <\/em><\/strong><\/p>\n<p>Racisme, sexisme, stigmatisation de la communaut\u00e9 LGBT, rejet de l\u2019immigration, traitement d\u00e9favorable r\u00e9serv\u00e9 aux personnes handicap\u00e9es ou sans emploi. Ce manuel offre un \u00e9tat des lieux riche et document\u00e9 sur les pr\u00e9jug\u00e9s et discriminations, incluant les derni\u00e8res recherches. Les auteures y analysent, dans diff\u00e9rents contextes :<\/p>\n<ul>\n<li>leurs origines<\/li>\n<li>les processus sous-jacents<\/li>\n<li>et leurs cons\u00e9quences<\/li>\n<\/ul>\n<p>Exhaustif, l\u2019ouvrage d\u00e9veloppe \u00e0 la fois les perspectives francophones et anglo-saxonnes, et offre un regard crois\u00e9 dominant\u00b7e\u00b7s\/domin\u00e9\u00b7e\u00b7s. En plus des mod\u00e8les descriptifs, il propose des pistes d\u2019action concr\u00e8tes et des moyens d\u2019agir dans une approche pr\u00e9ventive. Il constitue d\u00e8s lors un outil indispensable tant pour les \u00e9tudiant\u00b7e\u00b7s et enseignant\u00b7e\u00b7s en psychologie que pour les praticiens. (Pr\u00e9sentation de l\u2019\u00e9diteur)<\/p>\n<p><a href=\"https:\/\/www.fr.fnac.be\/ia3701935\/Klea-Faniko\"><br \/>\nFANIKO<\/a> K.,\u00a0 <a href=\"https:\/\/www.fr.fnac.be\/ia4913476\/David-Bourguignon\">BOURGUIGNON<\/a> D., <a href=\"https:\/\/www.fr.fnac.be\/ia841913\/Serge-Guimond\">\u00a0GUIMOND<\/a> S., SARRASIN O.<\/p>\n<p>Editions DE Boeck Superieur<\/p>\n<p>2022- 288p.-<\/p>\n<p>597gr<\/p>\n<p>ISBN\u00a0: 978-2-8073-3975-0.<\/p>\n<p>Cote doc\u00a0: 5-20-FAN-P<\/p>\n<span class=\"et_bloom_bottom_trigger\"><\/span>","protected":false},"excerpt":{"rendered":"<p><strong><em>2\u00e8me \u00e9dition &#8211; <\/em><\/strong>Racisme, sexisme, stigmatisation de la communaut\u00e9 LGBT, rejet de l\u2019immigration, traitement d\u00e9favorable r\u00e9serv\u00e9 aux personnes handicap\u00e9es ou sans emploi.<\/p>\n","protected":false},"featured_media":2925,"comment_status":"closed","ping_status":"closed","template":"","meta":{"_et_pb_use_builder":"","_et_pb_old_content":"","_et_gb_content_width":"","spay_email":""},"class_list":["post-2924","product","type-product","status-publish","has-post-thumbnail","hentry","product_cat-livres","product_tag-discrimination","product_tag-inclusion","product_tag-outil","product_tag-personnes-handicapee","product_tag-psychologie","product_tag-racisme","product_tag-stigmatisation"],"jetpack_sharing_enabled":true,"jetpack_likes_enabled":true,"_links":{"self":[{"href":"https:\/\/www.parthages.be\/eboutique\/wp-json\/wp\/v2\/product\/2924","targetHints":{"allow":["GET"]}}],"collection":[{"href":"https:\/\/www.parthages.be\/eboutique\/wp-json\/wp\/v2\/product"}],"about":[{"href":"https:\/\/www.parthages.be\/eboutique\/wp-json\/wp\/v2\/types\/product"}],"replies":[{"embeddable":true,"href":"https:\/\/www.parthages.be\/eboutique\/wp-json\/wp\/v2\/comments?post=2924"}],"wp:featuredmedia":[{"embeddable":true,"href":"https:\/\/www.parthages.be\/eboutique\/wp-json\/wp\/v2\/media\/2925"}],"wp:attachment":[{"href":"https:\/\/www.parthages.be\/eboutique\/wp-json\/wp\/v2\/media?parent=2924"}],"curies":[{"name":"wp","href":"https:\/\/api.w.org\/{rel}","templated":true}]}}